{"id":4579,"date":"2023-07-04T15:59:14","date_gmt":"2023-07-04T13:59:14","guid":{"rendered":"https:\/\/www.davidpurves.com\/product\/uzes\/"},"modified":"2025-05-07T13:05:37","modified_gmt":"2025-05-07T11:05:37","slug":"etole-de-mariee-uzes","status":"publish","type":"product","link":"https:\/\/www.davidpurves.com\/en\/product\/etole-de-mariee-uzes\/","title":{"rendered":"Etole de mari\u00e9e Uz\u00e8s"},"content":{"rendered":"<h2><strong>Description<\/strong><\/h2>\n<p>L&#8217;\u00e9tole Uz\u00e8s est une \u00e9tole de mari\u00e9e en mousseline de soie. L\u00e9g\u00e8re, fluide et \u00e9l\u00e9gante, elle aura couvrir ou agr\u00e9menter n&#8217;importe quelle tenue de mari\u00e9e avec \u00e9l\u00e9gance. Elle donne \u00e0 la robe de mari\u00e9e une allure raffin\u00e9e et permet de la couvrir un peu.<\/p>\n<p>L&#8217;\u00e9tole Uz\u00e8s sera parfaite pour accompagner vos soir\u00e9es fra\u00eeches ou sublimer votre robe pour un mariage d\u2019automne ou d&#8217;hiver !<\/p>\n<p>Ce ch\u00e2le apporte une touche de modernit\u00e9 et d\u2019originalit\u00e9 \u00e0 la tenue de la mari\u00e9e. Minimaliste, il habillera tous les styles de robes de mari\u00e9e. Il pourra \u00e9galement \u00eatre facilement associ\u00e9 \u00e0 d&#8217;autres accessoires comme des bijoux de t\u00eates.<\/p>\n<p>C&#8217;est une \u00e9tole de mari\u00e9e en soie bien enveloppante, qui ne cache ni la robe, ni la silhouette, et que vous pourrez porter de diff\u00e9rentes fa\u00e7ons.Vous pourrez porter cette \u00e9tole de mari\u00e9e drap\u00e9e ou d\u00e9ploy\u00e9e mais aussi nou\u00e9e ou enroul\u00e9e. Elle pourra \u00e9galement \u00eatre facilement associ\u00e9e \u00e0 d\u2019autres accessoires.<\/p>\n<p>Cette \u00e9tole est 100% made in France, confectionn\u00e9e \u00e0 la main dans notre atelier parisien. Sa fabrication fran\u00e7aise garantit une qualit\u00e9 et un savoir-faire exceptionnels.<\/p>\n<p>Evidemment, vous pourrez reporter cette magnifique \u00e9tole apr\u00e8s le mariage, avec un jean brut ou une robe, en toutes saisons.\u00a0Elle est \u00e9galement parfaite pour toutes autres c\u00e9r\u00e9monies.<\/p>\n<h3><strong>Dimensions et d\u00e9tails<\/strong><\/h3>\n<p>Les dimensions de l&#8217;\u00e9tole sont 1,5 m\u00e8tres de longueur par 2 m\u00e8tres de largeur.<\/p>\n<p>Sa composition : 100% mousseline de soie.<\/p>\n<h3><strong>Personnalisation<\/strong><\/h3>\n<p>Aussi, n\u2019h\u00e9sitez pas \u00e0 nous contacter pour plus d\u2019informations sur la personnalisation de votre \u00e9tole. Nous pouvons le confectionner en diff\u00e9rentes tailles, ou bien la broder avec vos initiales et celles de votre mari. Nous l\u2019adaptons volontiers.<\/p>\n<p>&nbsp;<\/p>\n<p>Pour en savoir plus sur nos choix de mati\u00e8res, rendez-vous sur\u00a0<a href=\"https:\/\/www.davidpurves.com\/en\/maison-de-robes-de-mariee-couture-david-purves-paris\/\" target=\"_blank\" rel=\"noopener noreferrer\">nos engagements<\/a>.<br \/>\nD\u00e9couvrez cette \u00e9tole port\u00e9e par <a href=\"https:\/\/www.instagram.com\/david_purves\/\" target=\"_blank\" rel=\"noopener noreferrer\">nos mari\u00e9es<\/a>\u00a0!<br \/>\nD\u00e9couvrez nos autres\u00a0<a href=\"https:\/\/www.davidpurves.com\/en\/voiles\/\" target=\"_blank\" rel=\"noopener noreferrer\">voiles<\/a>\u00a0et\u00a0<a href=\"https:\/\/www.davidpurves.com\/en\/voiles\/\" target=\"_blank\" rel=\"noopener noreferrer\">accessoires<\/a>.<\/p>\n<p>&nbsp;<\/p>\n<p>\ud83c\udf0e We ship worldwide, don\u2019t hesitate to drop us an email if you have any questions<\/p>\n","protected":false},"excerpt":{"rendered":"<p>Description L&#8217;\u00e9tole Uz\u00e8s est une \u00e9tole de mari\u00e9e en mousseline de soie. L\u00e9g\u00e8re, fluide et \u00e9l\u00e9gante, elle aura couvrir ou agr\u00e9menter n&#8217;importe quelle tenue de mari\u00e9e avec \u00e9l\u00e9gance. Elle donne \u00e0 la robe de mari\u00e9e une allure raffin\u00e9e et permet de la couvrir un peu. L&#8217;\u00e9tole Uz\u00e8s sera parfaite pour accompagner vos soir\u00e9es fra\u00eeches ou [&#8230;]\n","protected":false},"featured_media":4914,"template":"","meta":[],"product_brand":[],"product_cat":[91],"product_tag":[],"class_list":{"0":"post-4579","1":"product","2":"type-product","3":"status-publish","4":"has-post-thumbnail","6":"product_cat-other","8":"first","9":"instock","10":"taxable","11":"shipping-taxable","12":"purchasable","13":"product-type-simple"},"yoast_head":"<!-- This site is optimized with the Yoast SEO plugin v27.5 - https:\/\/yoast.com\/product\/yoast-seo-wordpress\/ -->\n<title>Etole de mari\u00e9e Uz\u00e8s - David Purves - Cr\u00e9ateur de robe de mari\u00e9e sur mesure Paris<\/title>\n<meta name=\"description\" content=\"Etole de mari\u00e9e en mousseline de soie. L\u00e9g\u00e8re, fluide et \u00e9l\u00e9gante, elle aura couvrir ou agr\u00e9menter n\u2019importe quelle tenue de mari\u00e9e avec \u00e9l\u00e9gance.\" \/>\n<meta name=\"robots\" content=\"index, follow, max-snippet:-1, max-image-preview:large, max-video-preview:-1\" \/>\n<link rel=\"canonical\" href=\"https:\/\/www.davidpurves.com\/en\/product\/etole-de-mariee-uzes\/\" \/>\n<meta property=\"og:locale\" content=\"en_US\" \/>\n<meta property=\"og:type\" content=\"article\" \/>\n<meta property=\"og:title\" content=\"Etole de mari\u00e9e Uz\u00e8s - David Purves - Cr\u00e9ateur de robe de mari\u00e9e sur mesure Paris\" \/>\n<meta property=\"og:description\" content=\"Etole de mari\u00e9e en mousseline de soie. L\u00e9g\u00e8re, fluide et \u00e9l\u00e9gante, elle aura couvrir ou agr\u00e9menter n\u2019importe quelle tenue de mari\u00e9e avec \u00e9l\u00e9gance.\" \/>\n<meta property=\"og:url\" content=\"https:\/\/www.davidpurves.com\/en\/product\/etole-de-mariee-uzes\/\" \/>\n<meta property=\"og:site_name\" content=\"David Purves - Cr\u00e9ateur de robe de mari\u00e9e sur mesure Paris\" \/>\n<meta property=\"article:publisher\" content=\"https:\/\/www.facebook.com\/david.purves.524\/\" \/>\n<meta property=\"article:modified_time\" content=\"2025-05-07T11:05:37+00:00\" \/>\n<meta property=\"og:image\" content=\"https:\/\/www.davidpurves.com\/wp-content\/uploads\/2023\/07\/etole-mariee-soie-uzes-2-scaled.jpg\" \/>\n\t<meta property=\"og:image:width\" content=\"1707\" \/>\n\t<meta property=\"og:image:height\" content=\"2560\" \/>\n\t<meta property=\"og:image:type\" content=\"image\/jpeg\" \/>\n<meta name=\"twitter:card\" content=\"summary_large_image\" \/>\n<meta name=\"twitter:label1\" content=\"Est. reading time\" \/>\n\t<meta name=\"twitter:data1\" content=\"2 minutes\" \/>\n<script type=\"application\/ld+json\" class=\"yoast-schema-graph\">{\"@context\":\"https:\\\/\\\/schema.org\",\"@graph\":[{\"@type\":\"WebPage\",\"@id\":\"https:\\\/\\\/www.davidpurves.com\\\/en\\\/product\\\/etole-de-mariee-uzes\\\/\",\"url\":\"https:\\\/\\\/www.davidpurves.com\\\/en\\\/product\\\/etole-de-mariee-uzes\\\/\",\"name\":\"Etole de mari\u00e9e Uz\u00e8s - David Purves - Cr\u00e9ateur de robe de mari\u00e9e sur mesure Paris\",\"isPartOf\":{\"@id\":\"https:\\\/\\\/www.davidpurves.com\\\/en\\\/#website\"},\"primaryImageOfPage\":{\"@id\":\"https:\\\/\\\/www.davidpurves.com\\\/en\\\/product\\\/etole-de-mariee-uzes\\\/#primaryimage\"},\"image\":{\"@id\":\"https:\\\/\\\/www.davidpurves.com\\\/en\\\/product\\\/etole-de-mariee-uzes\\\/#primaryimage\"},\"thumbnailUrl\":\"https:\\\/\\\/i0.wp.com\\\/www.davidpurves.com\\\/wp-content\\\/uploads\\\/2023\\\/07\\\/etole-mariee-soie-uzes-2-scaled.jpg?fit=1707%2C2560&ssl=1\",\"datePublished\":\"2023-07-04T13:59:14+00:00\",\"dateModified\":\"2025-05-07T11:05:37+00:00\",\"description\":\"Etole de mari\u00e9e en mousseline de soie. L\u00e9g\u00e8re, fluide et \u00e9l\u00e9gante, elle aura couvrir ou agr\u00e9menter n\u2019importe quelle tenue de mari\u00e9e avec \u00e9l\u00e9gance.\",\"breadcrumb\":{\"@id\":\"https:\\\/\\\/www.davidpurves.com\\\/en\\\/product\\\/etole-de-mariee-uzes\\\/#breadcrumb\"},\"inLanguage\":\"en-US\",\"potentialAction\":[{\"@type\":\"ReadAction\",\"target\":[\"https:\\\/\\\/www.davidpurves.com\\\/en\\\/product\\\/etole-de-mariee-uzes\\\/\"]}]},{\"@type\":\"ImageObject\",\"inLanguage\":\"en-US\",\"@id\":\"https:\\\/\\\/www.davidpurves.com\\\/en\\\/product\\\/etole-de-mariee-uzes\\\/#primaryimage\",\"url\":\"https:\\\/\\\/i0.wp.com\\\/www.davidpurves.com\\\/wp-content\\\/uploads\\\/2023\\\/07\\\/etole-mariee-soie-uzes-2-scaled.jpg?fit=1707%2C2560&ssl=1\",\"contentUrl\":\"https:\\\/\\\/i0.wp.com\\\/www.davidpurves.com\\\/wp-content\\\/uploads\\\/2023\\\/07\\\/etole-mariee-soie-uzes-2-scaled.jpg?fit=1707%2C2560&ssl=1\",\"width\":1707,\"height\":2560},{\"@type\":\"BreadcrumbList\",\"@id\":\"https:\\\/\\\/www.davidpurves.com\\\/en\\\/product\\\/etole-de-mariee-uzes\\\/#breadcrumb\",\"itemListElement\":[{\"@type\":\"ListItem\",\"position\":1,\"name\":\"Accueil\",\"item\":\"https:\\\/\\\/www.davidpurves.com\\\/en\\\/\"},{\"@type\":\"ListItem\",\"position\":2,\"name\":\"Shop\",\"item\":\"https:\\\/\\\/www.davidpurves.com\\\/shop\\\/\"},{\"@type\":\"ListItem\",\"position\":3,\"name\":\"Etole de mari\u00e9e Uz\u00e8s\"}]},{\"@type\":\"WebSite\",\"@id\":\"https:\\\/\\\/www.davidpurves.com\\\/en\\\/#website\",\"url\":\"https:\\\/\\\/www.davidpurves.com\\\/en\\\/\",\"name\":\"David Purves - Cr\u00e9ateur de robe de mari\u00e9e sur mesure Paris\",\"description\":\"\",\"publisher\":{\"@id\":\"https:\\\/\\\/www.davidpurves.com\\\/en\\\/#organization\"},\"potentialAction\":[{\"@type\":\"SearchAction\",\"target\":{\"@type\":\"EntryPoint\",\"urlTemplate\":\"https:\\\/\\\/www.davidpurves.com\\\/en\\\/?s={search_term_string}\"},\"query-input\":{\"@type\":\"PropertyValueSpecification\",\"valueRequired\":true,\"valueName\":\"search_term_string\"}}],\"inLanguage\":\"en-US\"},{\"@type\":\"Organization\",\"@id\":\"https:\\\/\\\/www.davidpurves.com\\\/en\\\/#organization\",\"name\":\"David Purves - Cr\u00e9ateur de robe de mari\u00e9e sur mesure Paris\",\"url\":\"https:\\\/\\\/www.davidpurves.com\\\/en\\\/\",\"logo\":{\"@type\":\"ImageObject\",\"inLanguage\":\"en-US\",\"@id\":\"https:\\\/\\\/www.davidpurves.com\\\/en\\\/#\\\/schema\\\/logo\\\/image\\\/\",\"url\":\"https:\\\/\\\/i0.wp.com\\\/www.davidpurves.com\\\/wp-content\\\/uploads\\\/2023\\\/06\\\/Header_2.png?fit=480%2C99&ssl=1\",\"contentUrl\":\"https:\\\/\\\/i0.wp.com\\\/www.davidpurves.com\\\/wp-content\\\/uploads\\\/2023\\\/06\\\/Header_2.png?fit=480%2C99&ssl=1\",\"width\":480,\"height\":99,\"caption\":\"David Purves - Cr\u00e9ateur de robe de mari\u00e9e sur mesure Paris\"},\"image\":{\"@id\":\"https:\\\/\\\/www.davidpurves.com\\\/en\\\/#\\\/schema\\\/logo\\\/image\\\/\"},\"sameAs\":[\"https:\\\/\\\/www.facebook.com\\\/david.purves.524\\\/\",\"https:\\\/\\\/www.instagram.com\\\/david_purves\\\/?hl=fr\"]}]}<\/script>\n<!-- \/ Yoast SEO plugin. -->","yoast_head_json":{"title":"Etole de mari\u00e9e Uz\u00e8s - David Purves - Cr\u00e9ateur de robe de mari\u00e9e sur mesure Paris","description":"Etole de mari\u00e9e en mousseline de soie. L\u00e9g\u00e8re, fluide et \u00e9l\u00e9gante, elle aura couvrir ou agr\u00e9menter n\u2019importe quelle tenue de mari\u00e9e avec \u00e9l\u00e9gance.","robots":{"index":"index","follow":"follow","max-snippet":"max-snippet:-1","max-image-preview":"max-image-preview:large","max-video-preview":"max-video-preview:-1"},"canonical":"https:\/\/www.davidpurves.com\/en\/product\/etole-de-mariee-uzes\/","og_locale":"en_US","og_type":"article","og_title":"Etole de mari\u00e9e Uz\u00e8s - David Purves - Cr\u00e9ateur de robe de mari\u00e9e sur mesure Paris","og_description":"Etole de mari\u00e9e en mousseline de soie. L\u00e9g\u00e8re, fluide et \u00e9l\u00e9gante, elle aura couvrir ou agr\u00e9menter n\u2019importe quelle tenue de mari\u00e9e avec \u00e9l\u00e9gance.","og_url":"https:\/\/www.davidpurves.com\/en\/product\/etole-de-mariee-uzes\/","og_site_name":"David Purves - Cr\u00e9ateur de robe de mari\u00e9e sur mesure Paris","article_publisher":"https:\/\/www.facebook.com\/david.purves.524\/","article_modified_time":"2025-05-07T11:05:37+00:00","og_image":[{"width":1707,"height":2560,"url":"https:\/\/www.davidpurves.com\/wp-content\/uploads\/2023\/07\/etole-mariee-soie-uzes-2-scaled.jpg","type":"image\/jpeg"}],"twitter_card":"summary_large_image","twitter_misc":{"Est. reading time":"2 minutes"},"schema":{"@context":"https:\/\/schema.org","@graph":[{"@type":"WebPage","@id":"https:\/\/www.davidpurves.com\/en\/product\/etole-de-mariee-uzes\/","url":"https:\/\/www.davidpurves.com\/en\/product\/etole-de-mariee-uzes\/","name":"Etole de mari\u00e9e Uz\u00e8s - David Purves - Cr\u00e9ateur de robe de mari\u00e9e sur mesure Paris","isPartOf":{"@id":"https:\/\/www.davidpurves.com\/en\/#website"},"primaryImageOfPage":{"@id":"https:\/\/www.davidpurves.com\/en\/product\/etole-de-mariee-uzes\/#primaryimage"},"image":{"@id":"https:\/\/www.davidpurves.com\/en\/product\/etole-de-mariee-uzes\/#primaryimage"},"thumbnailUrl":"https:\/\/i0.wp.com\/www.davidpurves.com\/wp-content\/uploads\/2023\/07\/etole-mariee-soie-uzes-2-scaled.jpg?fit=1707%2C2560&ssl=1","datePublished":"2023-07-04T13:59:14+00:00","dateModified":"2025-05-07T11:05:37+00:00","description":"Etole de mari\u00e9e en mousseline de soie. L\u00e9g\u00e8re, fluide et \u00e9l\u00e9gante, elle aura couvrir ou agr\u00e9menter n\u2019importe quelle tenue de mari\u00e9e avec \u00e9l\u00e9gance.","breadcrumb":{"@id":"https:\/\/www.davidpurves.com\/en\/product\/etole-de-mariee-uzes\/#breadcrumb"},"inLanguage":"en-US","potentialAction":[{"@type":"ReadAction","target":["https:\/\/www.davidpurves.com\/en\/product\/etole-de-mariee-uzes\/"]}]},{"@type":"ImageObject","inLanguage":"en-US","@id":"https:\/\/www.davidpurves.com\/en\/product\/etole-de-mariee-uzes\/#primaryimage","url":"https:\/\/i0.wp.com\/www.davidpurves.com\/wp-content\/uploads\/2023\/07\/etole-mariee-soie-uzes-2-scaled.jpg?fit=1707%2C2560&ssl=1","contentUrl":"https:\/\/i0.wp.com\/www.davidpurves.com\/wp-content\/uploads\/2023\/07\/etole-mariee-soie-uzes-2-scaled.jpg?fit=1707%2C2560&ssl=1","width":1707,"height":2560},{"@type":"BreadcrumbList","@id":"https:\/\/www.davidpurves.com\/en\/product\/etole-de-mariee-uzes\/#breadcrumb","itemListElement":[{"@type":"ListItem","position":1,"name":"Accueil","item":"https:\/\/www.davidpurves.com\/en\/"},{"@type":"ListItem","position":2,"name":"Shop","item":"https:\/\/www.davidpurves.com\/shop\/"},{"@type":"ListItem","position":3,"name":"Etole de mari\u00e9e Uz\u00e8s"}]},{"@type":"WebSite","@id":"https:\/\/www.davidpurves.com\/en\/#website","url":"https:\/\/www.davidpurves.com\/en\/","name":"David Purves - Cr\u00e9ateur de robe de mari\u00e9e sur mesure Paris","description":"","publisher":{"@id":"https:\/\/www.davidpurves.com\/en\/#organization"},"potentialAction":[{"@type":"SearchAction","target":{"@type":"EntryPoint","urlTemplate":"https:\/\/www.davidpurves.com\/en\/?s={search_term_string}"},"query-input":{"@type":"PropertyValueSpecification","valueRequired":true,"valueName":"search_term_string"}}],"inLanguage":"en-US"},{"@type":"Organization","@id":"https:\/\/www.davidpurves.com\/en\/#organization","name":"David Purves - Cr\u00e9ateur de robe de mari\u00e9e sur mesure Paris","url":"https:\/\/www.davidpurves.com\/en\/","logo":{"@type":"ImageObject","inLanguage":"en-US","@id":"https:\/\/www.davidpurves.com\/en\/#\/schema\/logo\/image\/","url":"https:\/\/i0.wp.com\/www.davidpurves.com\/wp-content\/uploads\/2023\/06\/Header_2.png?fit=480%2C99&ssl=1","contentUrl":"https:\/\/i0.wp.com\/www.davidpurves.com\/wp-content\/uploads\/2023\/06\/Header_2.png?fit=480%2C99&ssl=1","width":480,"height":99,"caption":"David Purves - Cr\u00e9ateur de robe de mari\u00e9e sur mesure Paris"},"image":{"@id":"https:\/\/www.davidpurves.com\/en\/#\/schema\/logo\/image\/"},"sameAs":["https:\/\/www.facebook.com\/david.purves.524\/","https:\/\/www.instagram.com\/david_purves\/?hl=fr"]}]}},"jetpack_sharing_enabled":true,"_links":{"self":[{"href":"https:\/\/www.davidpurves.com\/en\/wp-json\/wp\/v2\/product\/4579","targetHints":{"allow":["GET"]}}],"collection":[{"href":"https:\/\/www.davidpurves.com\/en\/wp-json\/wp\/v2\/product"}],"about":[{"href":"https:\/\/www.davidpurves.com\/en\/wp-json\/wp\/v2\/types\/product"}],"wp:featuredmedia":[{"embeddable":true,"href":"https:\/\/www.davidpurves.com\/en\/wp-json\/wp\/v2\/media\/4914"}],"wp:attachment":[{"href":"https:\/\/www.davidpurves.com\/en\/wp-json\/wp\/v2\/media?parent=4579"}],"wp:term":[{"taxonomy":"product_brand","embeddable":true,"href":"https:\/\/www.davidpurves.com\/en\/wp-json\/wp\/v2\/product_brand?post=4579"},{"taxonomy":"product_cat","embeddable":true,"href":"https:\/\/www.davidpurves.com\/en\/wp-json\/wp\/v2\/product_cat?post=4579"},{"taxonomy":"product_tag","embeddable":true,"href":"https:\/\/www.davidpurves.com\/en\/wp-json\/wp\/v2\/product_tag?post=4579"}],"curies":[{"name":"wp","href":"https:\/\/api.w.org\/{rel}","templated":true}]}}