{"id":8778,"date":"2024-11-19T10:32:59","date_gmt":"2024-11-19T09:32:59","guid":{"rendered":"https:\/\/www.davidpurves.com\/collections\/shop-demos\/grace-wedding-dress\/"},"modified":"2025-04-06T10:53:52","modified_gmt":"2025-04-06T08:53:52","slug":"grace-wedding-dress","status":"publish","type":"page","link":"https:\/\/www.davidpurves.com\/en\/collections\/shop-demos\/grace-wedding-dress\/","title":{"rendered":"Grace wedding dress"},"content":{"rendered":"\n  <div id=\"page-header-483498500\" class=\"page-header-wrapper\">\n  <div class=\"page-title light simple-title\">\n\n    \n    <div class=\"page-title-inner container align-top flex-row medium-flex-wrap row-reverse\" >\n            <div class=\"title-content flex-col flex-left text-left medium-text-center\">\n        <div class=\"title-breadcrumbs pb-half pt-half\"><nav class=\"woocommerce-breadcrumb breadcrumbs \" aria-label=\"Breadcrumb\">Home<\/nav><\/div>      <\/div>\n    <\/div>\n\n     \n<style>\n#page-header-483498500 .page-title-inner {\n  min-height: 0px;\n}\n#page-header-483498500 .title-overlay {\n  background-color: rgb(255, 255, 255);\n}\n<\/style>\n  <\/div>\n    <\/div>\n  \n\n\n  \n    <div class=\"row large-columns-3 medium-columns- small-columns-2 row-xsmall row-full-width slider row-slider slider-nav-circle slider-nav-light slider-nav-push\"  data-flickity-options='{&quot;imagesLoaded&quot;: true, &quot;groupCells&quot;: &quot;100%&quot;, &quot;dragThreshold&quot; : 5, &quot;cellAlign&quot;: &quot;left&quot;,&quot;wrapAround&quot;: true,&quot;prevNextButtons&quot;: true,&quot;percentPosition&quot;: true,&quot;pageDots&quot;: false, &quot;rightToLeft&quot;: false, &quot;autoPlay&quot; : false}' >\n\n  <div class=\"gallery-col col\" >\n          <div class=\"col-inner\">\n            <a class=\"image-lightbox lightbox-gallery\" href=\"https:\/\/i0.wp.com\/www.davidpurves.com\/wp-content\/uploads\/2024\/11\/robe-de-mariee-bustier-corset-grace-1.png?ssl=1\" title=\"\">            <div class=\"box has-hover gallery-box box-normal\">\n              <div class=\"box-image\" >\n                <img data-recalc-dims=\"1\" loading=\"lazy\" decoding=\"async\" width=\"1020\" height=\"1839\" src=\"https:\/\/i0.wp.com\/www.davidpurves.com\/wp-content\/uploads\/2024\/11\/robe-de-mariee-bustier-corset-grace-1.png?resize=1020%2C1839&#038;ssl=1\" class=\"attachment-original size-original\" alt=\"D\u00e9tail d&#039;une robe de mari\u00e9e bustier longue en cr\u00eape de soie fluide, photographi\u00e9e sur un mannequin stockman de face devant un fond en tissu en toile de coton\" ids=\"6975,6977,6979\" style=\"normal\" lightbox_image_size=\"original\" type=\"slider\" col_spacing=\"xsmall\" columns=\"3\" slider_nav_style=\"circle\" slider_nav_color=\"light\" image_size=\"original\" \/>                                                              <\/div>\n              <div class=\"box-text text-left\" >\n                 <p><\/p>\n              <\/div>\n            <\/div>\n            <\/a>          <\/div>\n         <\/div><div class=\"gallery-col col\" >\n          <div class=\"col-inner\">\n            <a class=\"image-lightbox lightbox-gallery\" href=\"https:\/\/i0.wp.com\/www.davidpurves.com\/wp-content\/uploads\/2024\/11\/robe-de-mariee-bustier-corset-grace-2.png?ssl=1\" title=\"\">            <div class=\"box has-hover gallery-box box-normal\">\n              <div class=\"box-image\" >\n                <img data-recalc-dims=\"1\" loading=\"lazy\" decoding=\"async\" width=\"1020\" height=\"1839\" src=\"https:\/\/i0.wp.com\/www.davidpurves.com\/wp-content\/uploads\/2024\/11\/robe-de-mariee-bustier-corset-grace-2.png?resize=1020%2C1839&#038;ssl=1\" class=\"attachment-original size-original\" alt=\"D\u00e9tail du buste d&#039;une robe de mari\u00e9e bustier corset sans manches en cr\u00eape de soie fluide, photographi\u00e9e sur un mannequin stockman de face\" ids=\"6975,6977,6979\" style=\"normal\" lightbox_image_size=\"original\" type=\"slider\" col_spacing=\"xsmall\" columns=\"3\" slider_nav_style=\"circle\" slider_nav_color=\"light\" image_size=\"original\" \/>                                                              <\/div>\n              <div class=\"box-text text-left\" >\n                 <p><\/p>\n              <\/div>\n            <\/div>\n            <\/a>          <\/div>\n         <\/div><div class=\"gallery-col col\" >\n          <div class=\"col-inner\">\n            <a class=\"image-lightbox lightbox-gallery\" href=\"https:\/\/i0.wp.com\/www.davidpurves.com\/wp-content\/uploads\/2024\/11\/robe-de-mariee-bustier-corset-grace-3.png?ssl=1\" title=\"\">            <div class=\"box has-hover gallery-box box-normal\">\n              <div class=\"box-image\" >\n                <img data-recalc-dims=\"1\" loading=\"lazy\" decoding=\"async\" width=\"1020\" height=\"1839\" src=\"https:\/\/i0.wp.com\/www.davidpurves.com\/wp-content\/uploads\/2024\/11\/robe-de-mariee-bustier-corset-grace-3.png?resize=1020%2C1839&#038;ssl=1\" class=\"attachment-original size-original\" alt=\"D\u00e9tail du buste d&#039;une robe de mari\u00e9e bustier longue en cr\u00eape de soie fluide, photographi\u00e9e sur un mannequin stockman de face\" ids=\"6975,6977,6979\" style=\"normal\" lightbox_image_size=\"original\" type=\"slider\" col_spacing=\"xsmall\" columns=\"3\" slider_nav_style=\"circle\" slider_nav_color=\"light\" image_size=\"original\" \/>                                                              <\/div>\n              <div class=\"box-text text-left\" >\n                 <p><\/p>\n              <\/div>\n            <\/div>\n            <\/a>          <\/div>\n         <\/div><\/div>\n\n<div class=\"row\"  id=\"row-1630984241\">\n\n\n\t<div id=\"col-1482387862\" class=\"col medium-10 small-12 large-10\"  >\n\t\t\t\t<div class=\"col-inner\"  >\n\t\t\t\n\t\t\t\n\n\t<div id=\"text-2554509855\" class=\"text\">\n\t\t\n\n<h1>Grace wedding dress<\/h1>\n\t\t\n<style>\n#text-2554509855 {\n  text-align: center;\n}\n<\/style>\n\t<\/div>\n\t\n\t<div id=\"text-3097316154\" class=\"text\">\n\t\t\n\n<h2 class=\"thin-font\">Strapless flowing wedding dress in silk crepe<\/h2>\n\t\t\n<style>\n#text-3097316154 {\n  font-size: 0.75rem;\n  text-align: center;\n}\n<\/style>\n\t<\/div>\n\t\n\t<div id=\"gap-283941505\" class=\"gap-element clearfix\" style=\"display:block; height:auto;\">\n\t\t\n<style>\n#gap-283941505 {\n  padding-top: 30px;\n}\n<\/style>\n\t<\/div>\n\t\n\n<div id=\"col-263569094\" class=\"col medium-10 small-12 large-10\">\n<div class=\"col-inner\">\n<p class=\"p1\">The Grace gown is a flowing strapless wedding dress, a sleek, feminine silhouette in flowing silk crepe. This modern creation highlights the bride&#8217;s shoulders and d\u00e9collet\u00e9. It features a structured top that lends itself to all body types, emphasizing the waist and offering magnificent d\u00e9collet\u00e9. We chose a luminous, flowing silk crepe fabric for its ability to create refined, slender silhouettes.&nbsp;<\/p>\n<p class=\"p1\">This model is appreciated for its ability to offer a perfect balance between allure, support and comfort.<span class=\"Apple-converted-space\"> It allows the<\/span> bride to feel both free and well supported for dancing. In fact, the corsets integrated into strapless wedding dresses adapt harmoniously to curves without compromising freedom of movement.<\/p>\n<p class=\"p1\">However, to ensure an ideal fit and optimum comfort, a corset must be custom-made. As each silhouette is unique, a standard design may not offer the support you expect, or may be uncomfortable. The creation of a corset requires specific know-how, meticulous work on the fit and the choice of suitable materials, in order to obtain an outfit that perfectly hugs the body and sublimates the bride with elegance and precision.<\/p>\n<p class=\"p1\">Our workshop allows you to personalize this dress according to your desires. With made-to-measure, you can choose between different types of neckline: straight, heart-shaped or plunging. The materials are not to be outdone, and we can adapt them to your preferences. Options include silk satin, silk mikado and silk taffeta. Each creation becomes a unique model, made to enhance your silhouette and perfectly reflect your personal style.<\/p>\n<p><em>All our dresses are individually made to order in our Paris workshop.<\/em><\/p>\n<p>Find out more about our world, our <a href=\"https:\/\/www.davidpurves.com\/en\/robes-de-mariee-uniques-sur-mesure\/\">expertise<\/a> and our wedding dresses on our <a href=\"https:\/\/www.instagram.com\/david_purves\/\">Instagram account .<\/a><\/p>\n<\/div>\n<\/div>\n\n\t\t<\/div>\n\t\t\t\t\t<\/div>\n\n\t\n\n\t<div id=\"col-1797969664\" class=\"col medium-2 small-12 large-2\"  >\n\t\t\t\t<div class=\"col-inner\"  >\n\t\t\t\n\t\t\t\n\n<div class=\"social-icons share-icons share-row relative full-width text-center\" style=\"font-size:64%\"><a href=\"whatsapp:\/\/send?text=Grace%20wedding%20dress - https:\/\/www.davidpurves.com\/en\/collections\/shop-demos\/grace-wedding-dress\/\" data-action=\"share\/whatsapp\/share\" class=\"icon button circle is-outline tooltip whatsapp show-for-medium\" title=\"Share on WhatsApp\" aria-label=\"Share on WhatsApp\"><i class=\"icon-whatsapp\" aria-hidden=\"true\"><\/i><\/a><a href=\"https:\/\/www.facebook.com\/sharer.php?u=https:\/\/www.davidpurves.com\/en\/collections\/shop-demos\/grace-wedding-dress\/\" data-label=\"Facebook\" onclick=\"window.open(this.href,this.title,'width=500,height=500,top=300px,left=300px'); return false;\" target=\"_blank\" class=\"icon button circle is-outline tooltip facebook\" title=\"Share on Facebook\" aria-label=\"Share on Facebook\" rel=\"noopener nofollow\"><i class=\"icon-facebook\" aria-hidden=\"true\"><\/i><\/a><a href=\"mailto:?subject=Grace%20wedding%20dress&body=Check%20this%20out%3A%20https%3A%2F%2Fwww.davidpurves.com%2Fen%2Fcollections%2Fshop-demos%2Fgrace-wedding-dress%2F\" class=\"icon button circle is-outline tooltip email\" title=\"Email to a Friend\" aria-label=\"Email to a Friend\" rel=\"nofollow\"><i class=\"icon-envelop\" aria-hidden=\"true\"><\/i><\/a><a href=\"https:\/\/pinterest.com\/pin\/create\/button?url=https:\/\/www.davidpurves.com\/en\/collections\/shop-demos\/grace-wedding-dress\/&media=https:\/\/i0.wp.com\/www.davidpurves.com\/wp-content\/uploads\/2024\/11\/robe-de-mariee-bustier-corset-grace-1.png?fit=444%2C800&ssl=1&description=Grace%20wedding%20dress\" onclick=\"window.open(this.href,this.title,'width=500,height=500,top=300px,left=300px'); return false;\" target=\"_blank\" class=\"icon button circle is-outline tooltip pinterest\" title=\"Pin on Pinterest\" aria-label=\"Pin on Pinterest\" rel=\"noopener nofollow\"><i class=\"icon-pinterest\" aria-hidden=\"true\"><\/i><\/a><\/div>\n\n\n\t\t<\/div>\n\t\t\t\t\t<\/div>\n\n\t\n\n<\/div>\n\n","protected":false},"excerpt":{"rendered":"","protected":false},"author":2,"featured_media":6976,"parent":4452,"menu_order":5,"comment_status":"closed","ping_status":"closed","template":"page-blank.php","meta":{"footnotes":""},"class_list":["post-8778","page","type-page","status-publish","has-post-thumbnail","hentry"],"yoast_head":"<!-- This site is optimized with the Yoast SEO plugin v27.5 - https:\/\/yoast.com\/product\/yoast-seo-wordpress\/ -->\n<title>Strapless wedding dress - Robe Grace en crepe de soie Paris<\/title>\n<meta name=\"description\" content=\"Discover our strapless wedding dress in flowing silk crepe, a sleek and chic silhouette for your wedding.\" \/>\n<meta name=\"robots\" content=\"index, follow, max-snippet:-1, max-image-preview:large, max-video-preview:-1\" \/>\n<link rel=\"canonical\" href=\"https:\/\/www.davidpurves.com\/en\/collections\/shop-demos\/grace-wedding-dress\/\" \/>\n<meta property=\"og:locale\" content=\"en_US\" \/>\n<meta property=\"og:type\" content=\"article\" \/>\n<meta property=\"og:title\" content=\"Strapless wedding dress - Robe Grace en crepe de soie Paris\" \/>\n<meta property=\"og:description\" content=\"Discover our strapless wedding dress in flowing silk crepe, a sleek and chic silhouette for your wedding.\" \/>\n<meta property=\"og:url\" content=\"https:\/\/www.davidpurves.com\/en\/collections\/shop-demos\/grace-wedding-dress\/\" \/>\n<meta property=\"og:site_name\" content=\"David Purves - Cr\u00e9ateur de robe de mari\u00e9e sur mesure Paris\" \/>\n<meta property=\"article:publisher\" content=\"https:\/\/www.facebook.com\/david.purves.524\/\" \/>\n<meta property=\"article:modified_time\" content=\"2025-04-06T08:53:52+00:00\" \/>\n<meta property=\"og:image\" content=\"https:\/\/www.davidpurves.com\/wp-content\/uploads\/2024\/11\/Robe-de-mariee-Grace-1-444x800.png\" \/>\n\t<meta property=\"og:image:width\" content=\"444\" \/>\n\t<meta property=\"og:image:height\" content=\"800\" \/>\n\t<meta property=\"og:image:type\" content=\"image\/png\" \/>\n<meta name=\"twitter:card\" content=\"summary_large_image\" \/>\n<meta name=\"twitter:label1\" content=\"Est. reading time\" \/>\n\t<meta name=\"twitter:data1\" content=\"2 minutes\" \/>\n<script type=\"application\/ld+json\" class=\"yoast-schema-graph\">{\"@context\":\"https:\\\/\\\/schema.org\",\"@graph\":[{\"@type\":\"WebPage\",\"@id\":\"https:\\\/\\\/www.davidpurves.com\\\/en\\\/collections\\\/shop-demos\\\/grace-wedding-dress\\\/\",\"url\":\"https:\\\/\\\/www.davidpurves.com\\\/en\\\/collections\\\/shop-demos\\\/grace-wedding-dress\\\/\",\"name\":\"Strapless wedding dress - Robe Grace en crepe de soie Paris\",\"isPartOf\":{\"@id\":\"https:\\\/\\\/www.davidpurves.com\\\/en\\\/#website\"},\"primaryImageOfPage\":{\"@id\":\"https:\\\/\\\/www.davidpurves.com\\\/en\\\/collections\\\/shop-demos\\\/grace-wedding-dress\\\/#primaryimage\"},\"image\":{\"@id\":\"https:\\\/\\\/www.davidpurves.com\\\/en\\\/collections\\\/shop-demos\\\/grace-wedding-dress\\\/#primaryimage\"},\"thumbnailUrl\":\"https:\\\/\\\/i0.wp.com\\\/www.davidpurves.com\\\/wp-content\\\/uploads\\\/2024\\\/11\\\/robe-de-mariee-bustier-corset-grace-1.png?fit=1161%2C2093&ssl=1\",\"datePublished\":\"2024-11-19T09:32:59+00:00\",\"dateModified\":\"2025-04-06T08:53:52+00:00\",\"description\":\"Discover our strapless wedding dress in flowing silk crepe, a sleek and chic silhouette for your wedding.\",\"breadcrumb\":{\"@id\":\"https:\\\/\\\/www.davidpurves.com\\\/en\\\/collections\\\/shop-demos\\\/grace-wedding-dress\\\/#breadcrumb\"},\"inLanguage\":\"en-US\",\"potentialAction\":[{\"@type\":\"ReadAction\",\"target\":[\"https:\\\/\\\/www.davidpurves.com\\\/en\\\/collections\\\/shop-demos\\\/grace-wedding-dress\\\/\"]}]},{\"@type\":\"ImageObject\",\"inLanguage\":\"en-US\",\"@id\":\"https:\\\/\\\/www.davidpurves.com\\\/en\\\/collections\\\/shop-demos\\\/grace-wedding-dress\\\/#primaryimage\",\"url\":\"https:\\\/\\\/i0.wp.com\\\/www.davidpurves.com\\\/wp-content\\\/uploads\\\/2024\\\/11\\\/robe-de-mariee-bustier-corset-grace-1.png?fit=1161%2C2093&ssl=1\",\"contentUrl\":\"https:\\\/\\\/i0.wp.com\\\/www.davidpurves.com\\\/wp-content\\\/uploads\\\/2024\\\/11\\\/robe-de-mariee-bustier-corset-grace-1.png?fit=1161%2C2093&ssl=1\",\"width\":1161,\"height\":2093,\"caption\":\"D\u00e9tail d'une robe de mari\u00e9e bustier longue en cr\u00eape de soie fluide, photographi\u00e9e sur un mannequin stockman de face devant un fond en tissu en toile de coton\"},{\"@type\":\"BreadcrumbList\",\"@id\":\"https:\\\/\\\/www.davidpurves.com\\\/en\\\/collections\\\/shop-demos\\\/grace-wedding-dress\\\/#breadcrumb\",\"itemListElement\":[{\"@type\":\"ListItem\",\"position\":1,\"name\":\"Accueil\",\"item\":\"https:\\\/\\\/www.davidpurves.com\\\/en\\\/\"},{\"@type\":\"ListItem\",\"position\":2,\"name\":\"Wedding dresses\",\"item\":\"https:\\\/\\\/www.davidpurves.com\\\/en\\\/collections\\\/\"},{\"@type\":\"ListItem\",\"position\":3,\"name\":\"Collection Les Classiques\",\"item\":\"https:\\\/\\\/www.davidpurves.com\\\/en\\\/collections\\\/shop-demos\\\/\"},{\"@type\":\"ListItem\",\"position\":4,\"name\":\"Grace wedding dress\"}]},{\"@type\":\"WebSite\",\"@id\":\"https:\\\/\\\/www.davidpurves.com\\\/en\\\/#website\",\"url\":\"https:\\\/\\\/www.davidpurves.com\\\/en\\\/\",\"name\":\"David Purves - Cr\u00e9ateur de robe de mari\u00e9e sur mesure Paris\",\"description\":\"\",\"publisher\":{\"@id\":\"https:\\\/\\\/www.davidpurves.com\\\/en\\\/#organization\"},\"potentialAction\":[{\"@type\":\"SearchAction\",\"target\":{\"@type\":\"EntryPoint\",\"urlTemplate\":\"https:\\\/\\\/www.davidpurves.com\\\/en\\\/?s={search_term_string}\"},\"query-input\":{\"@type\":\"PropertyValueSpecification\",\"valueRequired\":true,\"valueName\":\"search_term_string\"}}],\"inLanguage\":\"en-US\"},{\"@type\":\"Organization\",\"@id\":\"https:\\\/\\\/www.davidpurves.com\\\/en\\\/#organization\",\"name\":\"David Purves - Cr\u00e9ateur de robe de mari\u00e9e sur mesure Paris\",\"url\":\"https:\\\/\\\/www.davidpurves.com\\\/en\\\/\",\"logo\":{\"@type\":\"ImageObject\",\"inLanguage\":\"en-US\",\"@id\":\"https:\\\/\\\/www.davidpurves.com\\\/en\\\/#\\\/schema\\\/logo\\\/image\\\/\",\"url\":\"https:\\\/\\\/i0.wp.com\\\/www.davidpurves.com\\\/wp-content\\\/uploads\\\/2023\\\/06\\\/Header_2.png?fit=480%2C99&ssl=1\",\"contentUrl\":\"https:\\\/\\\/i0.wp.com\\\/www.davidpurves.com\\\/wp-content\\\/uploads\\\/2023\\\/06\\\/Header_2.png?fit=480%2C99&ssl=1\",\"width\":480,\"height\":99,\"caption\":\"David Purves - Cr\u00e9ateur de robe de mari\u00e9e sur mesure Paris\"},\"image\":{\"@id\":\"https:\\\/\\\/www.davidpurves.com\\\/en\\\/#\\\/schema\\\/logo\\\/image\\\/\"},\"sameAs\":[\"https:\\\/\\\/www.facebook.com\\\/david.purves.524\\\/\",\"https:\\\/\\\/www.instagram.com\\\/david_purves\\\/?hl=fr\"]}]}<\/script>\n<!-- \/ Yoast SEO plugin. -->","yoast_head_json":{"title":"Strapless wedding dress - Robe Grace en crepe de soie Paris","description":"Discover our strapless wedding dress in flowing silk crepe, a sleek and chic silhouette for your wedding.","robots":{"index":"index","follow":"follow","max-snippet":"max-snippet:-1","max-image-preview":"max-image-preview:large","max-video-preview":"max-video-preview:-1"},"canonical":"https:\/\/www.davidpurves.com\/en\/collections\/shop-demos\/grace-wedding-dress\/","og_locale":"en_US","og_type":"article","og_title":"Strapless wedding dress - Robe Grace en crepe de soie Paris","og_description":"Discover our strapless wedding dress in flowing silk crepe, a sleek and chic silhouette for your wedding.","og_url":"https:\/\/www.davidpurves.com\/en\/collections\/shop-demos\/grace-wedding-dress\/","og_site_name":"David Purves - Cr\u00e9ateur de robe de mari\u00e9e sur mesure Paris","article_publisher":"https:\/\/www.facebook.com\/david.purves.524\/","article_modified_time":"2025-04-06T08:53:52+00:00","og_image":[{"width":444,"height":800,"url":"https:\/\/www.davidpurves.com\/wp-content\/uploads\/2024\/11\/Robe-de-mariee-Grace-1-444x800.png","type":"image\/png"}],"twitter_card":"summary_large_image","twitter_misc":{"Est. reading time":"2 minutes"},"schema":{"@context":"https:\/\/schema.org","@graph":[{"@type":"WebPage","@id":"https:\/\/www.davidpurves.com\/en\/collections\/shop-demos\/grace-wedding-dress\/","url":"https:\/\/www.davidpurves.com\/en\/collections\/shop-demos\/grace-wedding-dress\/","name":"Strapless wedding dress - Robe Grace en crepe de soie Paris","isPartOf":{"@id":"https:\/\/www.davidpurves.com\/en\/#website"},"primaryImageOfPage":{"@id":"https:\/\/www.davidpurves.com\/en\/collections\/shop-demos\/grace-wedding-dress\/#primaryimage"},"image":{"@id":"https:\/\/www.davidpurves.com\/en\/collections\/shop-demos\/grace-wedding-dress\/#primaryimage"},"thumbnailUrl":"https:\/\/i0.wp.com\/www.davidpurves.com\/wp-content\/uploads\/2024\/11\/robe-de-mariee-bustier-corset-grace-1.png?fit=1161%2C2093&ssl=1","datePublished":"2024-11-19T09:32:59+00:00","dateModified":"2025-04-06T08:53:52+00:00","description":"Discover our strapless wedding dress in flowing silk crepe, a sleek and chic silhouette for your wedding.","breadcrumb":{"@id":"https:\/\/www.davidpurves.com\/en\/collections\/shop-demos\/grace-wedding-dress\/#breadcrumb"},"inLanguage":"en-US","potentialAction":[{"@type":"ReadAction","target":["https:\/\/www.davidpurves.com\/en\/collections\/shop-demos\/grace-wedding-dress\/"]}]},{"@type":"ImageObject","inLanguage":"en-US","@id":"https:\/\/www.davidpurves.com\/en\/collections\/shop-demos\/grace-wedding-dress\/#primaryimage","url":"https:\/\/i0.wp.com\/www.davidpurves.com\/wp-content\/uploads\/2024\/11\/robe-de-mariee-bustier-corset-grace-1.png?fit=1161%2C2093&ssl=1","contentUrl":"https:\/\/i0.wp.com\/www.davidpurves.com\/wp-content\/uploads\/2024\/11\/robe-de-mariee-bustier-corset-grace-1.png?fit=1161%2C2093&ssl=1","width":1161,"height":2093,"caption":"D\u00e9tail d'une robe de mari\u00e9e bustier longue en cr\u00eape de soie fluide, photographi\u00e9e sur un mannequin stockman de face devant un fond en tissu en toile de coton"},{"@type":"BreadcrumbList","@id":"https:\/\/www.davidpurves.com\/en\/collections\/shop-demos\/grace-wedding-dress\/#breadcrumb","itemListElement":[{"@type":"ListItem","position":1,"name":"Accueil","item":"https:\/\/www.davidpurves.com\/en\/"},{"@type":"ListItem","position":2,"name":"Wedding dresses","item":"https:\/\/www.davidpurves.com\/en\/collections\/"},{"@type":"ListItem","position":3,"name":"Collection Les Classiques","item":"https:\/\/www.davidpurves.com\/en\/collections\/shop-demos\/"},{"@type":"ListItem","position":4,"name":"Grace wedding dress"}]},{"@type":"WebSite","@id":"https:\/\/www.davidpurves.com\/en\/#website","url":"https:\/\/www.davidpurves.com\/en\/","name":"David Purves - Cr\u00e9ateur de robe de mari\u00e9e sur mesure Paris","description":"","publisher":{"@id":"https:\/\/www.davidpurves.com\/en\/#organization"},"potentialAction":[{"@type":"SearchAction","target":{"@type":"EntryPoint","urlTemplate":"https:\/\/www.davidpurves.com\/en\/?s={search_term_string}"},"query-input":{"@type":"PropertyValueSpecification","valueRequired":true,"valueName":"search_term_string"}}],"inLanguage":"en-US"},{"@type":"Organization","@id":"https:\/\/www.davidpurves.com\/en\/#organization","name":"David Purves - Cr\u00e9ateur de robe de mari\u00e9e sur mesure Paris","url":"https:\/\/www.davidpurves.com\/en\/","logo":{"@type":"ImageObject","inLanguage":"en-US","@id":"https:\/\/www.davidpurves.com\/en\/#\/schema\/logo\/image\/","url":"https:\/\/i0.wp.com\/www.davidpurves.com\/wp-content\/uploads\/2023\/06\/Header_2.png?fit=480%2C99&ssl=1","contentUrl":"https:\/\/i0.wp.com\/www.davidpurves.com\/wp-content\/uploads\/2023\/06\/Header_2.png?fit=480%2C99&ssl=1","width":480,"height":99,"caption":"David Purves - Cr\u00e9ateur de robe de mari\u00e9e sur mesure Paris"},"image":{"@id":"https:\/\/www.davidpurves.com\/en\/#\/schema\/logo\/image\/"},"sameAs":["https:\/\/www.facebook.com\/david.purves.524\/","https:\/\/www.instagram.com\/david_purves\/?hl=fr"]}]}},"jetpack_sharing_enabled":true,"_links":{"self":[{"href":"https:\/\/www.davidpurves.com\/en\/wp-json\/wp\/v2\/pages\/8778","targetHints":{"allow":["GET"]}}],"collection":[{"href":"https:\/\/www.davidpurves.com\/en\/wp-json\/wp\/v2\/pages"}],"about":[{"href":"https:\/\/www.davidpurves.com\/en\/wp-json\/wp\/v2\/types\/page"}],"author":[{"embeddable":true,"href":"https:\/\/www.davidpurves.com\/en\/wp-json\/wp\/v2\/users\/2"}],"replies":[{"embeddable":true,"href":"https:\/\/www.davidpurves.com\/en\/wp-json\/wp\/v2\/comments?post=8778"}],"version-history":[{"count":1,"href":"https:\/\/www.davidpurves.com\/en\/wp-json\/wp\/v2\/pages\/8778\/revisions"}],"predecessor-version":[{"id":8780,"href":"https:\/\/www.davidpurves.com\/en\/wp-json\/wp\/v2\/pages\/8778\/revisions\/8780"}],"up":[{"embeddable":true,"href":"https:\/\/www.davidpurves.com\/en\/wp-json\/wp\/v2\/pages\/4452"}],"wp:featuredmedia":[{"embeddable":true,"href":"https:\/\/www.davidpurves.com\/en\/wp-json\/wp\/v2\/media\/6976"}],"wp:attachment":[{"href":"https:\/\/www.davidpurves.com\/en\/wp-json\/wp\/v2\/media?parent=8778"}],"curies":[{"name":"wp","href":"https:\/\/api.w.org\/{rel}","templated":true}]}}