{"id":8768,"date":"2025-01-08T14:39:10","date_gmt":"2025-01-08T13:39:10","guid":{"rendered":"https:\/\/www.davidpurves.com\/collections\/shop-demos\/thelma-wedding-dress\/"},"modified":"2025-04-06T10:44:32","modified_gmt":"2025-04-06T08:44:32","slug":"thelma-wedding-dress","status":"publish","type":"page","link":"https:\/\/www.davidpurves.com\/en\/collections\/shop-demos\/thelma-wedding-dress\/","title":{"rendered":"Thelma wedding dress"},"content":{"rendered":"\n  <div id=\"page-header-440905022\" class=\"page-header-wrapper\">\n  <div class=\"page-title light simple-title\">\n\n    \n    <div class=\"page-title-inner container align-top flex-row medium-flex-wrap row-reverse\" >\n            <div class=\"title-content flex-col flex-left text-left medium-text-center\">\n        <div class=\"title-breadcrumbs pb-half pt-half\"><nav class=\"woocommerce-breadcrumb breadcrumbs \" aria-label=\"Breadcrumb\">Home<\/nav><\/div>      <\/div>\n    <\/div>\n\n     \n<style>\n#page-header-440905022 .page-title-inner {\n  min-height: 0px;\n}\n#page-header-440905022 .title-overlay {\n  background-color: rgb(255, 255, 255);\n}\n<\/style>\n  <\/div>\n    <\/div>\n  \n\n\n  \n    <div class=\"row large-columns-2 medium-columns- small-columns- row-xsmall row-full-width slider row-slider slider-nav-circle slider-nav-light slider-nav-push\"  data-flickity-options='{&quot;imagesLoaded&quot;: true, &quot;groupCells&quot;: &quot;100%&quot;, &quot;dragThreshold&quot; : 5, &quot;cellAlign&quot;: &quot;left&quot;,&quot;wrapAround&quot;: true,&quot;prevNextButtons&quot;: true,&quot;percentPosition&quot;: true,&quot;pageDots&quot;: false, &quot;rightToLeft&quot;: false, &quot;autoPlay&quot; : false}' >\n\n  <div class=\"gallery-col col\" >\n          <div class=\"col-inner\">\n            <a class=\"image-lightbox lightbox-gallery\" href=\"https:\/\/i0.wp.com\/www.davidpurves.com\/wp-content\/uploads\/2025\/01\/robe-mariee-bustier-corset-thelma-4.png?ssl=1\" title=\"\">            <div class=\"box has-hover gallery-box box-normal\">\n              <div class=\"box-image\" >\n                <img data-recalc-dims=\"1\" loading=\"lazy\" decoding=\"async\" width=\"1020\" height=\"1813\" src=\"https:\/\/i0.wp.com\/www.davidpurves.com\/wp-content\/uploads\/2025\/01\/robe-mariee-bustier-corset-thelma-4.png?resize=1020%2C1813&#038;ssl=1\" class=\"attachment-original size-original\" alt=\"Robe de mari\u00e9e bustier en soie, au d\u00e9collet\u00e9 droit, taille marqu\u00e9e et jupe volumineuse, port\u00e9e par un mannequin Stockman de face.\" ids=\"7450,7448\" style=\"normal\" lightbox_image_size=\"original\" type=\"slider\" col_spacing=\"xsmall\" columns=\"2\" slider_nav_style=\"circle\" slider_nav_color=\"light\" image_size=\"original\" \/>                                                              <\/div>\n              <div class=\"box-text text-left\" >\n                 <p><\/p>\n              <\/div>\n            <\/div>\n            <\/a>          <\/div>\n         <\/div><div class=\"gallery-col col\" >\n          <div class=\"col-inner\">\n            <a class=\"image-lightbox lightbox-gallery\" href=\"https:\/\/i0.wp.com\/www.davidpurves.com\/wp-content\/uploads\/2025\/01\/robe-mariee-bustier-corset-thelma-3.png?ssl=1\" title=\"\">            <div class=\"box has-hover gallery-box box-normal\">\n              <div class=\"box-image\" >\n                <img data-recalc-dims=\"1\" loading=\"lazy\" decoding=\"async\" width=\"1020\" height=\"1813\" src=\"https:\/\/i0.wp.com\/www.davidpurves.com\/wp-content\/uploads\/2025\/01\/robe-mariee-bustier-corset-thelma-3.png?resize=1020%2C1813&#038;ssl=1\" class=\"attachment-original size-original\" alt=\"Robe de mari\u00e9e bustier en soie, au d\u00e9collet\u00e9 droit, taille marqu\u00e9e et jupe volumineuse, port\u00e9e par un mannequin Stockman de trois quarts.\" ids=\"7450,7448\" style=\"normal\" lightbox_image_size=\"original\" type=\"slider\" col_spacing=\"xsmall\" columns=\"2\" slider_nav_style=\"circle\" slider_nav_color=\"light\" image_size=\"original\" \/>                                                              <\/div>\n              <div class=\"box-text text-left\" >\n                 <p><\/p>\n              <\/div>\n            <\/div>\n            <\/a>          <\/div>\n         <\/div><\/div>\n\n<div class=\"row\"  id=\"row-873811707\">\n\n\n\t<div id=\"col-666178053\" class=\"col medium-10 small-12 large-10\"  >\n\t\t\t\t<div class=\"col-inner\"  >\n\t\t\t\n\t\t\t\n\n\t<div id=\"text-1208173740\" class=\"text\">\n\t\t\n\n<h1>Thelma wedding dress<\/h1>\n\t\t\n<style>\n#text-1208173740 {\n  text-align: center;\n}\n<\/style>\n\t<\/div>\n\t\n\t<div id=\"text-4112288329\" class=\"text\">\n\t\t\n\n<h2 class=\"thin-font\">Strapless silk wedding dress<\/h2>\n\t\t\n<style>\n#text-4112288329 {\n  font-size: 0.75rem;\n  text-align: center;\n}\n<\/style>\n\t<\/div>\n\t\n<p class=\"p1\">The Thelma dress is a long, strapless silk wedding gown inspired by the 50s, a retro, feminine silhouette. Crafted in mikado and silk taffeta, it combines structure and fluidity.<\/p>\n<p data-start=\"408\" data-end=\"867\">Its subtly fitted <strong data-start=\"412\" data-end=\"430\">corset<\/strong> sculpts the silhouette and ensures perfect support while enhancing the bust. This sleek, minimalist, straight neckline emphasizes the headline with grace. The <strong data-start=\"620\" data-end=\"638\">marked waist<\/strong> creates a cinched effect, while the <strong data-start=\"686\" data-end=\"740\">skirt, structured with delicate pleats<\/strong>, offers airy, majestic movement. This <strong data-start=\"731\" data-end=\"780\">voluminous yet perfectly controlled skirt<\/strong> combines fullness and lightness. Its fluid, but not excessive, fall guarantees a majestic yet airy look. As a result, the dress offers ideal freedom of movement, while preserving a balanced silhouette. Its wide hem adds a touch of couture and reinforces the fullness of the silhouette.<\/p>\n<p data-start=\"869\" data-end=\"1280\">Designing a sleek <strong data-start=\"883\" data-end=\"908\">strapless dress<\/strong> is an art that requires precise craftsmanship. Every seam, fold and finish is designed to strike the perfect balance between <strong data-start=\"1070\" data-end=\"1102\">simplicity and sophistication<\/strong>. So we make each creation individually in our Paris workshop, made-to-measure. This guarantees a unique wedding dress perfectly suited to each bride.<\/p>\n<p data-start=\"869\" data-end=\"1280\">Because every bride is unique, Thelma gowns can be fully customized. <strong data-start=\"1442\" data-end=\"1494\">Materials and shapes can be adjusted<\/strong> to create a piece that perfectly matches each bride&#8217;s desires. <br>For example, <strong data-start=\"1606\" data-end=\"1627\">draping<\/strong> can be added to add volume and texture. Finally, we can play with the fluidity of silk crepe or the lightness of tulle, or modify the cut of the bustier for a softer or more structured version.<\/p>\n<p><em>We make all our models to order in our <a href=\"https:\/\/www.davidpurves.com\/en\/robes-de-mariee-uniques-sur-mesure\/\">Paris workshop<\/a>.<\/em><\/p>\n<p>Discover more about our world, our expertise and our wedding dresses on our <a href=\"https:\/\/www.instagram.com\/david_purves\/\">Instagram<\/a> account.<\/p>\n\n\t\t<\/div>\n\t\t\t\t\t<\/div>\n\n\t\n\n\t<div id=\"col-1842632877\" class=\"col medium-2 small-12 large-2\"  >\n\t\t\t\t<div class=\"col-inner\"  >\n\t\t\t\n\t\t\t\n\n<div class=\"social-icons share-icons share-row relative full-width text-center\" style=\"font-size:64%\"><a href=\"whatsapp:\/\/send?text=Thelma%20wedding%20dress - https:\/\/www.davidpurves.com\/en\/collections\/shop-demos\/thelma-wedding-dress\/\" data-action=\"share\/whatsapp\/share\" class=\"icon button circle is-outline tooltip whatsapp show-for-medium\" title=\"Share on WhatsApp\" aria-label=\"Share on WhatsApp\"><i class=\"icon-whatsapp\" aria-hidden=\"true\"><\/i><\/a><a href=\"https:\/\/www.facebook.com\/sharer.php?u=https:\/\/www.davidpurves.com\/en\/collections\/shop-demos\/thelma-wedding-dress\/\" data-label=\"Facebook\" onclick=\"window.open(this.href,this.title,'width=500,height=500,top=300px,left=300px'); return false;\" target=\"_blank\" class=\"icon button circle is-outline tooltip facebook\" title=\"Share on Facebook\" aria-label=\"Share on Facebook\" rel=\"noopener nofollow\"><i class=\"icon-facebook\" aria-hidden=\"true\"><\/i><\/a><a href=\"mailto:?subject=Thelma%20wedding%20dress&body=Check%20this%20out%3A%20https%3A%2F%2Fwww.davidpurves.com%2Fen%2Fcollections%2Fshop-demos%2Fthelma-wedding-dress%2F\" class=\"icon button circle is-outline tooltip email\" title=\"Email to a Friend\" aria-label=\"Email to a Friend\" rel=\"nofollow\"><i class=\"icon-envelop\" aria-hidden=\"true\"><\/i><\/a><a href=\"https:\/\/pinterest.com\/pin\/create\/button?url=https:\/\/www.davidpurves.com\/en\/collections\/shop-demos\/thelma-wedding-dress\/&media=https:\/\/i0.wp.com\/www.davidpurves.com\/wp-content\/uploads\/2025\/11\/IMG_4734-Edit-2-scaled.jpg?fit=450%2C800&ssl=1&description=Thelma%20wedding%20dress\" onclick=\"window.open(this.href,this.title,'width=500,height=500,top=300px,left=300px'); return false;\" target=\"_blank\" class=\"icon button circle is-outline tooltip pinterest\" title=\"Pin on Pinterest\" aria-label=\"Pin on Pinterest\" rel=\"noopener nofollow\"><i class=\"icon-pinterest\" aria-hidden=\"true\"><\/i><\/a><\/div>\n\n\n\t\t<\/div>\n\t\t\t\t\t<\/div>\n\n\t\n\n<\/div>\n\t<div id=\"gap-1727390188\" class=\"gap-element clearfix\" style=\"display:block; height:auto;\">\n\t\t\n<style>\n#gap-1727390188 {\n  padding-top: 30px;\n}\n<\/style>\n\t<\/div>\n\t\n\n\n","protected":false},"excerpt":{"rendered":"","protected":false},"author":2,"featured_media":12071,"parent":4452,"menu_order":2,"comment_status":"closed","ping_status":"closed","template":"page-blank.php","meta":{"footnotes":""},"class_list":["post-8768","page","type-page","status-publish","has-post-thumbnail","hentry"],"yoast_head":"<!-- This site is optimized with the Yoast SEO plugin v27.5 - https:\/\/yoast.com\/product\/yoast-seo-wordpress\/ -->\n<title>Strapless silk wedding dress - Thelma dress - confection \u00e0 Paris<\/title>\n<meta name=\"description\" content=\"Elegant strapless wedding dress in silk. A majestic silhouette with marked waist and voluminous skirt made in Paris.\" \/>\n<meta name=\"robots\" content=\"index, follow, max-snippet:-1, max-image-preview:large, max-video-preview:-1\" \/>\n<link rel=\"canonical\" href=\"https:\/\/www.davidpurves.com\/en\/collections\/shop-demos\/thelma-wedding-dress\/\" \/>\n<meta property=\"og:locale\" content=\"en_US\" \/>\n<meta property=\"og:type\" content=\"article\" \/>\n<meta property=\"og:title\" content=\"Strapless silk wedding dress - Thelma dress - confection \u00e0 Paris\" \/>\n<meta property=\"og:description\" content=\"Elegant strapless wedding dress in silk. A majestic silhouette with marked waist and voluminous skirt made in Paris.\" \/>\n<meta property=\"og:url\" content=\"https:\/\/www.davidpurves.com\/en\/collections\/shop-demos\/thelma-wedding-dress\/\" \/>\n<meta property=\"og:site_name\" content=\"David Purves - Cr\u00e9ateur de robe de mari\u00e9e sur mesure Paris\" \/>\n<meta property=\"article:publisher\" content=\"https:\/\/www.facebook.com\/david.purves.524\/\" \/>\n<meta property=\"article:modified_time\" content=\"2025-04-06T08:44:32+00:00\" \/>\n<meta property=\"og:image\" content=\"https:\/\/www.davidpurves.com\/wp-content\/uploads\/2025\/01\/Robe-de-mariee-Thelma-1-450x800.png\" \/>\n\t<meta property=\"og:image:width\" content=\"450\" \/>\n\t<meta property=\"og:image:height\" content=\"800\" \/>\n\t<meta property=\"og:image:type\" content=\"image\/png\" \/>\n<meta name=\"twitter:card\" content=\"summary_large_image\" \/>\n<meta name=\"twitter:label1\" content=\"Est. reading time\" \/>\n\t<meta name=\"twitter:data1\" content=\"2 minutes\" \/>\n<script type=\"application\/ld+json\" class=\"yoast-schema-graph\">{\"@context\":\"https:\\\/\\\/schema.org\",\"@graph\":[{\"@type\":\"WebPage\",\"@id\":\"https:\\\/\\\/www.davidpurves.com\\\/en\\\/collections\\\/shop-demos\\\/thelma-wedding-dress\\\/\",\"url\":\"https:\\\/\\\/www.davidpurves.com\\\/en\\\/collections\\\/shop-demos\\\/thelma-wedding-dress\\\/\",\"name\":\"Strapless silk wedding dress - Thelma dress - confection \u00e0 Paris\",\"isPartOf\":{\"@id\":\"https:\\\/\\\/www.davidpurves.com\\\/en\\\/#website\"},\"primaryImageOfPage\":{\"@id\":\"https:\\\/\\\/www.davidpurves.com\\\/en\\\/collections\\\/shop-demos\\\/thelma-wedding-dress\\\/#primaryimage\"},\"image\":{\"@id\":\"https:\\\/\\\/www.davidpurves.com\\\/en\\\/collections\\\/shop-demos\\\/thelma-wedding-dress\\\/#primaryimage\"},\"thumbnailUrl\":\"https:\\\/\\\/i0.wp.com\\\/www.davidpurves.com\\\/wp-content\\\/uploads\\\/2025\\\/11\\\/IMG_4734-Edit-2-scaled.jpg?fit=1440%2C2560&ssl=1\",\"datePublished\":\"2025-01-08T13:39:10+00:00\",\"dateModified\":\"2025-04-06T08:44:32+00:00\",\"description\":\"Elegant strapless wedding dress in silk. A majestic silhouette with marked waist and voluminous skirt made in Paris.\",\"breadcrumb\":{\"@id\":\"https:\\\/\\\/www.davidpurves.com\\\/en\\\/collections\\\/shop-demos\\\/thelma-wedding-dress\\\/#breadcrumb\"},\"inLanguage\":\"en-US\",\"potentialAction\":[{\"@type\":\"ReadAction\",\"target\":[\"https:\\\/\\\/www.davidpurves.com\\\/en\\\/collections\\\/shop-demos\\\/thelma-wedding-dress\\\/\"]}]},{\"@type\":\"ImageObject\",\"inLanguage\":\"en-US\",\"@id\":\"https:\\\/\\\/www.davidpurves.com\\\/en\\\/collections\\\/shop-demos\\\/thelma-wedding-dress\\\/#primaryimage\",\"url\":\"https:\\\/\\\/i0.wp.com\\\/www.davidpurves.com\\\/wp-content\\\/uploads\\\/2025\\\/11\\\/IMG_4734-Edit-2-scaled.jpg?fit=1440%2C2560&ssl=1\",\"contentUrl\":\"https:\\\/\\\/i0.wp.com\\\/www.davidpurves.com\\\/wp-content\\\/uploads\\\/2025\\\/11\\\/IMG_4734-Edit-2-scaled.jpg?fit=1440%2C2560&ssl=1\",\"width\":1440,\"height\":2560},{\"@type\":\"BreadcrumbList\",\"@id\":\"https:\\\/\\\/www.davidpurves.com\\\/en\\\/collections\\\/shop-demos\\\/thelma-wedding-dress\\\/#breadcrumb\",\"itemListElement\":[{\"@type\":\"ListItem\",\"position\":1,\"name\":\"Accueil\",\"item\":\"https:\\\/\\\/www.davidpurves.com\\\/en\\\/\"},{\"@type\":\"ListItem\",\"position\":2,\"name\":\"Wedding dresses\",\"item\":\"https:\\\/\\\/www.davidpurves.com\\\/en\\\/collections\\\/\"},{\"@type\":\"ListItem\",\"position\":3,\"name\":\"Collection Les Classiques\",\"item\":\"https:\\\/\\\/www.davidpurves.com\\\/en\\\/collections\\\/shop-demos\\\/\"},{\"@type\":\"ListItem\",\"position\":4,\"name\":\"Thelma wedding dress\"}]},{\"@type\":\"WebSite\",\"@id\":\"https:\\\/\\\/www.davidpurves.com\\\/en\\\/#website\",\"url\":\"https:\\\/\\\/www.davidpurves.com\\\/en\\\/\",\"name\":\"David Purves - Cr\u00e9ateur de robe de mari\u00e9e sur mesure Paris\",\"description\":\"\",\"publisher\":{\"@id\":\"https:\\\/\\\/www.davidpurves.com\\\/en\\\/#organization\"},\"potentialAction\":[{\"@type\":\"SearchAction\",\"target\":{\"@type\":\"EntryPoint\",\"urlTemplate\":\"https:\\\/\\\/www.davidpurves.com\\\/en\\\/?s={search_term_string}\"},\"query-input\":{\"@type\":\"PropertyValueSpecification\",\"valueRequired\":true,\"valueName\":\"search_term_string\"}}],\"inLanguage\":\"en-US\"},{\"@type\":\"Organization\",\"@id\":\"https:\\\/\\\/www.davidpurves.com\\\/en\\\/#organization\",\"name\":\"David Purves - Cr\u00e9ateur de robe de mari\u00e9e sur mesure Paris\",\"url\":\"https:\\\/\\\/www.davidpurves.com\\\/en\\\/\",\"logo\":{\"@type\":\"ImageObject\",\"inLanguage\":\"en-US\",\"@id\":\"https:\\\/\\\/www.davidpurves.com\\\/en\\\/#\\\/schema\\\/logo\\\/image\\\/\",\"url\":\"https:\\\/\\\/i0.wp.com\\\/www.davidpurves.com\\\/wp-content\\\/uploads\\\/2023\\\/06\\\/Header_2.png?fit=480%2C99&ssl=1\",\"contentUrl\":\"https:\\\/\\\/i0.wp.com\\\/www.davidpurves.com\\\/wp-content\\\/uploads\\\/2023\\\/06\\\/Header_2.png?fit=480%2C99&ssl=1\",\"width\":480,\"height\":99,\"caption\":\"David Purves - Cr\u00e9ateur de robe de mari\u00e9e sur mesure Paris\"},\"image\":{\"@id\":\"https:\\\/\\\/www.davidpurves.com\\\/en\\\/#\\\/schema\\\/logo\\\/image\\\/\"},\"sameAs\":[\"https:\\\/\\\/www.facebook.com\\\/david.purves.524\\\/\",\"https:\\\/\\\/www.instagram.com\\\/david_purves\\\/?hl=fr\"]}]}<\/script>\n<!-- \/ Yoast SEO plugin. -->","yoast_head_json":{"title":"Strapless silk wedding dress - Thelma dress - confection \u00e0 Paris","description":"Elegant strapless wedding dress in silk. A majestic silhouette with marked waist and voluminous skirt made in Paris.","robots":{"index":"index","follow":"follow","max-snippet":"max-snippet:-1","max-image-preview":"max-image-preview:large","max-video-preview":"max-video-preview:-1"},"canonical":"https:\/\/www.davidpurves.com\/en\/collections\/shop-demos\/thelma-wedding-dress\/","og_locale":"en_US","og_type":"article","og_title":"Strapless silk wedding dress - Thelma dress - confection \u00e0 Paris","og_description":"Elegant strapless wedding dress in silk. A majestic silhouette with marked waist and voluminous skirt made in Paris.","og_url":"https:\/\/www.davidpurves.com\/en\/collections\/shop-demos\/thelma-wedding-dress\/","og_site_name":"David Purves - Cr\u00e9ateur de robe de mari\u00e9e sur mesure Paris","article_publisher":"https:\/\/www.facebook.com\/david.purves.524\/","article_modified_time":"2025-04-06T08:44:32+00:00","og_image":[{"width":450,"height":800,"url":"https:\/\/www.davidpurves.com\/wp-content\/uploads\/2025\/01\/Robe-de-mariee-Thelma-1-450x800.png","type":"image\/png"}],"twitter_card":"summary_large_image","twitter_misc":{"Est. reading time":"2 minutes"},"schema":{"@context":"https:\/\/schema.org","@graph":[{"@type":"WebPage","@id":"https:\/\/www.davidpurves.com\/en\/collections\/shop-demos\/thelma-wedding-dress\/","url":"https:\/\/www.davidpurves.com\/en\/collections\/shop-demos\/thelma-wedding-dress\/","name":"Strapless silk wedding dress - Thelma dress - confection \u00e0 Paris","isPartOf":{"@id":"https:\/\/www.davidpurves.com\/en\/#website"},"primaryImageOfPage":{"@id":"https:\/\/www.davidpurves.com\/en\/collections\/shop-demos\/thelma-wedding-dress\/#primaryimage"},"image":{"@id":"https:\/\/www.davidpurves.com\/en\/collections\/shop-demos\/thelma-wedding-dress\/#primaryimage"},"thumbnailUrl":"https:\/\/i0.wp.com\/www.davidpurves.com\/wp-content\/uploads\/2025\/11\/IMG_4734-Edit-2-scaled.jpg?fit=1440%2C2560&ssl=1","datePublished":"2025-01-08T13:39:10+00:00","dateModified":"2025-04-06T08:44:32+00:00","description":"Elegant strapless wedding dress in silk. A majestic silhouette with marked waist and voluminous skirt made in Paris.","breadcrumb":{"@id":"https:\/\/www.davidpurves.com\/en\/collections\/shop-demos\/thelma-wedding-dress\/#breadcrumb"},"inLanguage":"en-US","potentialAction":[{"@type":"ReadAction","target":["https:\/\/www.davidpurves.com\/en\/collections\/shop-demos\/thelma-wedding-dress\/"]}]},{"@type":"ImageObject","inLanguage":"en-US","@id":"https:\/\/www.davidpurves.com\/en\/collections\/shop-demos\/thelma-wedding-dress\/#primaryimage","url":"https:\/\/i0.wp.com\/www.davidpurves.com\/wp-content\/uploads\/2025\/11\/IMG_4734-Edit-2-scaled.jpg?fit=1440%2C2560&ssl=1","contentUrl":"https:\/\/i0.wp.com\/www.davidpurves.com\/wp-content\/uploads\/2025\/11\/IMG_4734-Edit-2-scaled.jpg?fit=1440%2C2560&ssl=1","width":1440,"height":2560},{"@type":"BreadcrumbList","@id":"https:\/\/www.davidpurves.com\/en\/collections\/shop-demos\/thelma-wedding-dress\/#breadcrumb","itemListElement":[{"@type":"ListItem","position":1,"name":"Accueil","item":"https:\/\/www.davidpurves.com\/en\/"},{"@type":"ListItem","position":2,"name":"Wedding dresses","item":"https:\/\/www.davidpurves.com\/en\/collections\/"},{"@type":"ListItem","position":3,"name":"Collection Les Classiques","item":"https:\/\/www.davidpurves.com\/en\/collections\/shop-demos\/"},{"@type":"ListItem","position":4,"name":"Thelma wedding dress"}]},{"@type":"WebSite","@id":"https:\/\/www.davidpurves.com\/en\/#website","url":"https:\/\/www.davidpurves.com\/en\/","name":"David Purves - Cr\u00e9ateur de robe de mari\u00e9e sur mesure Paris","description":"","publisher":{"@id":"https:\/\/www.davidpurves.com\/en\/#organization"},"potentialAction":[{"@type":"SearchAction","target":{"@type":"EntryPoint","urlTemplate":"https:\/\/www.davidpurves.com\/en\/?s={search_term_string}"},"query-input":{"@type":"PropertyValueSpecification","valueRequired":true,"valueName":"search_term_string"}}],"inLanguage":"en-US"},{"@type":"Organization","@id":"https:\/\/www.davidpurves.com\/en\/#organization","name":"David Purves - Cr\u00e9ateur de robe de mari\u00e9e sur mesure Paris","url":"https:\/\/www.davidpurves.com\/en\/","logo":{"@type":"ImageObject","inLanguage":"en-US","@id":"https:\/\/www.davidpurves.com\/en\/#\/schema\/logo\/image\/","url":"https:\/\/i0.wp.com\/www.davidpurves.com\/wp-content\/uploads\/2023\/06\/Header_2.png?fit=480%2C99&ssl=1","contentUrl":"https:\/\/i0.wp.com\/www.davidpurves.com\/wp-content\/uploads\/2023\/06\/Header_2.png?fit=480%2C99&ssl=1","width":480,"height":99,"caption":"David Purves - Cr\u00e9ateur de robe de mari\u00e9e sur mesure Paris"},"image":{"@id":"https:\/\/www.davidpurves.com\/en\/#\/schema\/logo\/image\/"},"sameAs":["https:\/\/www.facebook.com\/david.purves.524\/","https:\/\/www.instagram.com\/david_purves\/?hl=fr"]}]}},"jetpack_sharing_enabled":true,"_links":{"self":[{"href":"https:\/\/www.davidpurves.com\/en\/wp-json\/wp\/v2\/pages\/8768","targetHints":{"allow":["GET"]}}],"collection":[{"href":"https:\/\/www.davidpurves.com\/en\/wp-json\/wp\/v2\/pages"}],"about":[{"href":"https:\/\/www.davidpurves.com\/en\/wp-json\/wp\/v2\/types\/page"}],"author":[{"embeddable":true,"href":"https:\/\/www.davidpurves.com\/en\/wp-json\/wp\/v2\/users\/2"}],"replies":[{"embeddable":true,"href":"https:\/\/www.davidpurves.com\/en\/wp-json\/wp\/v2\/comments?post=8768"}],"version-history":[{"count":2,"href":"https:\/\/www.davidpurves.com\/en\/wp-json\/wp\/v2\/pages\/8768\/revisions"}],"predecessor-version":[{"id":8770,"href":"https:\/\/www.davidpurves.com\/en\/wp-json\/wp\/v2\/pages\/8768\/revisions\/8770"}],"up":[{"embeddable":true,"href":"https:\/\/www.davidpurves.com\/en\/wp-json\/wp\/v2\/pages\/4452"}],"wp:featuredmedia":[{"embeddable":true,"href":"https:\/\/www.davidpurves.com\/en\/wp-json\/wp\/v2\/media\/12071"}],"wp:attachment":[{"href":"https:\/\/www.davidpurves.com\/en\/wp-json\/wp\/v2\/media?parent=8768"}],"curies":[{"name":"wp","href":"https:\/\/api.w.org\/{rel}","templated":true}]}}