{"id":4563,"date":"2023-07-05T18:37:00","date_gmt":"2023-07-05T16:37:00","guid":{"rendered":"https:\/\/www.davidpurves.com\/cat-etole\/"},"modified":"2025-04-10T12:53:51","modified_gmt":"2025-04-10T10:53:51","slug":"etolestest","status":"publish","type":"page","link":"https:\/\/www.davidpurves.com\/en\/etolestest\/","title":{"rendered":"Etoles"},"content":{"rendered":"\n\t<div id=\"gap-1733426476\" class=\"gap-element clearfix\" style=\"display:block; height:auto;\">\n\t\t\n<style>\n#gap-1733426476 {\n  padding-top: 10px;\n}\n<\/style>\n\t<\/div>\n\t\n\n\t<div id=\"text-2260423546\" class=\"text\">\n\t\t\n\n<h1 class=\"alt-font\">SILK OR ANGORA WEDDING STOLES<\/h1>\n\t\t\n<style>\n#text-2260423546 {\n  font-size: 1rem;\n  text-align: center;\n  color: rgb(0,0,0);\n}\n#text-2260423546 > * {\n  color: rgb(0,0,0);\n}\n<\/style>\n\t<\/div>\n\t\n\t<div id=\"text-34772005\" class=\"text\">\n\t\t\n\n<p style=\"text-align: center;\">Nos \u00e9toles fluides, crochet\u00e9es ou tricot\u00e9es, voyagent avec nos mari\u00e9es aux 4 coins de l\u2019Hexagone, parfois plus loin encore\u2026<br>Des lieux \u00e0 couper le souffle qui nous ont inspir\u00e9s\u2026<\/p>\n\t\t\n<style>\n#text-34772005 {\n  font-size: 0.8rem;\n}\n@media (min-width:550px) {\n  #text-34772005 {\n    font-size: 0.75rem;\n  }\n}\n<\/style>\n\t<\/div>\n\t\n\t<div id=\"gap-1393132784\" class=\"gap-element clearfix\" style=\"display:block; height:auto;\">\n\t\t\n<style>\n#gap-1393132784 {\n  padding-top: 30px;\n}\n<\/style>\n\t<\/div>\n\t\n\n\t\n  \n    <div id=\"product-grid-1528498163\" class=\"row large-columns-3 medium-columns- small-columns-2 row-small row-full-width row-masonry\" data-packery-options='{\"itemSelector\": \".col\", \"gutter\": 0, \"presentageWidth\" : true}'>\n\n  \n\t     <div class=\"product-small col has-hover product type-product post-4579 status-publish first instock product_cat-other has-post-thumbnail taxable shipping-taxable purchasable product-type-simple\">\n\t<div class=\"col-inner\">\n\t\n<div class=\"badge-container absolute left top z-1\">\n\n<\/div>\n\t<div class=\"product-small box \">\n\t\t<div class=\"box-image\">\n\t\t\t<div class=\"image-zoom\">\n\t\t\t\t<a href=\"https:\/\/www.davidpurves.com\/en\/product\/etole-de-mariee-uzes\/\">\n\t\t\t\t\t<img loading=\"lazy\" decoding=\"async\" width=\"300\" height=\"450\" src=\"https:\/\/i0.wp.com\/www.davidpurves.com\/wp-content\/uploads\/2023\/07\/etole-mariee-soie-uzes-2-scaled.jpg?fit=300%2C450&amp;ssl=1\" class=\"attachment-woocommerce_thumbnail size-woocommerce_thumbnail\" alt=\"Etole de mari\u00e9e Uz\u00e8s\" \/>\t\t\t\t<\/a>\n\t\t\t<\/div>\n\t\t\t<div class=\"image-tools is-small top right show-on-hover\">\n\t\t\t\t\t\t\t<\/div>\n\t\t\t<div class=\"image-tools is-small hide-for-small bottom left show-on-hover\">\n\t\t\t\t\t\t\t<\/div>\n\t\t\t<div class=\"image-tools grid-tools text-center hide-for-small bottom hover-slide-in show-on-hover\">\n\t\t\t\t\t\t\t<\/div>\n\t\t\t\t\t<\/div>\n\n\t\t<div class=\"box-text box-text-products text-center grid-style-2\">\n\t\t\t<div class=\"title-wrapper\"><p class=\"name product-title woocommerce-loop-product__title\"><a href=\"https:\/\/www.davidpurves.com\/en\/product\/etole-de-mariee-uzes\/\" class=\"woocommerce-LoopProduct-link woocommerce-loop-product__link\">Etole de mari\u00e9e Uz\u00e8s<\/a><\/p><\/div><div class=\"price-wrapper\">\n\t<span class=\"price\"><span class=\"woocommerce-Price-amount amount\"><bdi>350,00&nbsp;<span class=\"woocommerce-Price-currencySymbol\">&euro;<\/span><\/bdi><\/span><\/span>\n<\/div>\t\t<\/div>\n\t<\/div>\n\t\t<\/div>\n<\/div><div class=\"product-small col has-hover product type-product post-4577 status-publish instock product_cat-other has-post-thumbnail taxable shipping-taxable purchasable product-type-simple\">\n\t<div class=\"col-inner\">\n\t\n<div class=\"badge-container absolute left top z-1\">\n\n<\/div>\n\t<div class=\"product-small box \">\n\t\t<div class=\"box-image\">\n\t\t\t<div class=\"image-zoom\">\n\t\t\t\t<a href=\"https:\/\/www.davidpurves.com\/en\/product\/etole-de-mariee-brehat\/\">\n\t\t\t\t\t<img loading=\"lazy\" decoding=\"async\" width=\"300\" height=\"450\" src=\"https:\/\/i0.wp.com\/www.davidpurves.com\/wp-content\/uploads\/2023\/07\/etole-mariee-angora-brehat-3-scaled.jpg?fit=300%2C450&amp;ssl=1\" class=\"attachment-woocommerce_thumbnail size-woocommerce_thumbnail\" alt=\"Brehat Shawl - cover up\" \/>\t\t\t\t<\/a>\n\t\t\t<\/div>\n\t\t\t<div class=\"image-tools is-small top right show-on-hover\">\n\t\t\t\t\t\t\t<\/div>\n\t\t\t<div class=\"image-tools is-small hide-for-small bottom left show-on-hover\">\n\t\t\t\t\t\t\t<\/div>\n\t\t\t<div class=\"image-tools grid-tools text-center hide-for-small bottom hover-slide-in show-on-hover\">\n\t\t\t\t\t\t\t<\/div>\n\t\t\t\t\t<\/div>\n\n\t\t<div class=\"box-text box-text-products text-center grid-style-2\">\n\t\t\t<div class=\"title-wrapper\"><p class=\"name product-title woocommerce-loop-product__title\"><a href=\"https:\/\/www.davidpurves.com\/en\/product\/etole-de-mariee-brehat\/\" class=\"woocommerce-LoopProduct-link woocommerce-loop-product__link\">Brehat Shawl &#8211; cover up<\/a><\/p><\/div><div class=\"price-wrapper\">\n\t<span class=\"price\"><span class=\"woocommerce-Price-amount amount\"><bdi>850,00&nbsp;<span class=\"woocommerce-Price-currencySymbol\">&euro;<\/span><\/bdi><\/span><\/span>\n<\/div>\t\t<\/div>\n\t<\/div>\n\t\t<\/div>\n<\/div><div class=\"product-small col has-hover product type-product post-4578 status-publish last instock product_cat-other has-post-thumbnail taxable shipping-taxable purchasable product-type-simple\">\n\t<div class=\"col-inner\">\n\t\n<div class=\"badge-container absolute left top z-1\">\n\n<\/div>\n\t<div class=\"product-small box \">\n\t\t<div class=\"box-image\">\n\t\t\t<div class=\"image-zoom\">\n\t\t\t\t<a href=\"https:\/\/www.davidpurves.com\/en\/product\/etole-de-mariee-najac\/\">\n\t\t\t\t\t<img loading=\"lazy\" decoding=\"async\" width=\"300\" height=\"450\" src=\"https:\/\/i0.wp.com\/www.davidpurves.com\/wp-content\/uploads\/2023\/07\/etole-mariee-crochet-najac-1-scaled.jpg?fit=300%2C450&amp;ssl=1\" class=\"attachment-woocommerce_thumbnail size-woocommerce_thumbnail\" alt=\"Etole de mari\u00e9e Najac\" \/>\t\t\t\t<\/a>\n\t\t\t<\/div>\n\t\t\t<div class=\"image-tools is-small top right show-on-hover\">\n\t\t\t\t\t\t\t<\/div>\n\t\t\t<div class=\"image-tools is-small hide-for-small bottom left show-on-hover\">\n\t\t\t\t\t\t\t<\/div>\n\t\t\t<div class=\"image-tools grid-tools text-center hide-for-small bottom hover-slide-in show-on-hover\">\n\t\t\t\t\t\t\t<\/div>\n\t\t\t\t\t<\/div>\n\n\t\t<div class=\"box-text box-text-products text-center grid-style-2\">\n\t\t\t<div class=\"title-wrapper\"><p class=\"name product-title woocommerce-loop-product__title\"><a href=\"https:\/\/www.davidpurves.com\/en\/product\/etole-de-mariee-najac\/\" class=\"woocommerce-LoopProduct-link woocommerce-loop-product__link\">Etole de mari\u00e9e Najac<\/a><\/p><\/div><div class=\"price-wrapper\">\n\t<span class=\"price\"><span class=\"woocommerce-Price-amount amount\"><bdi>400,00&nbsp;<span class=\"woocommerce-Price-currencySymbol\">&euro;<\/span><\/bdi><\/span><\/span>\n<\/div>\t\t<\/div>\n\t<\/div>\n\t\t<\/div>\n<\/div><\/div>\n\n\n","protected":false},"excerpt":{"rendered":"","protected":false},"author":2,"featured_media":4914,"parent":0,"menu_order":0,"comment_status":"closed","ping_status":"closed","template":"","meta":{"footnotes":""},"class_list":["post-4563","page","type-page","status-publish","has-post-thumbnail","hentry"],"yoast_head":"<!-- This site is optimized with the Yoast SEO plugin v27.5 - https:\/\/yoast.com\/product\/yoast-seo-wordpress\/ -->\n<title>Etoles de mari\u00e9e - Accessoires - David Purves - Cr\u00e9ateur de robe de mari\u00e9e sur mesure Paris Paris<\/title>\n<meta name=\"description\" content=\"Etoles de mari\u00e9e, accessoires indispensable pour votre mariage en toutes saisons\" \/>\n<meta name=\"robots\" content=\"index, follow, max-snippet:-1, max-image-preview:large, max-video-preview:-1\" \/>\n<link rel=\"canonical\" href=\"https:\/\/www.davidpurves.com\/en\/etolestest\/\" \/>\n<meta property=\"og:locale\" content=\"en_US\" \/>\n<meta property=\"og:type\" content=\"article\" \/>\n<meta property=\"og:title\" content=\"Etoles de mari\u00e9e - Accessoires - David Purves - Cr\u00e9ateur de robe de mari\u00e9e sur mesure Paris Paris\" \/>\n<meta property=\"og:description\" content=\"Etoles de mari\u00e9e, accessoires indispensable pour votre mariage en toutes saisons\" \/>\n<meta property=\"og:url\" content=\"https:\/\/www.davidpurves.com\/en\/etolestest\/\" \/>\n<meta property=\"og:site_name\" content=\"David Purves - Cr\u00e9ateur de robe de mari\u00e9e sur mesure Paris\" \/>\n<meta property=\"article:publisher\" content=\"https:\/\/www.facebook.com\/david.purves.524\/\" \/>\n<meta property=\"article:modified_time\" content=\"2025-04-10T10:53:51+00:00\" \/>\n<meta property=\"og:image\" content=\"https:\/\/www.davidpurves.com\/wp-content\/uploads\/2023\/07\/Uzes-2-scaled.jpg\" \/>\n\t<meta property=\"og:image:width\" content=\"1707\" \/>\n\t<meta property=\"og:image:height\" content=\"2560\" \/>\n\t<meta property=\"og:image:type\" content=\"image\/jpeg\" \/>\n<meta name=\"twitter:card\" content=\"summary_large_image\" \/>\n<meta name=\"twitter:label1\" content=\"Est. reading time\" \/>\n\t<meta name=\"twitter:data1\" content=\"1 minute\" \/>\n<script type=\"application\/ld+json\" class=\"yoast-schema-graph\">{\"@context\":\"https:\\\/\\\/schema.org\",\"@graph\":[{\"@type\":\"WebPage\",\"@id\":\"https:\\\/\\\/www.davidpurves.com\\\/en\\\/etolestest\\\/\",\"url\":\"https:\\\/\\\/www.davidpurves.com\\\/en\\\/etolestest\\\/\",\"name\":\"Etoles de mari\u00e9e - Accessoires - David Purves - Cr\u00e9ateur de robe de mari\u00e9e sur mesure Paris Paris\",\"isPartOf\":{\"@id\":\"https:\\\/\\\/www.davidpurves.com\\\/en\\\/#website\"},\"primaryImageOfPage\":{\"@id\":\"https:\\\/\\\/www.davidpurves.com\\\/en\\\/etolestest\\\/#primaryimage\"},\"image\":{\"@id\":\"https:\\\/\\\/www.davidpurves.com\\\/en\\\/etolestest\\\/#primaryimage\"},\"thumbnailUrl\":\"https:\\\/\\\/i0.wp.com\\\/www.davidpurves.com\\\/wp-content\\\/uploads\\\/2023\\\/07\\\/etole-mariee-soie-uzes-2-scaled.jpg?fit=1707%2C2560&ssl=1\",\"datePublished\":\"2023-07-05T16:37:00+00:00\",\"dateModified\":\"2025-04-10T10:53:51+00:00\",\"description\":\"Etoles de mari\u00e9e, accessoires indispensable pour votre mariage en toutes saisons\",\"breadcrumb\":{\"@id\":\"https:\\\/\\\/www.davidpurves.com\\\/en\\\/etolestest\\\/#breadcrumb\"},\"inLanguage\":\"en-US\",\"potentialAction\":[{\"@type\":\"ReadAction\",\"target\":[\"https:\\\/\\\/www.davidpurves.com\\\/en\\\/etolestest\\\/\"]}]},{\"@type\":\"ImageObject\",\"inLanguage\":\"en-US\",\"@id\":\"https:\\\/\\\/www.davidpurves.com\\\/en\\\/etolestest\\\/#primaryimage\",\"url\":\"https:\\\/\\\/i0.wp.com\\\/www.davidpurves.com\\\/wp-content\\\/uploads\\\/2023\\\/07\\\/etole-mariee-soie-uzes-2-scaled.jpg?fit=1707%2C2560&ssl=1\",\"contentUrl\":\"https:\\\/\\\/i0.wp.com\\\/www.davidpurves.com\\\/wp-content\\\/uploads\\\/2023\\\/07\\\/etole-mariee-soie-uzes-2-scaled.jpg?fit=1707%2C2560&ssl=1\",\"width\":1707,\"height\":2560},{\"@type\":\"BreadcrumbList\",\"@id\":\"https:\\\/\\\/www.davidpurves.com\\\/en\\\/etolestest\\\/#breadcrumb\",\"itemListElement\":[{\"@type\":\"ListItem\",\"position\":1,\"name\":\"Accueil\",\"item\":\"https:\\\/\\\/www.davidpurves.com\\\/en\\\/\"},{\"@type\":\"ListItem\",\"position\":2,\"name\":\"Etoles\"}]},{\"@type\":\"WebSite\",\"@id\":\"https:\\\/\\\/www.davidpurves.com\\\/en\\\/#website\",\"url\":\"https:\\\/\\\/www.davidpurves.com\\\/en\\\/\",\"name\":\"David Purves - Cr\u00e9ateur de robe de mari\u00e9e sur mesure Paris\",\"description\":\"\",\"publisher\":{\"@id\":\"https:\\\/\\\/www.davidpurves.com\\\/en\\\/#organization\"},\"potentialAction\":[{\"@type\":\"SearchAction\",\"target\":{\"@type\":\"EntryPoint\",\"urlTemplate\":\"https:\\\/\\\/www.davidpurves.com\\\/en\\\/?s={search_term_string}\"},\"query-input\":{\"@type\":\"PropertyValueSpecification\",\"valueRequired\":true,\"valueName\":\"search_term_string\"}}],\"inLanguage\":\"en-US\"},{\"@type\":\"Organization\",\"@id\":\"https:\\\/\\\/www.davidpurves.com\\\/en\\\/#organization\",\"name\":\"David Purves - Cr\u00e9ateur de robe de mari\u00e9e sur mesure Paris\",\"url\":\"https:\\\/\\\/www.davidpurves.com\\\/en\\\/\",\"logo\":{\"@type\":\"ImageObject\",\"inLanguage\":\"en-US\",\"@id\":\"https:\\\/\\\/www.davidpurves.com\\\/en\\\/#\\\/schema\\\/logo\\\/image\\\/\",\"url\":\"https:\\\/\\\/i0.wp.com\\\/www.davidpurves.com\\\/wp-content\\\/uploads\\\/2023\\\/06\\\/Header_2.png?fit=480%2C99&ssl=1\",\"contentUrl\":\"https:\\\/\\\/i0.wp.com\\\/www.davidpurves.com\\\/wp-content\\\/uploads\\\/2023\\\/06\\\/Header_2.png?fit=480%2C99&ssl=1\",\"width\":480,\"height\":99,\"caption\":\"David Purves - Cr\u00e9ateur de robe de mari\u00e9e sur mesure Paris\"},\"image\":{\"@id\":\"https:\\\/\\\/www.davidpurves.com\\\/en\\\/#\\\/schema\\\/logo\\\/image\\\/\"},\"sameAs\":[\"https:\\\/\\\/www.facebook.com\\\/david.purves.524\\\/\",\"https:\\\/\\\/www.instagram.com\\\/david_purves\\\/?hl=fr\"]}]}<\/script>\n<!-- \/ Yoast SEO plugin. -->","yoast_head_json":{"title":"Etoles de mari\u00e9e - Accessoires - David Purves - Cr\u00e9ateur de robe de mari\u00e9e sur mesure Paris Paris","description":"Etoles de mari\u00e9e, accessoires indispensable pour votre mariage en toutes saisons","robots":{"index":"index","follow":"follow","max-snippet":"max-snippet:-1","max-image-preview":"max-image-preview:large","max-video-preview":"max-video-preview:-1"},"canonical":"https:\/\/www.davidpurves.com\/en\/etolestest\/","og_locale":"en_US","og_type":"article","og_title":"Etoles de mari\u00e9e - Accessoires - David Purves - Cr\u00e9ateur de robe de mari\u00e9e sur mesure Paris Paris","og_description":"Etoles de mari\u00e9e, accessoires indispensable pour votre mariage en toutes saisons","og_url":"https:\/\/www.davidpurves.com\/en\/etolestest\/","og_site_name":"David Purves - Cr\u00e9ateur de robe de mari\u00e9e sur mesure Paris","article_publisher":"https:\/\/www.facebook.com\/david.purves.524\/","article_modified_time":"2025-04-10T10:53:51+00:00","og_image":[{"width":1707,"height":2560,"url":"https:\/\/www.davidpurves.com\/wp-content\/uploads\/2023\/07\/Uzes-2-scaled.jpg","type":"image\/jpeg"}],"twitter_card":"summary_large_image","twitter_misc":{"Est. reading time":"1 minute"},"schema":{"@context":"https:\/\/schema.org","@graph":[{"@type":"WebPage","@id":"https:\/\/www.davidpurves.com\/en\/etolestest\/","url":"https:\/\/www.davidpurves.com\/en\/etolestest\/","name":"Etoles de mari\u00e9e - Accessoires - David Purves - Cr\u00e9ateur de robe de mari\u00e9e sur mesure Paris Paris","isPartOf":{"@id":"https:\/\/www.davidpurves.com\/en\/#website"},"primaryImageOfPage":{"@id":"https:\/\/www.davidpurves.com\/en\/etolestest\/#primaryimage"},"image":{"@id":"https:\/\/www.davidpurves.com\/en\/etolestest\/#primaryimage"},"thumbnailUrl":"https:\/\/i0.wp.com\/www.davidpurves.com\/wp-content\/uploads\/2023\/07\/etole-mariee-soie-uzes-2-scaled.jpg?fit=1707%2C2560&ssl=1","datePublished":"2023-07-05T16:37:00+00:00","dateModified":"2025-04-10T10:53:51+00:00","description":"Etoles de mari\u00e9e, accessoires indispensable pour votre mariage en toutes saisons","breadcrumb":{"@id":"https:\/\/www.davidpurves.com\/en\/etolestest\/#breadcrumb"},"inLanguage":"en-US","potentialAction":[{"@type":"ReadAction","target":["https:\/\/www.davidpurves.com\/en\/etolestest\/"]}]},{"@type":"ImageObject","inLanguage":"en-US","@id":"https:\/\/www.davidpurves.com\/en\/etolestest\/#primaryimage","url":"https:\/\/i0.wp.com\/www.davidpurves.com\/wp-content\/uploads\/2023\/07\/etole-mariee-soie-uzes-2-scaled.jpg?fit=1707%2C2560&ssl=1","contentUrl":"https:\/\/i0.wp.com\/www.davidpurves.com\/wp-content\/uploads\/2023\/07\/etole-mariee-soie-uzes-2-scaled.jpg?fit=1707%2C2560&ssl=1","width":1707,"height":2560},{"@type":"BreadcrumbList","@id":"https:\/\/www.davidpurves.com\/en\/etolestest\/#breadcrumb","itemListElement":[{"@type":"ListItem","position":1,"name":"Accueil","item":"https:\/\/www.davidpurves.com\/en\/"},{"@type":"ListItem","position":2,"name":"Etoles"}]},{"@type":"WebSite","@id":"https:\/\/www.davidpurves.com\/en\/#website","url":"https:\/\/www.davidpurves.com\/en\/","name":"David Purves - Cr\u00e9ateur de robe de mari\u00e9e sur mesure Paris","description":"","publisher":{"@id":"https:\/\/www.davidpurves.com\/en\/#organization"},"potentialAction":[{"@type":"SearchAction","target":{"@type":"EntryPoint","urlTemplate":"https:\/\/www.davidpurves.com\/en\/?s={search_term_string}"},"query-input":{"@type":"PropertyValueSpecification","valueRequired":true,"valueName":"search_term_string"}}],"inLanguage":"en-US"},{"@type":"Organization","@id":"https:\/\/www.davidpurves.com\/en\/#organization","name":"David Purves - Cr\u00e9ateur de robe de mari\u00e9e sur mesure Paris","url":"https:\/\/www.davidpurves.com\/en\/","logo":{"@type":"ImageObject","inLanguage":"en-US","@id":"https:\/\/www.davidpurves.com\/en\/#\/schema\/logo\/image\/","url":"https:\/\/i0.wp.com\/www.davidpurves.com\/wp-content\/uploads\/2023\/06\/Header_2.png?fit=480%2C99&ssl=1","contentUrl":"https:\/\/i0.wp.com\/www.davidpurves.com\/wp-content\/uploads\/2023\/06\/Header_2.png?fit=480%2C99&ssl=1","width":480,"height":99,"caption":"David Purves - Cr\u00e9ateur de robe de mari\u00e9e sur mesure Paris"},"image":{"@id":"https:\/\/www.davidpurves.com\/en\/#\/schema\/logo\/image\/"},"sameAs":["https:\/\/www.facebook.com\/david.purves.524\/","https:\/\/www.instagram.com\/david_purves\/?hl=fr"]}]}},"jetpack_sharing_enabled":true,"_links":{"self":[{"href":"https:\/\/www.davidpurves.com\/en\/wp-json\/wp\/v2\/pages\/4563","targetHints":{"allow":["GET"]}}],"collection":[{"href":"https:\/\/www.davidpurves.com\/en\/wp-json\/wp\/v2\/pages"}],"about":[{"href":"https:\/\/www.davidpurves.com\/en\/wp-json\/wp\/v2\/types\/page"}],"author":[{"embeddable":true,"href":"https:\/\/www.davidpurves.com\/en\/wp-json\/wp\/v2\/users\/2"}],"replies":[{"embeddable":true,"href":"https:\/\/www.davidpurves.com\/en\/wp-json\/wp\/v2\/comments?post=4563"}],"version-history":[{"count":8,"href":"https:\/\/www.davidpurves.com\/en\/wp-json\/wp\/v2\/pages\/4563\/revisions"}],"predecessor-version":[{"id":8986,"href":"https:\/\/www.davidpurves.com\/en\/wp-json\/wp\/v2\/pages\/4563\/revisions\/8986"}],"wp:featuredmedia":[{"embeddable":true,"href":"https:\/\/www.davidpurves.com\/en\/wp-json\/wp\/v2\/media\/4914"}],"wp:attachment":[{"href":"https:\/\/www.davidpurves.com\/en\/wp-json\/wp\/v2\/media?parent=4563"}],"curies":[{"name":"wp","href":"https:\/\/api.w.org\/{rel}","templated":true}]}}