{"id":4539,"date":"2023-07-20T14:31:14","date_gmt":"2023-07-20T12:31:14","guid":{"rendered":"https:\/\/www.davidpurves.com\/family\/gervaise\/"},"modified":"2025-04-10T11:25:48","modified_gmt":"2025-04-10T09:25:48","slug":"robe-de-mariee-gervaise","status":"publish","type":"page","link":"https:\/\/www.davidpurves.com\/en\/collection-family\/robe-de-mariee-gervaise\/","title":{"rendered":"Robe de mari\u00e9e Gervaise"},"content":{"rendered":"\n  <div id=\"page-header-1566363266\" class=\"page-header-wrapper\">\n  <div class=\"page-title light simple-title\">\n\n    \n    <div class=\"page-title-inner container align-top flex-row medium-flex-wrap row-reverse\" >\n            <div class=\"title-content flex-col flex-left text-left medium-text-center\">\n        <div class=\"title-breadcrumbs pb-half pt-half\"><nav class=\"woocommerce-breadcrumb breadcrumbs \" aria-label=\"Breadcrumb\">Home<\/nav><\/div>      <\/div>\n    <\/div>\n\n     \n<style>\n#page-header-1566363266 .page-title-inner {\n  min-height: 0px;\n}\n#page-header-1566363266 .title-overlay {\n  background-color: rgb(255, 255, 255);\n}\n<\/style>\n  <\/div>\n    <\/div>\n  \n\n\n  \n    <div class=\"row large-columns-3 medium-columns- small-columns-2 row-xsmall row-full-width slider row-slider slider-nav-circle slider-nav-light slider-nav-push\"  data-flickity-options='{&quot;imagesLoaded&quot;: true, &quot;groupCells&quot;: &quot;100%&quot;, &quot;dragThreshold&quot; : 5, &quot;cellAlign&quot;: &quot;left&quot;,&quot;wrapAround&quot;: true,&quot;prevNextButtons&quot;: true,&quot;percentPosition&quot;: true,&quot;pageDots&quot;: false, &quot;rightToLeft&quot;: false, &quot;autoPlay&quot; : false}' >\n\n  <div class=\"gallery-col col\" >\n          <div class=\"col-inner\">\n            <a class=\"image-lightbox lightbox-gallery\" href=\"https:\/\/i0.wp.com\/www.davidpurves.com\/wp-content\/uploads\/2023\/07\/robe-de-mariee-paris-gervaise-1-scaled.jpg?ssl=1\" title=\"\">            <div class=\"box has-hover gallery-box box-normal\">\n              <div class=\"box-image\" >\n                <img data-recalc-dims=\"1\" loading=\"lazy\" decoding=\"async\" width=\"1020\" height=\"1528\" src=\"https:\/\/i0.wp.com\/www.davidpurves.com\/wp-content\/uploads\/2023\/07\/robe-de-mariee-paris-gervaise-1-scaled.jpg?resize=1020%2C1528&#038;ssl=1\" class=\"attachment-original size-original\" alt=\"\" ids=\"1308,1309,1310,1311\" style=\"normal\" lightbox_image_size=\"original\" type=\"slider\" col_spacing=\"xsmall\" columns=\"3\" slider_nav_style=\"circle\" slider_nav_color=\"light\" image_size=\"original\" srcset=\"https:\/\/i0.wp.com\/www.davidpurves.com\/wp-content\/uploads\/2023\/07\/robe-de-mariee-paris-gervaise-1-scaled.jpg?w=1709&amp;ssl=1 1709w, https:\/\/i0.wp.com\/www.davidpurves.com\/wp-content\/uploads\/2023\/07\/robe-de-mariee-paris-gervaise-1-scaled.jpg?resize=267%2C400&amp;ssl=1 267w, https:\/\/i0.wp.com\/www.davidpurves.com\/wp-content\/uploads\/2023\/07\/robe-de-mariee-paris-gervaise-1-scaled.jpg?resize=534%2C800&amp;ssl=1 534w, https:\/\/i0.wp.com\/www.davidpurves.com\/wp-content\/uploads\/2023\/07\/robe-de-mariee-paris-gervaise-1-scaled.jpg?resize=768%2C1151&amp;ssl=1 768w, https:\/\/i0.wp.com\/www.davidpurves.com\/wp-content\/uploads\/2023\/07\/robe-de-mariee-paris-gervaise-1-scaled.jpg?resize=1025%2C1536&amp;ssl=1 1025w, https:\/\/i0.wp.com\/www.davidpurves.com\/wp-content\/uploads\/2023\/07\/robe-de-mariee-paris-gervaise-1-scaled.jpg?resize=1367%2C2048&amp;ssl=1 1367w, https:\/\/i0.wp.com\/www.davidpurves.com\/wp-content\/uploads\/2023\/07\/robe-de-mariee-paris-gervaise-1-scaled.jpg?resize=1320%2C1978&amp;ssl=1 1320w, https:\/\/i0.wp.com\/www.davidpurves.com\/wp-content\/uploads\/2023\/07\/robe-de-mariee-paris-gervaise-1-scaled.jpg?resize=300%2C449&amp;ssl=1 300w, https:\/\/i0.wp.com\/www.davidpurves.com\/wp-content\/uploads\/2023\/07\/robe-de-mariee-paris-gervaise-1-scaled.jpg?resize=600%2C899&amp;ssl=1 600w\" sizes=\"auto, (max-width: 1020px) 100vw, 1020px\" \/>                                                              <\/div>\n              <div class=\"box-text text-left\" >\n                 <p><\/p>\n              <\/div>\n            <\/div>\n            <\/a>          <\/div>\n         <\/div><div class=\"gallery-col col\" >\n          <div class=\"col-inner\">\n            <a class=\"image-lightbox lightbox-gallery\" href=\"https:\/\/i0.wp.com\/www.davidpurves.com\/wp-content\/uploads\/2023\/07\/robe-de-mariee-paris-gervaise-2-scaled.jpg?ssl=1\" title=\"\">            <div class=\"box has-hover gallery-box box-normal\">\n              <div class=\"box-image\" >\n                <img data-recalc-dims=\"1\" loading=\"lazy\" decoding=\"async\" width=\"1020\" height=\"1528\" src=\"https:\/\/i0.wp.com\/www.davidpurves.com\/wp-content\/uploads\/2023\/07\/robe-de-mariee-paris-gervaise-2-scaled.jpg?resize=1020%2C1528&#038;ssl=1\" class=\"attachment-original size-original\" alt=\"\" ids=\"1308,1309,1310,1311\" style=\"normal\" lightbox_image_size=\"original\" type=\"slider\" col_spacing=\"xsmall\" columns=\"3\" slider_nav_style=\"circle\" slider_nav_color=\"light\" image_size=\"original\" srcset=\"https:\/\/i0.wp.com\/www.davidpurves.com\/wp-content\/uploads\/2023\/07\/robe-de-mariee-paris-gervaise-2-scaled.jpg?w=1709&amp;ssl=1 1709w, https:\/\/i0.wp.com\/www.davidpurves.com\/wp-content\/uploads\/2023\/07\/robe-de-mariee-paris-gervaise-2-scaled.jpg?resize=267%2C400&amp;ssl=1 267w, https:\/\/i0.wp.com\/www.davidpurves.com\/wp-content\/uploads\/2023\/07\/robe-de-mariee-paris-gervaise-2-scaled.jpg?resize=534%2C800&amp;ssl=1 534w, https:\/\/i0.wp.com\/www.davidpurves.com\/wp-content\/uploads\/2023\/07\/robe-de-mariee-paris-gervaise-2-scaled.jpg?resize=768%2C1151&amp;ssl=1 768w, https:\/\/i0.wp.com\/www.davidpurves.com\/wp-content\/uploads\/2023\/07\/robe-de-mariee-paris-gervaise-2-scaled.jpg?resize=1025%2C1536&amp;ssl=1 1025w, https:\/\/i0.wp.com\/www.davidpurves.com\/wp-content\/uploads\/2023\/07\/robe-de-mariee-paris-gervaise-2-scaled.jpg?resize=1367%2C2048&amp;ssl=1 1367w, https:\/\/i0.wp.com\/www.davidpurves.com\/wp-content\/uploads\/2023\/07\/robe-de-mariee-paris-gervaise-2-scaled.jpg?resize=1320%2C1978&amp;ssl=1 1320w, https:\/\/i0.wp.com\/www.davidpurves.com\/wp-content\/uploads\/2023\/07\/robe-de-mariee-paris-gervaise-2-scaled.jpg?resize=300%2C449&amp;ssl=1 300w, https:\/\/i0.wp.com\/www.davidpurves.com\/wp-content\/uploads\/2023\/07\/robe-de-mariee-paris-gervaise-2-scaled.jpg?resize=600%2C899&amp;ssl=1 600w\" sizes=\"auto, (max-width: 1020px) 100vw, 1020px\" \/>                                                              <\/div>\n              <div class=\"box-text text-left\" >\n                 <p><\/p>\n              <\/div>\n            <\/div>\n            <\/a>          <\/div>\n         <\/div><div class=\"gallery-col col\" >\n          <div class=\"col-inner\">\n            <a class=\"image-lightbox lightbox-gallery\" href=\"https:\/\/i0.wp.com\/www.davidpurves.com\/wp-content\/uploads\/2023\/07\/robe-de-mariee-paris-gervaise-3-scaled.jpg?ssl=1\" title=\"\">            <div class=\"box has-hover gallery-box box-normal\">\n              <div class=\"box-image\" >\n                <img data-recalc-dims=\"1\" loading=\"lazy\" decoding=\"async\" width=\"1020\" height=\"1528\" src=\"https:\/\/i0.wp.com\/www.davidpurves.com\/wp-content\/uploads\/2023\/07\/robe-de-mariee-paris-gervaise-3-scaled.jpg?resize=1020%2C1528&#038;ssl=1\" class=\"attachment-original size-original\" alt=\"\" ids=\"1308,1309,1310,1311\" style=\"normal\" lightbox_image_size=\"original\" type=\"slider\" col_spacing=\"xsmall\" columns=\"3\" slider_nav_style=\"circle\" slider_nav_color=\"light\" image_size=\"original\" srcset=\"https:\/\/i0.wp.com\/www.davidpurves.com\/wp-content\/uploads\/2023\/07\/robe-de-mariee-paris-gervaise-3-scaled.jpg?w=1709&amp;ssl=1 1709w, https:\/\/i0.wp.com\/www.davidpurves.com\/wp-content\/uploads\/2023\/07\/robe-de-mariee-paris-gervaise-3-scaled.jpg?resize=267%2C400&amp;ssl=1 267w, https:\/\/i0.wp.com\/www.davidpurves.com\/wp-content\/uploads\/2023\/07\/robe-de-mariee-paris-gervaise-3-scaled.jpg?resize=534%2C800&amp;ssl=1 534w, https:\/\/i0.wp.com\/www.davidpurves.com\/wp-content\/uploads\/2023\/07\/robe-de-mariee-paris-gervaise-3-scaled.jpg?resize=768%2C1151&amp;ssl=1 768w, https:\/\/i0.wp.com\/www.davidpurves.com\/wp-content\/uploads\/2023\/07\/robe-de-mariee-paris-gervaise-3-scaled.jpg?resize=1025%2C1536&amp;ssl=1 1025w, https:\/\/i0.wp.com\/www.davidpurves.com\/wp-content\/uploads\/2023\/07\/robe-de-mariee-paris-gervaise-3-scaled.jpg?resize=1367%2C2048&amp;ssl=1 1367w, https:\/\/i0.wp.com\/www.davidpurves.com\/wp-content\/uploads\/2023\/07\/robe-de-mariee-paris-gervaise-3-scaled.jpg?resize=1320%2C1978&amp;ssl=1 1320w, https:\/\/i0.wp.com\/www.davidpurves.com\/wp-content\/uploads\/2023\/07\/robe-de-mariee-paris-gervaise-3-scaled.jpg?resize=300%2C449&amp;ssl=1 300w, https:\/\/i0.wp.com\/www.davidpurves.com\/wp-content\/uploads\/2023\/07\/robe-de-mariee-paris-gervaise-3-scaled.jpg?resize=600%2C899&amp;ssl=1 600w\" sizes=\"auto, (max-width: 1020px) 100vw, 1020px\" \/>                                                              <\/div>\n              <div class=\"box-text text-left\" >\n                 <p><\/p>\n              <\/div>\n            <\/div>\n            <\/a>          <\/div>\n         <\/div><div class=\"gallery-col col\" >\n          <div class=\"col-inner\">\n            <a class=\"image-lightbox lightbox-gallery\" href=\"https:\/\/i0.wp.com\/www.davidpurves.com\/wp-content\/uploads\/2023\/07\/robe-de-mariee-paris-gervaise-4-scaled.jpg?ssl=1\" title=\"\">            <div class=\"box has-hover gallery-box box-normal\">\n              <div class=\"box-image\" >\n                <img data-recalc-dims=\"1\" loading=\"lazy\" decoding=\"async\" width=\"1020\" height=\"1528\" src=\"https:\/\/i0.wp.com\/www.davidpurves.com\/wp-content\/uploads\/2023\/07\/robe-de-mariee-paris-gervaise-4-scaled.jpg?resize=1020%2C1528&#038;ssl=1\" class=\"attachment-original size-original\" alt=\"\" ids=\"1308,1309,1310,1311\" style=\"normal\" lightbox_image_size=\"original\" type=\"slider\" col_spacing=\"xsmall\" columns=\"3\" slider_nav_style=\"circle\" slider_nav_color=\"light\" image_size=\"original\" srcset=\"https:\/\/i0.wp.com\/www.davidpurves.com\/wp-content\/uploads\/2023\/07\/robe-de-mariee-paris-gervaise-4-scaled.jpg?w=1709&amp;ssl=1 1709w, https:\/\/i0.wp.com\/www.davidpurves.com\/wp-content\/uploads\/2023\/07\/robe-de-mariee-paris-gervaise-4-scaled.jpg?resize=267%2C400&amp;ssl=1 267w, https:\/\/i0.wp.com\/www.davidpurves.com\/wp-content\/uploads\/2023\/07\/robe-de-mariee-paris-gervaise-4-scaled.jpg?resize=534%2C800&amp;ssl=1 534w, https:\/\/i0.wp.com\/www.davidpurves.com\/wp-content\/uploads\/2023\/07\/robe-de-mariee-paris-gervaise-4-scaled.jpg?resize=768%2C1151&amp;ssl=1 768w, https:\/\/i0.wp.com\/www.davidpurves.com\/wp-content\/uploads\/2023\/07\/robe-de-mariee-paris-gervaise-4-scaled.jpg?resize=1025%2C1536&amp;ssl=1 1025w, https:\/\/i0.wp.com\/www.davidpurves.com\/wp-content\/uploads\/2023\/07\/robe-de-mariee-paris-gervaise-4-scaled.jpg?resize=1367%2C2048&amp;ssl=1 1367w, https:\/\/i0.wp.com\/www.davidpurves.com\/wp-content\/uploads\/2023\/07\/robe-de-mariee-paris-gervaise-4-scaled.jpg?resize=1320%2C1978&amp;ssl=1 1320w, https:\/\/i0.wp.com\/www.davidpurves.com\/wp-content\/uploads\/2023\/07\/robe-de-mariee-paris-gervaise-4-scaled.jpg?resize=300%2C449&amp;ssl=1 300w, https:\/\/i0.wp.com\/www.davidpurves.com\/wp-content\/uploads\/2023\/07\/robe-de-mariee-paris-gervaise-4-scaled.jpg?resize=600%2C899&amp;ssl=1 600w\" sizes=\"auto, (max-width: 1020px) 100vw, 1020px\" \/>                                                              <\/div>\n              <div class=\"box-text text-left\" >\n                 <p><\/p>\n              <\/div>\n            <\/div>\n            <\/a>          <\/div>\n         <\/div><\/div>\n\n<div class=\"row\"  id=\"row-2098382256\">\n\n\n\t<div id=\"col-442722394\" class=\"col medium-10 small-12 large-10\"  >\n\t\t\t\t<div class=\"col-inner\"  >\n\t\t\t\n\t\t\t\n\n\t<div id=\"text-1347843715\" class=\"text\">\n\t\t\n\n<h1>Robe de mari\u00e9e Gervaise<\/h1>\n\t\t\n<style>\n#text-1347843715 {\n  text-align: center;\n}\n<\/style>\n\t<\/div>\n\t\n<p><span style=\"font-weight: 400;\">Deux cents m\u00e8tres de tulle anglais et pas un centim\u00e8tre de moins pour r\u00e9aliser cette jupe spectaculaire et \u00e9pur\u00e9e. Le corset de la robe de mari\u00e9e Gervaise est travaill\u00e9 comme un bijou avec ses minuscules \u00e9clats de cristaux et sa dentelle de Calais.<\/span><\/p>\n<p>D\u00e9couvrez en davantage sur notre univers, notre savoir-faire et nos robes de mari\u00e9e sur notre compte <a href=\"https:\/\/www.instagram.com\/david_purves\/\">Instagram<\/a><\/p>\n\n\t\t<\/div>\n\t\t\t\t\t<\/div>\n\n\t\n\n\t<div id=\"col-1862583833\" class=\"col medium-2 small-12 large-2\"  >\n\t\t\t\t<div class=\"col-inner\"  >\n\t\t\t\n\t\t\t\n\n<div class=\"social-icons share-icons share-row relative full-width text-center\" style=\"font-size:64%\"><a href=\"whatsapp:\/\/send?text=Robe%20de%20mari%C3%A9e%20Gervaise - https:\/\/www.davidpurves.com\/en\/collection-family\/robe-de-mariee-gervaise\/\" data-action=\"share\/whatsapp\/share\" class=\"icon button circle is-outline tooltip whatsapp show-for-medium\" title=\"Share on WhatsApp\" aria-label=\"Share on WhatsApp\"><i class=\"icon-whatsapp\" aria-hidden=\"true\"><\/i><\/a><a href=\"https:\/\/www.facebook.com\/sharer.php?u=https:\/\/www.davidpurves.com\/en\/collection-family\/robe-de-mariee-gervaise\/\" data-label=\"Facebook\" onclick=\"window.open(this.href,this.title,'width=500,height=500,top=300px,left=300px'); return false;\" target=\"_blank\" class=\"icon button circle is-outline tooltip facebook\" title=\"Share on Facebook\" aria-label=\"Share on Facebook\" rel=\"noopener nofollow\"><i class=\"icon-facebook\" aria-hidden=\"true\"><\/i><\/a><a href=\"mailto:?subject=Robe%20de%20mari%C3%A9e%20Gervaise&body=Check%20this%20out%3A%20https%3A%2F%2Fwww.davidpurves.com%2Fen%2Fcollection-family%2Frobe-de-mariee-gervaise%2F\" class=\"icon button circle is-outline tooltip email\" title=\"Email to a Friend\" aria-label=\"Email to a Friend\" rel=\"nofollow\"><i class=\"icon-envelop\" aria-hidden=\"true\"><\/i><\/a><a href=\"https:\/\/pinterest.com\/pin\/create\/button?url=https:\/\/www.davidpurves.com\/en\/collection-family\/robe-de-mariee-gervaise\/&media=https:\/\/i0.wp.com\/www.davidpurves.com\/wp-content\/uploads\/2023\/07\/robe-de-mariee-paris-gervaise-1-scaled.jpg?fit=534%2C800&ssl=1&description=Robe%20de%20mari%C3%A9e%20Gervaise\" onclick=\"window.open(this.href,this.title,'width=500,height=500,top=300px,left=300px'); return false;\" target=\"_blank\" class=\"icon button circle is-outline tooltip pinterest\" title=\"Pin on Pinterest\" aria-label=\"Pin on Pinterest\" rel=\"noopener nofollow\"><i class=\"icon-pinterest\" aria-hidden=\"true\"><\/i><\/a><\/div>\n\n\n\t\t<\/div>\n\t\t\t\t\t<\/div>\n\n\t\n\n<\/div>\n\t<div id=\"gap-1088464945\" class=\"gap-element clearfix\" style=\"display:block; height:auto;\">\n\t\t\n<style>\n#gap-1088464945 {\n  padding-top: 30px;\n}\n<\/style>\n\t<\/div>\n\t\n\n\n","protected":false},"excerpt":{"rendered":"","protected":false},"author":2,"featured_media":2275,"parent":4536,"menu_order":1,"comment_status":"closed","ping_status":"closed","template":"page-blank.php","meta":{"footnotes":""},"class_list":["post-4539","page","type-page","status-publish","has-post-thumbnail","hentry"],"yoast_head":"<!-- This site is optimized with the Yoast SEO plugin v27.5 - https:\/\/yoast.com\/product\/yoast-seo-wordpress\/ -->\n<title>Robe de mari\u00e9e Robe de mari\u00e9e Gervaise<\/title>\n<meta name=\"description\" content=\"Robe de mari\u00e9e Gervaise fabriqu\u00e9e \u00e0 Paris, une robe bustier en dentelle de Calais avec sa jupe volumineuse en tulle anglais\" \/>\n<meta name=\"robots\" content=\"index, follow, max-snippet:-1, max-image-preview:large, max-video-preview:-1\" \/>\n<link rel=\"canonical\" href=\"https:\/\/www.davidpurves.com\/en\/collection-family\/robe-de-mariee-gervaise\/\" \/>\n<meta property=\"og:locale\" content=\"en_US\" \/>\n<meta property=\"og:type\" content=\"article\" \/>\n<meta property=\"og:title\" content=\"Robe de mari\u00e9e Robe de mari\u00e9e Gervaise\" \/>\n<meta property=\"og:description\" content=\"Robe de mari\u00e9e Gervaise fabriqu\u00e9e \u00e0 Paris, une robe bustier en dentelle de Calais avec sa jupe volumineuse en tulle anglais\" \/>\n<meta property=\"og:url\" content=\"https:\/\/www.davidpurves.com\/en\/collection-family\/robe-de-mariee-gervaise\/\" \/>\n<meta property=\"og:site_name\" content=\"David Purves - Cr\u00e9ateur de robe de mari\u00e9e sur mesure Paris\" \/>\n<meta property=\"article:publisher\" content=\"https:\/\/www.facebook.com\/david.purves.524\/\" \/>\n<meta property=\"article:modified_time\" content=\"2025-04-10T09:25:48+00:00\" \/>\n<meta property=\"og:image\" content=\"https:\/\/www.davidpurves.com\/wp-content\/uploads\/2023\/07\/robe-de-mariee-paris-gervaise-1-scaled.jpg\" \/>\n\t<meta property=\"og:image:width\" content=\"1709\" \/>\n\t<meta property=\"og:image:height\" content=\"2560\" \/>\n\t<meta property=\"og:image:type\" content=\"image\/jpeg\" \/>\n<meta name=\"twitter:card\" content=\"summary_large_image\" \/>\n<meta name=\"twitter:label1\" content=\"Est. reading time\" \/>\n\t<meta name=\"twitter:data1\" content=\"1 minute\" \/>\n<script type=\"application\/ld+json\" class=\"yoast-schema-graph\">{\"@context\":\"https:\\\/\\\/schema.org\",\"@graph\":[{\"@type\":\"WebPage\",\"@id\":\"https:\\\/\\\/www.davidpurves.com\\\/en\\\/collection-family\\\/robe-de-mariee-gervaise\\\/\",\"url\":\"https:\\\/\\\/www.davidpurves.com\\\/en\\\/collection-family\\\/robe-de-mariee-gervaise\\\/\",\"name\":\"Robe de mari\u00e9e Robe de mari\u00e9e Gervaise\",\"isPartOf\":{\"@id\":\"https:\\\/\\\/www.davidpurves.com\\\/en\\\/#website\"},\"primaryImageOfPage\":{\"@id\":\"https:\\\/\\\/www.davidpurves.com\\\/en\\\/collection-family\\\/robe-de-mariee-gervaise\\\/#primaryimage\"},\"image\":{\"@id\":\"https:\\\/\\\/www.davidpurves.com\\\/en\\\/collection-family\\\/robe-de-mariee-gervaise\\\/#primaryimage\"},\"thumbnailUrl\":\"https:\\\/\\\/i0.wp.com\\\/www.davidpurves.com\\\/wp-content\\\/uploads\\\/2023\\\/07\\\/robe-de-mariee-paris-gervaise-1-scaled.jpg?fit=1709%2C2560&ssl=1\",\"datePublished\":\"2023-07-20T12:31:14+00:00\",\"dateModified\":\"2025-04-10T09:25:48+00:00\",\"description\":\"Robe de mari\u00e9e Gervaise fabriqu\u00e9e \u00e0 Paris, une robe bustier en dentelle de Calais avec sa jupe volumineuse en tulle anglais\",\"breadcrumb\":{\"@id\":\"https:\\\/\\\/www.davidpurves.com\\\/en\\\/collection-family\\\/robe-de-mariee-gervaise\\\/#breadcrumb\"},\"inLanguage\":\"en-US\",\"potentialAction\":[{\"@type\":\"ReadAction\",\"target\":[\"https:\\\/\\\/www.davidpurves.com\\\/en\\\/collection-family\\\/robe-de-mariee-gervaise\\\/\"]}]},{\"@type\":\"ImageObject\",\"inLanguage\":\"en-US\",\"@id\":\"https:\\\/\\\/www.davidpurves.com\\\/en\\\/collection-family\\\/robe-de-mariee-gervaise\\\/#primaryimage\",\"url\":\"https:\\\/\\\/i0.wp.com\\\/www.davidpurves.com\\\/wp-content\\\/uploads\\\/2023\\\/07\\\/robe-de-mariee-paris-gervaise-1-scaled.jpg?fit=1709%2C2560&ssl=1\",\"contentUrl\":\"https:\\\/\\\/i0.wp.com\\\/www.davidpurves.com\\\/wp-content\\\/uploads\\\/2023\\\/07\\\/robe-de-mariee-paris-gervaise-1-scaled.jpg?fit=1709%2C2560&ssl=1\",\"width\":1709,\"height\":2560},{\"@type\":\"BreadcrumbList\",\"@id\":\"https:\\\/\\\/www.davidpurves.com\\\/en\\\/collection-family\\\/robe-de-mariee-gervaise\\\/#breadcrumb\",\"itemListElement\":[{\"@type\":\"ListItem\",\"position\":1,\"name\":\"Accueil\",\"item\":\"https:\\\/\\\/www.davidpurves.com\\\/en\\\/\"},{\"@type\":\"ListItem\",\"position\":2,\"name\":\"Collection Family\",\"item\":\"https:\\\/\\\/www.davidpurves.com\\\/en\\\/collection-family\\\/\"},{\"@type\":\"ListItem\",\"position\":3,\"name\":\"Robe de mari\u00e9e Gervaise\"}]},{\"@type\":\"WebSite\",\"@id\":\"https:\\\/\\\/www.davidpurves.com\\\/en\\\/#website\",\"url\":\"https:\\\/\\\/www.davidpurves.com\\\/en\\\/\",\"name\":\"David Purves - Cr\u00e9ateur de robe de mari\u00e9e sur mesure Paris\",\"description\":\"\",\"publisher\":{\"@id\":\"https:\\\/\\\/www.davidpurves.com\\\/en\\\/#organization\"},\"potentialAction\":[{\"@type\":\"SearchAction\",\"target\":{\"@type\":\"EntryPoint\",\"urlTemplate\":\"https:\\\/\\\/www.davidpurves.com\\\/en\\\/?s={search_term_string}\"},\"query-input\":{\"@type\":\"PropertyValueSpecification\",\"valueRequired\":true,\"valueName\":\"search_term_string\"}}],\"inLanguage\":\"en-US\"},{\"@type\":\"Organization\",\"@id\":\"https:\\\/\\\/www.davidpurves.com\\\/en\\\/#organization\",\"name\":\"David Purves - Cr\u00e9ateur de robe de mari\u00e9e sur mesure Paris\",\"url\":\"https:\\\/\\\/www.davidpurves.com\\\/en\\\/\",\"logo\":{\"@type\":\"ImageObject\",\"inLanguage\":\"en-US\",\"@id\":\"https:\\\/\\\/www.davidpurves.com\\\/en\\\/#\\\/schema\\\/logo\\\/image\\\/\",\"url\":\"https:\\\/\\\/i0.wp.com\\\/www.davidpurves.com\\\/wp-content\\\/uploads\\\/2023\\\/06\\\/Header_2.png?fit=480%2C99&ssl=1\",\"contentUrl\":\"https:\\\/\\\/i0.wp.com\\\/www.davidpurves.com\\\/wp-content\\\/uploads\\\/2023\\\/06\\\/Header_2.png?fit=480%2C99&ssl=1\",\"width\":480,\"height\":99,\"caption\":\"David Purves - Cr\u00e9ateur de robe de mari\u00e9e sur mesure Paris\"},\"image\":{\"@id\":\"https:\\\/\\\/www.davidpurves.com\\\/en\\\/#\\\/schema\\\/logo\\\/image\\\/\"},\"sameAs\":[\"https:\\\/\\\/www.facebook.com\\\/david.purves.524\\\/\",\"https:\\\/\\\/www.instagram.com\\\/david_purves\\\/?hl=fr\"]}]}<\/script>\n<!-- \/ Yoast SEO plugin. -->","yoast_head_json":{"title":"Robe de mari\u00e9e Robe de mari\u00e9e Gervaise","description":"Robe de mari\u00e9e Gervaise fabriqu\u00e9e \u00e0 Paris, une robe bustier en dentelle de Calais avec sa jupe volumineuse en tulle anglais","robots":{"index":"index","follow":"follow","max-snippet":"max-snippet:-1","max-image-preview":"max-image-preview:large","max-video-preview":"max-video-preview:-1"},"canonical":"https:\/\/www.davidpurves.com\/en\/collection-family\/robe-de-mariee-gervaise\/","og_locale":"en_US","og_type":"article","og_title":"Robe de mari\u00e9e Robe de mari\u00e9e Gervaise","og_description":"Robe de mari\u00e9e Gervaise fabriqu\u00e9e \u00e0 Paris, une robe bustier en dentelle de Calais avec sa jupe volumineuse en tulle anglais","og_url":"https:\/\/www.davidpurves.com\/en\/collection-family\/robe-de-mariee-gervaise\/","og_site_name":"David Purves - Cr\u00e9ateur de robe de mari\u00e9e sur mesure Paris","article_publisher":"https:\/\/www.facebook.com\/david.purves.524\/","article_modified_time":"2025-04-10T09:25:48+00:00","og_image":[{"width":1709,"height":2560,"url":"https:\/\/www.davidpurves.com\/wp-content\/uploads\/2023\/07\/robe-de-mariee-paris-gervaise-1-scaled.jpg","type":"image\/jpeg"}],"twitter_card":"summary_large_image","twitter_misc":{"Est. reading time":"1 minute"},"schema":{"@context":"https:\/\/schema.org","@graph":[{"@type":"WebPage","@id":"https:\/\/www.davidpurves.com\/en\/collection-family\/robe-de-mariee-gervaise\/","url":"https:\/\/www.davidpurves.com\/en\/collection-family\/robe-de-mariee-gervaise\/","name":"Robe de mari\u00e9e Robe de mari\u00e9e Gervaise","isPartOf":{"@id":"https:\/\/www.davidpurves.com\/en\/#website"},"primaryImageOfPage":{"@id":"https:\/\/www.davidpurves.com\/en\/collection-family\/robe-de-mariee-gervaise\/#primaryimage"},"image":{"@id":"https:\/\/www.davidpurves.com\/en\/collection-family\/robe-de-mariee-gervaise\/#primaryimage"},"thumbnailUrl":"https:\/\/i0.wp.com\/www.davidpurves.com\/wp-content\/uploads\/2023\/07\/robe-de-mariee-paris-gervaise-1-scaled.jpg?fit=1709%2C2560&ssl=1","datePublished":"2023-07-20T12:31:14+00:00","dateModified":"2025-04-10T09:25:48+00:00","description":"Robe de mari\u00e9e Gervaise fabriqu\u00e9e \u00e0 Paris, une robe bustier en dentelle de Calais avec sa jupe volumineuse en tulle anglais","breadcrumb":{"@id":"https:\/\/www.davidpurves.com\/en\/collection-family\/robe-de-mariee-gervaise\/#breadcrumb"},"inLanguage":"en-US","potentialAction":[{"@type":"ReadAction","target":["https:\/\/www.davidpurves.com\/en\/collection-family\/robe-de-mariee-gervaise\/"]}]},{"@type":"ImageObject","inLanguage":"en-US","@id":"https:\/\/www.davidpurves.com\/en\/collection-family\/robe-de-mariee-gervaise\/#primaryimage","url":"https:\/\/i0.wp.com\/www.davidpurves.com\/wp-content\/uploads\/2023\/07\/robe-de-mariee-paris-gervaise-1-scaled.jpg?fit=1709%2C2560&ssl=1","contentUrl":"https:\/\/i0.wp.com\/www.davidpurves.com\/wp-content\/uploads\/2023\/07\/robe-de-mariee-paris-gervaise-1-scaled.jpg?fit=1709%2C2560&ssl=1","width":1709,"height":2560},{"@type":"BreadcrumbList","@id":"https:\/\/www.davidpurves.com\/en\/collection-family\/robe-de-mariee-gervaise\/#breadcrumb","itemListElement":[{"@type":"ListItem","position":1,"name":"Accueil","item":"https:\/\/www.davidpurves.com\/en\/"},{"@type":"ListItem","position":2,"name":"Collection Family","item":"https:\/\/www.davidpurves.com\/en\/collection-family\/"},{"@type":"ListItem","position":3,"name":"Robe de mari\u00e9e Gervaise"}]},{"@type":"WebSite","@id":"https:\/\/www.davidpurves.com\/en\/#website","url":"https:\/\/www.davidpurves.com\/en\/","name":"David Purves - Cr\u00e9ateur de robe de mari\u00e9e sur mesure Paris","description":"","publisher":{"@id":"https:\/\/www.davidpurves.com\/en\/#organization"},"potentialAction":[{"@type":"SearchAction","target":{"@type":"EntryPoint","urlTemplate":"https:\/\/www.davidpurves.com\/en\/?s={search_term_string}"},"query-input":{"@type":"PropertyValueSpecification","valueRequired":true,"valueName":"search_term_string"}}],"inLanguage":"en-US"},{"@type":"Organization","@id":"https:\/\/www.davidpurves.com\/en\/#organization","name":"David Purves - Cr\u00e9ateur de robe de mari\u00e9e sur mesure Paris","url":"https:\/\/www.davidpurves.com\/en\/","logo":{"@type":"ImageObject","inLanguage":"en-US","@id":"https:\/\/www.davidpurves.com\/en\/#\/schema\/logo\/image\/","url":"https:\/\/i0.wp.com\/www.davidpurves.com\/wp-content\/uploads\/2023\/06\/Header_2.png?fit=480%2C99&ssl=1","contentUrl":"https:\/\/i0.wp.com\/www.davidpurves.com\/wp-content\/uploads\/2023\/06\/Header_2.png?fit=480%2C99&ssl=1","width":480,"height":99,"caption":"David Purves - Cr\u00e9ateur de robe de mari\u00e9e sur mesure Paris"},"image":{"@id":"https:\/\/www.davidpurves.com\/en\/#\/schema\/logo\/image\/"},"sameAs":["https:\/\/www.facebook.com\/david.purves.524\/","https:\/\/www.instagram.com\/david_purves\/?hl=fr"]}]}},"jetpack_sharing_enabled":true,"_links":{"self":[{"href":"https:\/\/www.davidpurves.com\/en\/wp-json\/wp\/v2\/pages\/4539","targetHints":{"allow":["GET"]}}],"collection":[{"href":"https:\/\/www.davidpurves.com\/en\/wp-json\/wp\/v2\/pages"}],"about":[{"href":"https:\/\/www.davidpurves.com\/en\/wp-json\/wp\/v2\/types\/page"}],"author":[{"embeddable":true,"href":"https:\/\/www.davidpurves.com\/en\/wp-json\/wp\/v2\/users\/2"}],"replies":[{"embeddable":true,"href":"https:\/\/www.davidpurves.com\/en\/wp-json\/wp\/v2\/comments?post=4539"}],"version-history":[{"count":5,"href":"https:\/\/www.davidpurves.com\/en\/wp-json\/wp\/v2\/pages\/4539\/revisions"}],"predecessor-version":[{"id":8821,"href":"https:\/\/www.davidpurves.com\/en\/wp-json\/wp\/v2\/pages\/4539\/revisions\/8821"}],"up":[{"embeddable":true,"href":"https:\/\/www.davidpurves.com\/en\/wp-json\/wp\/v2\/pages\/4536"}],"wp:featuredmedia":[{"embeddable":true,"href":"https:\/\/www.davidpurves.com\/en\/wp-json\/wp\/v2\/media\/2275"}],"wp:attachment":[{"href":"https:\/\/www.davidpurves.com\/en\/wp-json\/wp\/v2\/media?parent=4539"}],"curies":[{"name":"wp","href":"https:\/\/api.w.org\/{rel}","templated":true}]}}