{"id":4502,"date":"2023-07-18T14:29:30","date_gmt":"2023-07-18T12:29:30","guid":{"rendered":"https:\/\/www.davidpurves.com\/collection-tournelle\/visconti\/"},"modified":"2025-04-10T11:51:19","modified_gmt":"2025-04-10T09:51:19","slug":"robe-de-mariee-visconti","status":"publish","type":"page","link":"https:\/\/www.davidpurves.com\/en\/collection-tournelle\/robe-de-mariee-visconti\/","title":{"rendered":"Robe de mari\u00e9e Visconti"},"content":{"rendered":"\n  <div id=\"page-header-2063010425\" class=\"page-header-wrapper\">\n  <div class=\"page-title light simple-title\">\n\n    \n    <div class=\"page-title-inner container align-top flex-row medium-flex-wrap row-reverse\" >\n            <div class=\"title-content flex-col flex-left text-left medium-text-center\">\n        <div class=\"title-breadcrumbs pb-half pt-half\"><nav class=\"woocommerce-breadcrumb breadcrumbs \" aria-label=\"Breadcrumb\">Home<\/nav><\/div>      <\/div>\n    <\/div>\n\n     \n<style>\n#page-header-2063010425 .page-title-inner {\n  min-height: 0px;\n}\n#page-header-2063010425 .title-overlay {\n  background-color: rgb(255, 255, 255);\n}\n<\/style>\n  <\/div>\n    <\/div>\n  \n\n\n  \n    <div class=\"row large-columns-2 medium-columns- small-columns- row-xsmall row-full-width slider row-slider slider-nav-circle slider-nav-light slider-nav-push\"  data-flickity-options='{&quot;imagesLoaded&quot;: true, &quot;groupCells&quot;: &quot;100%&quot;, &quot;dragThreshold&quot; : 5, &quot;cellAlign&quot;: &quot;left&quot;,&quot;wrapAround&quot;: true,&quot;prevNextButtons&quot;: true,&quot;percentPosition&quot;: true,&quot;pageDots&quot;: false, &quot;rightToLeft&quot;: false, &quot;autoPlay&quot; : false}' >\n\n  <div class=\"gallery-col col\" >\n          <div class=\"col-inner\">\n            <a class=\"image-lightbox lightbox-gallery\" href=\"https:\/\/i0.wp.com\/www.davidpurves.com\/wp-content\/uploads\/2023\/07\/robe-de-mariee-paris-visconti-1-scaled.jpg?ssl=1\" title=\"\">            <div class=\"box has-hover gallery-box box-normal\">\n              <div class=\"box-image\" >\n                <img data-recalc-dims=\"1\" loading=\"lazy\" decoding=\"async\" width=\"1020\" height=\"1360\" src=\"https:\/\/i0.wp.com\/www.davidpurves.com\/wp-content\/uploads\/2023\/07\/robe-de-mariee-paris-visconti-1-scaled.jpg?resize=1020%2C1360&#038;ssl=1\" class=\"attachment-original size-original\" alt=\"Robe de mari\u00e9e en dentelle de Calais et crepe de soie\" ids=\"991,992\" style=\"normal\" lightbox_image_size=\"original\" type=\"slider\" col_spacing=\"xsmall\" columns=\"2\" slider_nav_style=\"circle\" slider_nav_color=\"light\" image_size=\"original\" srcset=\"https:\/\/i0.wp.com\/www.davidpurves.com\/wp-content\/uploads\/2023\/07\/robe-de-mariee-paris-visconti-1-scaled.jpg?w=1920&amp;ssl=1 1920w, https:\/\/i0.wp.com\/www.davidpurves.com\/wp-content\/uploads\/2023\/07\/robe-de-mariee-paris-visconti-1-scaled.jpg?resize=300%2C400&amp;ssl=1 300w, https:\/\/i0.wp.com\/www.davidpurves.com\/wp-content\/uploads\/2023\/07\/robe-de-mariee-paris-visconti-1-scaled.jpg?resize=600%2C800&amp;ssl=1 600w, https:\/\/i0.wp.com\/www.davidpurves.com\/wp-content\/uploads\/2023\/07\/robe-de-mariee-paris-visconti-1-scaled.jpg?resize=768%2C1024&amp;ssl=1 768w, https:\/\/i0.wp.com\/www.davidpurves.com\/wp-content\/uploads\/2023\/07\/robe-de-mariee-paris-visconti-1-scaled.jpg?resize=1152%2C1536&amp;ssl=1 1152w, https:\/\/i0.wp.com\/www.davidpurves.com\/wp-content\/uploads\/2023\/07\/robe-de-mariee-paris-visconti-1-scaled.jpg?resize=1536%2C2048&amp;ssl=1 1536w, https:\/\/i0.wp.com\/www.davidpurves.com\/wp-content\/uploads\/2023\/07\/robe-de-mariee-paris-visconti-1-scaled.jpg?resize=1320%2C1760&amp;ssl=1 1320w\" sizes=\"auto, (max-width: 1020px) 100vw, 1020px\" \/>                                                              <\/div>\n              <div class=\"box-text text-left\" >\n                 <p><\/p>\n              <\/div>\n            <\/div>\n            <\/a>          <\/div>\n         <\/div><div class=\"gallery-col col\" >\n          <div class=\"col-inner\">\n            <a class=\"image-lightbox lightbox-gallery\" href=\"https:\/\/i0.wp.com\/www.davidpurves.com\/wp-content\/uploads\/2023\/07\/robe-de-mariee-paris-visconti-2-scaled.jpg?ssl=1\" title=\"\">            <div class=\"box has-hover gallery-box box-normal\">\n              <div class=\"box-image\" >\n                <img data-recalc-dims=\"1\" loading=\"lazy\" decoding=\"async\" width=\"1020\" height=\"1360\" src=\"https:\/\/i0.wp.com\/www.davidpurves.com\/wp-content\/uploads\/2023\/07\/robe-de-mariee-paris-visconti-2-scaled.jpg?resize=1020%2C1360&#038;ssl=1\" class=\"attachment-original size-original\" alt=\"\" ids=\"991,992\" style=\"normal\" lightbox_image_size=\"original\" type=\"slider\" col_spacing=\"xsmall\" columns=\"2\" slider_nav_style=\"circle\" slider_nav_color=\"light\" image_size=\"original\" srcset=\"https:\/\/i0.wp.com\/www.davidpurves.com\/wp-content\/uploads\/2023\/07\/robe-de-mariee-paris-visconti-2-scaled.jpg?w=1920&amp;ssl=1 1920w, https:\/\/i0.wp.com\/www.davidpurves.com\/wp-content\/uploads\/2023\/07\/robe-de-mariee-paris-visconti-2-scaled.jpg?resize=300%2C400&amp;ssl=1 300w, https:\/\/i0.wp.com\/www.davidpurves.com\/wp-content\/uploads\/2023\/07\/robe-de-mariee-paris-visconti-2-scaled.jpg?resize=600%2C800&amp;ssl=1 600w, https:\/\/i0.wp.com\/www.davidpurves.com\/wp-content\/uploads\/2023\/07\/robe-de-mariee-paris-visconti-2-scaled.jpg?resize=768%2C1024&amp;ssl=1 768w, https:\/\/i0.wp.com\/www.davidpurves.com\/wp-content\/uploads\/2023\/07\/robe-de-mariee-paris-visconti-2-scaled.jpg?resize=1152%2C1536&amp;ssl=1 1152w, https:\/\/i0.wp.com\/www.davidpurves.com\/wp-content\/uploads\/2023\/07\/robe-de-mariee-paris-visconti-2-scaled.jpg?resize=1536%2C2048&amp;ssl=1 1536w, https:\/\/i0.wp.com\/www.davidpurves.com\/wp-content\/uploads\/2023\/07\/robe-de-mariee-paris-visconti-2-scaled.jpg?resize=1320%2C1760&amp;ssl=1 1320w\" sizes=\"auto, (max-width: 1020px) 100vw, 1020px\" \/>                                                              <\/div>\n              <div class=\"box-text text-left\" >\n                 <p><\/p>\n              <\/div>\n            <\/div>\n            <\/a>          <\/div>\n         <\/div><\/div>\n\n<div class=\"row\"  id=\"row-1618836371\">\n\n\n\t<div id=\"col-1527644223\" class=\"col medium-10 small-12 large-10\"  >\n\t\t\t\t<div class=\"col-inner\"  >\n\t\t\t\n\t\t\t\n\n\t<div id=\"text-3222267796\" class=\"text\">\n\t\t\n\n<h1>Robe de mari\u00e9e Visconti<\/h1>\n\t\t\n<style>\n#text-3222267796 {\n  text-align: center;\n}\n<\/style>\n\t<\/div>\n\t\n<p><span style=\"font-weight: 400;\">La robe de mari\u00e9e en dentelle Visconti est une cr\u00e9ation intemporelle. Sa jupe en cr\u00eape de soie est port\u00e9e avec une ceinture en taffetas de soie nou\u00e9e dans le dos. Son haut en dentelle de Calais arbore de profonds d\u00e9collet\u00e9s sur le devant et sur le dos.<\/span><\/p>\n<p>Optez pour l&#8217;\u00e9l\u00e9gance intemporelle avec une <strong data-start=\"124\" data-end=\"171\">robe de mari\u00e9e en dentelle de Calais-Caudry<\/strong>. Confectionn\u00e9e \u00e0 partir d\u2019une dentelle fleurie d\u2019exception, reconnue pour sa finesse et son \u00e9l\u00e9gance, cette robe sublime la silhouette avec l\u00e9g\u00e8ret\u00e9.\u00a0<\/p>\n<p><em>Tous nos mod\u00e8les sont confectionn\u00e9s individuellement et sur commande dans notre atelier parisien. Cette robe de mari\u00e9e peut-\u00eatre confectionn\u00e9e dans une autre dentelle, un autre tissu, avec ou sans manches. La profondeur du d\u00e9collet\u00e9 peut \u00eatre retravaill\u00e9.<\/em><\/p>\n<p>D\u00e9couvrez en davantage sur notre <a href=\"https:\/\/www.davidpurves.com\/en\/maison-de-robes-de-mariee-couture-david-purves-paris\/\">univers<\/a>, notre <a href=\"https:\/\/www.davidpurves.com\/en\/robes-de-mariee-uniques-sur-mesure\/\">savoir-faire<\/a> et nos robes de mari\u00e9e sur notre compte <a href=\"https:\/\/www.instagram.com\/david_purves\/\">Instagram.<\/a><\/p>\n<p>\u00a0<\/p>\n\n\t\t<\/div>\n\t\t\t\t\t<\/div>\n\n\t\n\n\t<div id=\"col-679313935\" class=\"col medium-2 small-12 large-2\"  >\n\t\t\t\t<div class=\"col-inner\"  >\n\t\t\t\n\t\t\t\n\n<div class=\"social-icons share-icons share-row relative full-width text-center\" style=\"font-size:64%\"><a href=\"whatsapp:\/\/send?text=Robe%20de%20mari%C3%A9e%20Visconti - https:\/\/www.davidpurves.com\/en\/collection-tournelle\/robe-de-mariee-visconti\/\" data-action=\"share\/whatsapp\/share\" class=\"icon button circle is-outline tooltip whatsapp show-for-medium\" title=\"Share on WhatsApp\" aria-label=\"Share on WhatsApp\"><i class=\"icon-whatsapp\" aria-hidden=\"true\"><\/i><\/a><a href=\"https:\/\/www.facebook.com\/sharer.php?u=https:\/\/www.davidpurves.com\/en\/collection-tournelle\/robe-de-mariee-visconti\/\" data-label=\"Facebook\" onclick=\"window.open(this.href,this.title,'width=500,height=500,top=300px,left=300px'); return false;\" target=\"_blank\" class=\"icon button circle is-outline tooltip facebook\" title=\"Share on Facebook\" aria-label=\"Share on Facebook\" rel=\"noopener nofollow\"><i class=\"icon-facebook\" aria-hidden=\"true\"><\/i><\/a><a href=\"mailto:?subject=Robe%20de%20mari%C3%A9e%20Visconti&body=Check%20this%20out%3A%20https%3A%2F%2Fwww.davidpurves.com%2Fen%2Fcollection-tournelle%2Frobe-de-mariee-visconti%2F\" class=\"icon button circle is-outline tooltip email\" title=\"Email to a Friend\" aria-label=\"Email to a Friend\" rel=\"nofollow\"><i class=\"icon-envelop\" aria-hidden=\"true\"><\/i><\/a><a href=\"https:\/\/pinterest.com\/pin\/create\/button?url=https:\/\/www.davidpurves.com\/en\/collection-tournelle\/robe-de-mariee-visconti\/&media=https:\/\/i0.wp.com\/www.davidpurves.com\/wp-content\/uploads\/2023\/07\/robe-de-mariee-paris-visconti-1-scaled.jpg?fit=600%2C800&ssl=1&description=Robe%20de%20mari%C3%A9e%20Visconti\" onclick=\"window.open(this.href,this.title,'width=500,height=500,top=300px,left=300px'); return false;\" target=\"_blank\" class=\"icon button circle is-outline tooltip pinterest\" title=\"Pin on Pinterest\" aria-label=\"Pin on Pinterest\" rel=\"noopener nofollow\"><i class=\"icon-pinterest\" aria-hidden=\"true\"><\/i><\/a><\/div>\n\n\n\t\t<\/div>\n\t\t\t\t\t<\/div>\n\n\t\n\n<\/div>\n\t<div id=\"gap-1390283244\" class=\"gap-element clearfix\" style=\"display:block; height:auto;\">\n\t\t\n<style>\n#gap-1390283244 {\n  padding-top: 30px;\n}\n<\/style>\n\t<\/div>\n\t\n\n\n","protected":false},"excerpt":{"rendered":"","protected":false},"author":2,"featured_media":2177,"parent":4500,"menu_order":0,"comment_status":"closed","ping_status":"closed","template":"page-blank.php","meta":{"footnotes":""},"class_list":["post-4502","page","type-page","status-publish","has-post-thumbnail","hentry"],"yoast_head":"<!-- This site is optimized with the Yoast SEO plugin v27.4 - https:\/\/yoast.com\/product\/yoast-seo-wordpress\/ -->\n<title>Robe de mari\u00e9e Robe de mari\u00e9e Visconti Paris<\/title>\n<meta name=\"description\" content=\"La robe de mari\u00e9e Visconti : en cr\u00eape de soie, ceinture en taffetas et dentelle de Calais, fabriqu\u00e9e \u00e0 Paris\" \/>\n<meta name=\"robots\" content=\"index, follow, max-snippet:-1, max-image-preview:large, max-video-preview:-1\" \/>\n<link rel=\"canonical\" href=\"https:\/\/www.davidpurves.com\/en\/collection-tournelle\/robe-de-mariee-visconti\/\" \/>\n<meta property=\"og:locale\" content=\"en_US\" \/>\n<meta property=\"og:type\" content=\"article\" \/>\n<meta property=\"og:title\" content=\"Robe de mari\u00e9e Robe de mari\u00e9e Visconti Paris\" \/>\n<meta property=\"og:description\" content=\"La robe de mari\u00e9e Visconti : en cr\u00eape de soie, ceinture en taffetas et dentelle de Calais, fabriqu\u00e9e \u00e0 Paris\" \/>\n<meta property=\"og:url\" content=\"https:\/\/www.davidpurves.com\/en\/collection-tournelle\/robe-de-mariee-visconti\/\" \/>\n<meta property=\"og:site_name\" content=\"David Purves - Cr\u00e9ateur de robe de mari\u00e9e sur mesure Paris\" \/>\n<meta property=\"article:publisher\" content=\"https:\/\/www.facebook.com\/david.purves.524\/\" \/>\n<meta property=\"article:modified_time\" content=\"2025-04-10T09:51:19+00:00\" \/>\n<meta property=\"og:image\" content=\"https:\/\/www.davidpurves.com\/wp-content\/uploads\/2023\/07\/robe-de-mariee-paris-visconti-1-scaled.jpg\" \/>\n\t<meta property=\"og:image:width\" content=\"1920\" \/>\n\t<meta property=\"og:image:height\" content=\"2560\" \/>\n\t<meta property=\"og:image:type\" content=\"image\/jpeg\" \/>\n<meta name=\"twitter:card\" content=\"summary_large_image\" \/>\n<meta name=\"twitter:label1\" content=\"Est. reading time\" \/>\n\t<meta name=\"twitter:data1\" content=\"1 minute\" \/>\n<script type=\"application\/ld+json\" class=\"yoast-schema-graph\">{\"@context\":\"https:\\\/\\\/schema.org\",\"@graph\":[{\"@type\":\"WebPage\",\"@id\":\"https:\\\/\\\/www.davidpurves.com\\\/en\\\/collection-tournelle\\\/robe-de-mariee-visconti\\\/\",\"url\":\"https:\\\/\\\/www.davidpurves.com\\\/en\\\/collection-tournelle\\\/robe-de-mariee-visconti\\\/\",\"name\":\"Robe de mari\u00e9e Robe de mari\u00e9e Visconti Paris\",\"isPartOf\":{\"@id\":\"https:\\\/\\\/www.davidpurves.com\\\/en\\\/#website\"},\"primaryImageOfPage\":{\"@id\":\"https:\\\/\\\/www.davidpurves.com\\\/en\\\/collection-tournelle\\\/robe-de-mariee-visconti\\\/#primaryimage\"},\"image\":{\"@id\":\"https:\\\/\\\/www.davidpurves.com\\\/en\\\/collection-tournelle\\\/robe-de-mariee-visconti\\\/#primaryimage\"},\"thumbnailUrl\":\"https:\\\/\\\/i0.wp.com\\\/www.davidpurves.com\\\/wp-content\\\/uploads\\\/2023\\\/07\\\/robe-de-mariee-paris-visconti-1-scaled.jpg?fit=1920%2C2560&ssl=1\",\"datePublished\":\"2023-07-18T12:29:30+00:00\",\"dateModified\":\"2025-04-10T09:51:19+00:00\",\"description\":\"La robe de mari\u00e9e Visconti : en cr\u00eape de soie, ceinture en taffetas et dentelle de Calais, fabriqu\u00e9e \u00e0 Paris\",\"breadcrumb\":{\"@id\":\"https:\\\/\\\/www.davidpurves.com\\\/en\\\/collection-tournelle\\\/robe-de-mariee-visconti\\\/#breadcrumb\"},\"inLanguage\":\"en-US\",\"potentialAction\":[{\"@type\":\"ReadAction\",\"target\":[\"https:\\\/\\\/www.davidpurves.com\\\/en\\\/collection-tournelle\\\/robe-de-mariee-visconti\\\/\"]}]},{\"@type\":\"ImageObject\",\"inLanguage\":\"en-US\",\"@id\":\"https:\\\/\\\/www.davidpurves.com\\\/en\\\/collection-tournelle\\\/robe-de-mariee-visconti\\\/#primaryimage\",\"url\":\"https:\\\/\\\/i0.wp.com\\\/www.davidpurves.com\\\/wp-content\\\/uploads\\\/2023\\\/07\\\/robe-de-mariee-paris-visconti-1-scaled.jpg?fit=1920%2C2560&ssl=1\",\"contentUrl\":\"https:\\\/\\\/i0.wp.com\\\/www.davidpurves.com\\\/wp-content\\\/uploads\\\/2023\\\/07\\\/robe-de-mariee-paris-visconti-1-scaled.jpg?fit=1920%2C2560&ssl=1\",\"width\":1920,\"height\":2560,\"caption\":\"Robe de mari\u00e9e en dentelle de Calais et crepe de soie\"},{\"@type\":\"BreadcrumbList\",\"@id\":\"https:\\\/\\\/www.davidpurves.com\\\/en\\\/collection-tournelle\\\/robe-de-mariee-visconti\\\/#breadcrumb\",\"itemListElement\":[{\"@type\":\"ListItem\",\"position\":1,\"name\":\"Accueil\",\"item\":\"https:\\\/\\\/www.davidpurves.com\\\/en\\\/\"},{\"@type\":\"ListItem\",\"position\":2,\"name\":\"Collection Tournelle\",\"item\":\"https:\\\/\\\/www.davidpurves.com\\\/en\\\/collection-tournelle\\\/\"},{\"@type\":\"ListItem\",\"position\":3,\"name\":\"Robe de mari\u00e9e Visconti\"}]},{\"@type\":\"WebSite\",\"@id\":\"https:\\\/\\\/www.davidpurves.com\\\/en\\\/#website\",\"url\":\"https:\\\/\\\/www.davidpurves.com\\\/en\\\/\",\"name\":\"David Purves - Cr\u00e9ateur de robe de mari\u00e9e sur mesure Paris\",\"description\":\"\",\"publisher\":{\"@id\":\"https:\\\/\\\/www.davidpurves.com\\\/en\\\/#organization\"},\"potentialAction\":[{\"@type\":\"SearchAction\",\"target\":{\"@type\":\"EntryPoint\",\"urlTemplate\":\"https:\\\/\\\/www.davidpurves.com\\\/en\\\/?s={search_term_string}\"},\"query-input\":{\"@type\":\"PropertyValueSpecification\",\"valueRequired\":true,\"valueName\":\"search_term_string\"}}],\"inLanguage\":\"en-US\"},{\"@type\":\"Organization\",\"@id\":\"https:\\\/\\\/www.davidpurves.com\\\/en\\\/#organization\",\"name\":\"David Purves - Cr\u00e9ateur de robe de mari\u00e9e sur mesure Paris\",\"url\":\"https:\\\/\\\/www.davidpurves.com\\\/en\\\/\",\"logo\":{\"@type\":\"ImageObject\",\"inLanguage\":\"en-US\",\"@id\":\"https:\\\/\\\/www.davidpurves.com\\\/en\\\/#\\\/schema\\\/logo\\\/image\\\/\",\"url\":\"https:\\\/\\\/i0.wp.com\\\/www.davidpurves.com\\\/wp-content\\\/uploads\\\/2023\\\/06\\\/Header_2.png?fit=480%2C99&ssl=1\",\"contentUrl\":\"https:\\\/\\\/i0.wp.com\\\/www.davidpurves.com\\\/wp-content\\\/uploads\\\/2023\\\/06\\\/Header_2.png?fit=480%2C99&ssl=1\",\"width\":480,\"height\":99,\"caption\":\"David Purves - Cr\u00e9ateur de robe de mari\u00e9e sur mesure Paris\"},\"image\":{\"@id\":\"https:\\\/\\\/www.davidpurves.com\\\/en\\\/#\\\/schema\\\/logo\\\/image\\\/\"},\"sameAs\":[\"https:\\\/\\\/www.facebook.com\\\/david.purves.524\\\/\",\"https:\\\/\\\/www.instagram.com\\\/david_purves\\\/?hl=fr\"]}]}<\/script>\n<!-- \/ Yoast SEO plugin. -->","yoast_head_json":{"title":"Robe de mari\u00e9e Robe de mari\u00e9e Visconti Paris","description":"La robe de mari\u00e9e Visconti : en cr\u00eape de soie, ceinture en taffetas et dentelle de Calais, fabriqu\u00e9e \u00e0 Paris","robots":{"index":"index","follow":"follow","max-snippet":"max-snippet:-1","max-image-preview":"max-image-preview:large","max-video-preview":"max-video-preview:-1"},"canonical":"https:\/\/www.davidpurves.com\/en\/collection-tournelle\/robe-de-mariee-visconti\/","og_locale":"en_US","og_type":"article","og_title":"Robe de mari\u00e9e Robe de mari\u00e9e Visconti Paris","og_description":"La robe de mari\u00e9e Visconti : en cr\u00eape de soie, ceinture en taffetas et dentelle de Calais, fabriqu\u00e9e \u00e0 Paris","og_url":"https:\/\/www.davidpurves.com\/en\/collection-tournelle\/robe-de-mariee-visconti\/","og_site_name":"David Purves - Cr\u00e9ateur de robe de mari\u00e9e sur mesure Paris","article_publisher":"https:\/\/www.facebook.com\/david.purves.524\/","article_modified_time":"2025-04-10T09:51:19+00:00","og_image":[{"width":1920,"height":2560,"url":"https:\/\/www.davidpurves.com\/wp-content\/uploads\/2023\/07\/robe-de-mariee-paris-visconti-1-scaled.jpg","type":"image\/jpeg"}],"twitter_card":"summary_large_image","twitter_misc":{"Est. reading time":"1 minute"},"schema":{"@context":"https:\/\/schema.org","@graph":[{"@type":"WebPage","@id":"https:\/\/www.davidpurves.com\/en\/collection-tournelle\/robe-de-mariee-visconti\/","url":"https:\/\/www.davidpurves.com\/en\/collection-tournelle\/robe-de-mariee-visconti\/","name":"Robe de mari\u00e9e Robe de mari\u00e9e Visconti Paris","isPartOf":{"@id":"https:\/\/www.davidpurves.com\/en\/#website"},"primaryImageOfPage":{"@id":"https:\/\/www.davidpurves.com\/en\/collection-tournelle\/robe-de-mariee-visconti\/#primaryimage"},"image":{"@id":"https:\/\/www.davidpurves.com\/en\/collection-tournelle\/robe-de-mariee-visconti\/#primaryimage"},"thumbnailUrl":"https:\/\/i0.wp.com\/www.davidpurves.com\/wp-content\/uploads\/2023\/07\/robe-de-mariee-paris-visconti-1-scaled.jpg?fit=1920%2C2560&ssl=1","datePublished":"2023-07-18T12:29:30+00:00","dateModified":"2025-04-10T09:51:19+00:00","description":"La robe de mari\u00e9e Visconti : en cr\u00eape de soie, ceinture en taffetas et dentelle de Calais, fabriqu\u00e9e \u00e0 Paris","breadcrumb":{"@id":"https:\/\/www.davidpurves.com\/en\/collection-tournelle\/robe-de-mariee-visconti\/#breadcrumb"},"inLanguage":"en-US","potentialAction":[{"@type":"ReadAction","target":["https:\/\/www.davidpurves.com\/en\/collection-tournelle\/robe-de-mariee-visconti\/"]}]},{"@type":"ImageObject","inLanguage":"en-US","@id":"https:\/\/www.davidpurves.com\/en\/collection-tournelle\/robe-de-mariee-visconti\/#primaryimage","url":"https:\/\/i0.wp.com\/www.davidpurves.com\/wp-content\/uploads\/2023\/07\/robe-de-mariee-paris-visconti-1-scaled.jpg?fit=1920%2C2560&ssl=1","contentUrl":"https:\/\/i0.wp.com\/www.davidpurves.com\/wp-content\/uploads\/2023\/07\/robe-de-mariee-paris-visconti-1-scaled.jpg?fit=1920%2C2560&ssl=1","width":1920,"height":2560,"caption":"Robe de mari\u00e9e en dentelle de Calais et crepe de soie"},{"@type":"BreadcrumbList","@id":"https:\/\/www.davidpurves.com\/en\/collection-tournelle\/robe-de-mariee-visconti\/#breadcrumb","itemListElement":[{"@type":"ListItem","position":1,"name":"Accueil","item":"https:\/\/www.davidpurves.com\/en\/"},{"@type":"ListItem","position":2,"name":"Collection Tournelle","item":"https:\/\/www.davidpurves.com\/en\/collection-tournelle\/"},{"@type":"ListItem","position":3,"name":"Robe de mari\u00e9e Visconti"}]},{"@type":"WebSite","@id":"https:\/\/www.davidpurves.com\/en\/#website","url":"https:\/\/www.davidpurves.com\/en\/","name":"David Purves - Cr\u00e9ateur de robe de mari\u00e9e sur mesure Paris","description":"","publisher":{"@id":"https:\/\/www.davidpurves.com\/en\/#organization"},"potentialAction":[{"@type":"SearchAction","target":{"@type":"EntryPoint","urlTemplate":"https:\/\/www.davidpurves.com\/en\/?s={search_term_string}"},"query-input":{"@type":"PropertyValueSpecification","valueRequired":true,"valueName":"search_term_string"}}],"inLanguage":"en-US"},{"@type":"Organization","@id":"https:\/\/www.davidpurves.com\/en\/#organization","name":"David Purves - Cr\u00e9ateur de robe de mari\u00e9e sur mesure Paris","url":"https:\/\/www.davidpurves.com\/en\/","logo":{"@type":"ImageObject","inLanguage":"en-US","@id":"https:\/\/www.davidpurves.com\/en\/#\/schema\/logo\/image\/","url":"https:\/\/i0.wp.com\/www.davidpurves.com\/wp-content\/uploads\/2023\/06\/Header_2.png?fit=480%2C99&ssl=1","contentUrl":"https:\/\/i0.wp.com\/www.davidpurves.com\/wp-content\/uploads\/2023\/06\/Header_2.png?fit=480%2C99&ssl=1","width":480,"height":99,"caption":"David Purves - Cr\u00e9ateur de robe de mari\u00e9e sur mesure Paris"},"image":{"@id":"https:\/\/www.davidpurves.com\/en\/#\/schema\/logo\/image\/"},"sameAs":["https:\/\/www.facebook.com\/david.purves.524\/","https:\/\/www.instagram.com\/david_purves\/?hl=fr"]}]}},"jetpack_sharing_enabled":true,"_links":{"self":[{"href":"https:\/\/www.davidpurves.com\/en\/wp-json\/wp\/v2\/pages\/4502","targetHints":{"allow":["GET"]}}],"collection":[{"href":"https:\/\/www.davidpurves.com\/en\/wp-json\/wp\/v2\/pages"}],"about":[{"href":"https:\/\/www.davidpurves.com\/en\/wp-json\/wp\/v2\/types\/page"}],"author":[{"embeddable":true,"href":"https:\/\/www.davidpurves.com\/en\/wp-json\/wp\/v2\/users\/2"}],"replies":[{"embeddable":true,"href":"https:\/\/www.davidpurves.com\/en\/wp-json\/wp\/v2\/comments?post=4502"}],"version-history":[{"count":8,"href":"https:\/\/www.davidpurves.com\/en\/wp-json\/wp\/v2\/pages\/4502\/revisions"}],"predecessor-version":[{"id":8859,"href":"https:\/\/www.davidpurves.com\/en\/wp-json\/wp\/v2\/pages\/4502\/revisions\/8859"}],"up":[{"embeddable":true,"href":"https:\/\/www.davidpurves.com\/en\/wp-json\/wp\/v2\/pages\/4500"}],"wp:featuredmedia":[{"embeddable":true,"href":"https:\/\/www.davidpurves.com\/en\/wp-json\/wp\/v2\/media\/2177"}],"wp:attachment":[{"href":"https:\/\/www.davidpurves.com\/en\/wp-json\/wp\/v2\/media?parent=4502"}],"curies":[{"name":"wp","href":"https:\/\/api.w.org\/{rel}","templated":true}]}}