{"id":4481,"date":"2023-07-11T11:18:22","date_gmt":"2023-07-11T09:18:22","guid":{"rendered":"https:\/\/www.davidpurves.com\/collections\/shop-demos\/lottie\/"},"modified":"2025-03-13T12:03:28","modified_gmt":"2025-03-13T11:03:28","slug":"robe-de-mariee-lottie","status":"publish","type":"page","link":"https:\/\/www.davidpurves.com\/en\/collections\/shop-demos\/robe-de-mariee-lottie\/","title":{"rendered":"Robe de mari\u00e9e Lottie"},"content":{"rendered":"\n  <div id=\"page-header-1119408935\" class=\"page-header-wrapper\">\n  <div class=\"page-title light simple-title\">\n\n    \n    <div class=\"page-title-inner container align-top flex-row medium-flex-wrap row-reverse\" >\n            <div class=\"title-content flex-col flex-left text-left medium-text-center\">\n        <div class=\"title-breadcrumbs pb-half pt-half\"><nav class=\"woocommerce-breadcrumb breadcrumbs \" aria-label=\"Breadcrumb\">Home<\/nav><\/div>      <\/div>\n    <\/div>\n\n     \n<style>\n#page-header-1119408935 .page-title-inner {\n  min-height: 0px;\n}\n#page-header-1119408935 .title-overlay {\n  background-color: rgb(255, 255, 255);\n}\n<\/style>\n  <\/div>\n    <\/div>\n  \n\n\n  \n    <div class=\"row large-columns-3 medium-columns- small-columns-2 row-xsmall row-full-width slider row-slider slider-nav-circle slider-nav-light slider-nav-push\"  data-flickity-options='{&quot;imagesLoaded&quot;: true, &quot;groupCells&quot;: &quot;100%&quot;, &quot;dragThreshold&quot; : 5, &quot;cellAlign&quot;: &quot;left&quot;,&quot;wrapAround&quot;: true,&quot;prevNextButtons&quot;: true,&quot;percentPosition&quot;: true,&quot;pageDots&quot;: false, &quot;rightToLeft&quot;: false, &quot;autoPlay&quot; : false}' >\n\n  <div class=\"gallery-col col\" >\n          <div class=\"col-inner\">\n            <a class=\"image-lightbox lightbox-gallery\" href=\"https:\/\/i0.wp.com\/www.davidpurves.com\/wp-content\/uploads\/2023\/07\/robe-de-mariee-bustier-courte-lottie-1.png?ssl=1\" title=\"\">            <div class=\"box has-hover gallery-box box-normal\">\n              <div class=\"box-image\" >\n                <img data-recalc-dims=\"1\" loading=\"lazy\" decoding=\"async\" width=\"1020\" height=\"1279\" src=\"https:\/\/i0.wp.com\/www.davidpurves.com\/wp-content\/uploads\/2023\/07\/robe-de-mariee-bustier-courte-lottie-1.png?resize=1020%2C1279&#038;ssl=1\" class=\"attachment-original size-original\" alt=\"Robe de mari\u00e9e bustier courte en tulle et mikado de soie, photographi\u00e9e sur un mannequin stockman de face\" ids=\"714,715,719\" style=\"normal\" lightbox_image_size=\"original\" type=\"slider\" col_spacing=\"xsmall\" columns=\"3\" slider_nav_style=\"circle\" slider_nav_color=\"light\" image_size=\"original\" \/>                                                              <\/div>\n              <div class=\"box-text text-left\" >\n                 <p><\/p>\n              <\/div>\n            <\/div>\n            <\/a>          <\/div>\n         <\/div><div class=\"gallery-col col\" >\n          <div class=\"col-inner\">\n            <a class=\"image-lightbox lightbox-gallery\" href=\"https:\/\/i0.wp.com\/www.davidpurves.com\/wp-content\/uploads\/2023\/07\/robe-de-mariee-bustier-courte-lottie-2.png?ssl=1\" title=\"\">            <div class=\"box has-hover gallery-box box-normal\">\n              <div class=\"box-image\" >\n                <img data-recalc-dims=\"1\" loading=\"lazy\" decoding=\"async\" width=\"1020\" height=\"1276\" src=\"https:\/\/i0.wp.com\/www.davidpurves.com\/wp-content\/uploads\/2023\/07\/robe-de-mariee-bustier-courte-lottie-2.png?resize=1020%2C1276&#038;ssl=1\" class=\"attachment-original size-original\" alt=\"Robe de mari\u00e9e bustier courte en tulle et mikado de soie, dos nu, photographi\u00e9e sur un mannequin stockman de profil\" ids=\"714,715,719\" style=\"normal\" lightbox_image_size=\"original\" type=\"slider\" col_spacing=\"xsmall\" columns=\"3\" slider_nav_style=\"circle\" slider_nav_color=\"light\" image_size=\"original\" \/>                                                              <\/div>\n              <div class=\"box-text text-left\" >\n                 <p><\/p>\n              <\/div>\n            <\/div>\n            <\/a>          <\/div>\n         <\/div><div class=\"gallery-col col\" >\n          <div class=\"col-inner\">\n            <a class=\"image-lightbox lightbox-gallery\" href=\"https:\/\/i0.wp.com\/www.davidpurves.com\/wp-content\/uploads\/2023\/07\/robe-de-mariee-louise-2.png?ssl=1\" title=\"\">            <div class=\"box has-hover gallery-box box-normal\">\n              <div class=\"box-image\" >\n                <img data-recalc-dims=\"1\" loading=\"lazy\" decoding=\"async\" width=\"1020\" height=\"1276\" src=\"https:\/\/i0.wp.com\/www.davidpurves.com\/wp-content\/uploads\/2023\/07\/robe-de-mariee-louise-2.png?resize=1020%2C1276&#038;ssl=1\" class=\"attachment-original size-original\" alt=\"Portrait du buste d&#039;une robe de mari\u00e9e bustier courte avec bubble skirt en tulle\" ids=\"714,715,719\" style=\"normal\" lightbox_image_size=\"original\" type=\"slider\" col_spacing=\"xsmall\" columns=\"3\" slider_nav_style=\"circle\" slider_nav_color=\"light\" image_size=\"original\" srcset=\"https:\/\/i0.wp.com\/www.davidpurves.com\/wp-content\/uploads\/2023\/07\/robe-de-mariee-louise-2.png?w=1260&amp;ssl=1 1260w, https:\/\/i0.wp.com\/www.davidpurves.com\/wp-content\/uploads\/2023\/07\/robe-de-mariee-louise-2.png?resize=320%2C400&amp;ssl=1 320w, https:\/\/i0.wp.com\/www.davidpurves.com\/wp-content\/uploads\/2023\/07\/robe-de-mariee-louise-2.png?resize=640%2C800&amp;ssl=1 640w, https:\/\/i0.wp.com\/www.davidpurves.com\/wp-content\/uploads\/2023\/07\/robe-de-mariee-louise-2.png?resize=768%2C961&amp;ssl=1 768w, https:\/\/i0.wp.com\/www.davidpurves.com\/wp-content\/uploads\/2023\/07\/robe-de-mariee-louise-2.png?resize=1228%2C1536&amp;ssl=1 1228w, https:\/\/i0.wp.com\/www.davidpurves.com\/wp-content\/uploads\/2023\/07\/robe-de-mariee-louise-2.png?resize=300%2C375&amp;ssl=1 300w, https:\/\/i0.wp.com\/www.davidpurves.com\/wp-content\/uploads\/2023\/07\/robe-de-mariee-louise-2.png?resize=600%2C750&amp;ssl=1 600w\" sizes=\"auto, (max-width: 1020px) 100vw, 1020px\" \/>                                                              <\/div>\n              <div class=\"box-text text-left\" >\n                 <p><\/p>\n              <\/div>\n            <\/div>\n            <\/a>          <\/div>\n         <\/div><\/div>\n\n<div class=\"row\"  id=\"row-1215937212\">\n\n\n\t<div id=\"col-1805808174\" class=\"col medium-10 small-12 large-10\"  >\n\t\t\t\t<div class=\"col-inner\"  >\n\t\t\t\n\t\t\t\n\n\t<div id=\"text-3487032573\" class=\"text\">\n\t\t\n\n<h1>Robe de mari\u00e9e Lottie<\/h1>\n\t\t\n<style>\n#text-3487032573 {\n  text-align: center;\n}\n<\/style>\n\t<\/div>\n\t\n\t<div id=\"text-1208867978\" class=\"text\">\n\t\t\n\n<h2 class=\"thin-font\">Robe de mari\u00e9e bustier courte<\/h2>\n\t\t\n<style>\n#text-1208867978 {\n  font-size: 0.75rem;\n  text-align: left;\n}\n<\/style>\n\t<\/div>\n\t\n<p class=\"p1\">La robe Lottie est une robe de mari\u00e9e bustier courte \u00e0 l&#8217;avant et plus longue derri\u00e8re. Elle est confectionn\u00e9e en mikado de soie et tulle anglais. Son bustier droit et ajust\u00e9 marque la taille avec raffinement, tandis que sa jupe volumineuse en tulle a\u00e9rien cr\u00e9e un effet vaporeux. Le contraste entre la structure \u00e9pur\u00e9e du corset et la richesse de la jupe offre \u00e0 cette robe de mari\u00e9e corset courte un \u00e9quilibre subtil.<\/p>\n\t<div id=\"text-37764183\" class=\"text\">\n\t\t\n\n<h2 class=\"thin-font\">Robe de mari\u00e9e corset : alliance d&#8217;\u00e9l\u00e9gance et confort<\/h2>\n\t\t\n<style>\n#text-37764183 {\n  font-size: 0.75rem;\n  text-align: left;\n}\n<\/style>\n\t<\/div>\n\t\n<p data-start=\"0\" data-end=\"425\">Les robes de mari\u00e9e dot\u00e9es d\u2019un corset allient \u00e9l\u00e9gance et maintien tout en garantissant un confort optimal. Gr\u00e2ce aux techniques de fabrication modernes et aux tissus contemporains, elles s\u2019adaptent parfaitement \u00e0 la silhouette. Ainsi, aujourd\u2019hui, des mati\u00e8res plus douces, des d\u00e9tails raffin\u00e9s et des coupes modernes ornent les corsets, les rendant \u00e0 la fois intemporels et actuels.<\/p>\n\t<div id=\"text-1346261881\" class=\"text\">\n\t\t\n\n<h2 class=\"thin-font\">L\u2019importance du sur-mesure pour un corset parfait<\/h2>\n\t\t\n<style>\n#text-1346261881 {\n  font-size: 0.75rem;\n  text-align: left;\n}\n<\/style>\n\t<\/div>\n\t\n<p data-start=\"427\" data-end=\"946\" data-is-last-node=\"\" data-is-only-node=\"\">Cependant, pour qu\u2019un corset remplisse pleinement son r\u00f4le \u2013 sublimer la silhouette tout en restant agr\u00e9able \u00e0 porter \u2013 il doit imp\u00e9rativement \u00eatre confectionn\u00e9 sur mesure. En effet, chaque morphologie est unique, et un corset mal ajust\u00e9 peut vite devenir inconfortable ou ne pas offrir le soutien escompt\u00e9. Sa r\u00e9alisation exige donc un savoir-faire pr\u00e9cis. Un choix minutieux des mat\u00e9riaux et une expertise en ajustement sont indispensables pour cr\u00e9er une pi\u00e8ce qui \u00e9pouse parfaitement le corps, mettant en valeur la mari\u00e9e avec justesse et harmonie.<\/p>\n\t<div id=\"text-303739066\" class=\"text\">\n\t\t\n\n<h2 class=\"thin-font\">L\u2019expertise de la maison David Purves<\/h2>\n\t\t\n<style>\n#text-303739066 {\n  font-size: 0.75rem;\n  text-align: left;\n}\n<\/style>\n\t<\/div>\n\t\n<p data-start=\"427\" data-end=\"946\" data-is-last-node=\"\" data-is-only-node=\"\">La maison David Purves est reconnue pour son expertise dans l\u2019art de la confection de corsets. Ainsi, gr\u00e2ce \u00e0 une attention minutieuse aux d\u00e9tails, nous concevons chaque corset pour offrir un maintien parfait tout en assurant un confort absolu. Chaque cr\u00e9ation allie tradition et modernit\u00e9, mettant en valeur la silhouette avec \u00e9l\u00e9gance et pr\u00e9cision.<\/p>\n<p><em>Tous nos mod\u00e8les sont confectionn\u00e9s individuellement et sur commande dans notre <a href=\"https:\/\/www.davidpurves.com\/en\/robes-de-mariee-uniques-sur-mesure\/\">atelier parisien<\/a>.<\/em><\/p>\n<p>D\u00e9couvrez en davantage sur notre univers, notre savoir-faire et nos robes de mari\u00e9e sur notre compte <a href=\"https:\/\/www.instagram.com\/david_purves\/\">Instagram.<\/a><\/p>\n\n\t\t<\/div>\n\t\t\t\t\t<\/div>\n\n\t\n\n\t<div id=\"col-922843318\" class=\"col medium-2 small-12 large-2\"  >\n\t\t\t\t<div class=\"col-inner\"  >\n\t\t\t\n\t\t\t\n\n<div class=\"social-icons share-icons share-row relative full-width text-center\" style=\"font-size:64%\"><a href=\"whatsapp:\/\/send?text=Robe%20de%20mari%C3%A9e%20Lottie - https:\/\/www.davidpurves.com\/en\/collections\/shop-demos\/robe-de-mariee-lottie\/\" data-action=\"share\/whatsapp\/share\" class=\"icon button circle is-outline tooltip whatsapp show-for-medium\" title=\"Share on WhatsApp\" aria-label=\"Share on WhatsApp\"><i class=\"icon-whatsapp\" aria-hidden=\"true\"><\/i><\/a><a href=\"https:\/\/www.facebook.com\/sharer.php?u=https:\/\/www.davidpurves.com\/en\/collections\/shop-demos\/robe-de-mariee-lottie\/\" data-label=\"Facebook\" onclick=\"window.open(this.href,this.title,'width=500,height=500,top=300px,left=300px'); return false;\" target=\"_blank\" class=\"icon button circle is-outline tooltip facebook\" title=\"Share on Facebook\" aria-label=\"Share on Facebook\" rel=\"noopener nofollow\"><i class=\"icon-facebook\" aria-hidden=\"true\"><\/i><\/a><a href=\"mailto:?subject=Robe%20de%20mari%C3%A9e%20Lottie&body=Check%20this%20out%3A%20https%3A%2F%2Fwww.davidpurves.com%2Fen%2Fcollections%2Fshop-demos%2Frobe-de-mariee-lottie%2F\" class=\"icon button circle is-outline tooltip email\" title=\"Email to a Friend\" aria-label=\"Email to a Friend\" rel=\"nofollow\"><i class=\"icon-envelop\" aria-hidden=\"true\"><\/i><\/a><a href=\"https:\/\/pinterest.com\/pin\/create\/button?url=https:\/\/www.davidpurves.com\/en\/collections\/shop-demos\/robe-de-mariee-lottie\/&media=https:\/\/i0.wp.com\/www.davidpurves.com\/wp-content\/uploads\/2023\/07\/robe-de-mariee-bustier-courte-lottie-1.png?fit=638%2C800&ssl=1&description=Robe%20de%20mari%C3%A9e%20Lottie\" onclick=\"window.open(this.href,this.title,'width=500,height=500,top=300px,left=300px'); return false;\" target=\"_blank\" class=\"icon button circle is-outline tooltip pinterest\" title=\"Pin on Pinterest\" aria-label=\"Pin on Pinterest\" rel=\"noopener nofollow\"><i class=\"icon-pinterest\" aria-hidden=\"true\"><\/i><\/a><\/div>\n\n\n\t\t<\/div>\n\t\t\t\t\t<\/div>\n\n\t\n\n<\/div>\n\t<div id=\"gap-1019899318\" class=\"gap-element clearfix\" style=\"display:block; height:auto;\">\n\t\t\n<style>\n#gap-1019899318 {\n  padding-top: 30px;\n}\n<\/style>\n\t<\/div>\n\t\n\n\n","protected":false},"excerpt":{"rendered":"","protected":false},"author":2,"featured_media":2031,"parent":4452,"menu_order":240,"comment_status":"closed","ping_status":"closed","template":"page-blank.php","meta":{"footnotes":""},"class_list":["post-4481","page","type-page","status-publish","has-post-thumbnail","hentry"],"yoast_head":"<!-- This site is optimized with the Yoast SEO plugin v27.5 - https:\/\/yoast.com\/product\/yoast-seo-wordpress\/ -->\n<title>Robe de mari\u00e9e bustier courte -Robe de mari\u00e9e Lottie Paris<\/title>\n<meta name=\"description\" content=\"La robe de mari\u00e9e Lottie est une robe courte devant et plus longue derri\u00e8re, avec un bustier pr\u00e8s du corps et une jupe en tulle anglais\" \/>\n<meta name=\"robots\" content=\"index, follow, max-snippet:-1, max-image-preview:large, max-video-preview:-1\" \/>\n<link rel=\"canonical\" href=\"https:\/\/www.davidpurves.com\/en\/collections\/shop-demos\/robe-de-mariee-lottie\/\" \/>\n<meta property=\"og:locale\" content=\"en_US\" \/>\n<meta property=\"og:type\" content=\"article\" \/>\n<meta property=\"og:title\" content=\"Robe de mari\u00e9e bustier courte -Robe de mari\u00e9e Lottie Paris\" \/>\n<meta property=\"og:description\" content=\"La robe de mari\u00e9e Lottie est une robe courte devant et plus longue derri\u00e8re, avec un bustier pr\u00e8s du corps et une jupe en tulle anglais\" \/>\n<meta property=\"og:url\" content=\"https:\/\/www.davidpurves.com\/en\/collections\/shop-demos\/robe-de-mariee-lottie\/\" \/>\n<meta property=\"og:site_name\" content=\"David Purves - Cr\u00e9ateur de robe de mari\u00e9e sur mesure Paris\" \/>\n<meta property=\"article:publisher\" content=\"https:\/\/www.facebook.com\/david.purves.524\/\" \/>\n<meta property=\"article:modified_time\" content=\"2025-03-13T11:03:28+00:00\" \/>\n<meta property=\"og:image\" content=\"https:\/\/www.davidpurves.com\/wp-content\/uploads\/2023\/07\/robe-de-mariee-lottie-1-638x800.png\" \/>\n\t<meta property=\"og:image:width\" content=\"638\" \/>\n\t<meta property=\"og:image:height\" content=\"800\" \/>\n\t<meta property=\"og:image:type\" content=\"image\/png\" \/>\n<meta name=\"twitter:card\" content=\"summary_large_image\" \/>\n<meta name=\"twitter:label1\" content=\"Est. reading time\" \/>\n\t<meta name=\"twitter:data1\" content=\"3 minutes\" \/>\n<script type=\"application\/ld+json\" class=\"yoast-schema-graph\">{\"@context\":\"https:\\\/\\\/schema.org\",\"@graph\":[{\"@type\":\"WebPage\",\"@id\":\"https:\\\/\\\/www.davidpurves.com\\\/en\\\/collections\\\/shop-demos\\\/robe-de-mariee-lottie\\\/\",\"url\":\"https:\\\/\\\/www.davidpurves.com\\\/en\\\/collections\\\/shop-demos\\\/robe-de-mariee-lottie\\\/\",\"name\":\"Robe de mari\u00e9e bustier courte -Robe de mari\u00e9e Lottie Paris\",\"isPartOf\":{\"@id\":\"https:\\\/\\\/www.davidpurves.com\\\/en\\\/#website\"},\"primaryImageOfPage\":{\"@id\":\"https:\\\/\\\/www.davidpurves.com\\\/en\\\/collections\\\/shop-demos\\\/robe-de-mariee-lottie\\\/#primaryimage\"},\"image\":{\"@id\":\"https:\\\/\\\/www.davidpurves.com\\\/en\\\/collections\\\/shop-demos\\\/robe-de-mariee-lottie\\\/#primaryimage\"},\"thumbnailUrl\":\"https:\\\/\\\/i0.wp.com\\\/www.davidpurves.com\\\/wp-content\\\/uploads\\\/2023\\\/07\\\/robe-de-mariee-bustier-courte-lottie-1.png?fit=1252%2C1570&ssl=1\",\"datePublished\":\"2023-07-11T09:18:22+00:00\",\"dateModified\":\"2025-03-13T11:03:28+00:00\",\"description\":\"La robe de mari\u00e9e Lottie est une robe courte devant et plus longue derri\u00e8re, avec un bustier pr\u00e8s du corps et une jupe en tulle anglais\",\"breadcrumb\":{\"@id\":\"https:\\\/\\\/www.davidpurves.com\\\/en\\\/collections\\\/shop-demos\\\/robe-de-mariee-lottie\\\/#breadcrumb\"},\"inLanguage\":\"en-US\",\"potentialAction\":[{\"@type\":\"ReadAction\",\"target\":[\"https:\\\/\\\/www.davidpurves.com\\\/en\\\/collections\\\/shop-demos\\\/robe-de-mariee-lottie\\\/\"]}]},{\"@type\":\"ImageObject\",\"inLanguage\":\"en-US\",\"@id\":\"https:\\\/\\\/www.davidpurves.com\\\/en\\\/collections\\\/shop-demos\\\/robe-de-mariee-lottie\\\/#primaryimage\",\"url\":\"https:\\\/\\\/i0.wp.com\\\/www.davidpurves.com\\\/wp-content\\\/uploads\\\/2023\\\/07\\\/robe-de-mariee-bustier-courte-lottie-1.png?fit=1252%2C1570&ssl=1\",\"contentUrl\":\"https:\\\/\\\/i0.wp.com\\\/www.davidpurves.com\\\/wp-content\\\/uploads\\\/2023\\\/07\\\/robe-de-mariee-bustier-courte-lottie-1.png?fit=1252%2C1570&ssl=1\",\"width\":1252,\"height\":1570,\"caption\":\"Robe de mari\u00e9e bustier courte en tulle et mikado de soie, photographi\u00e9e sur un mannequin stockman de face\"},{\"@type\":\"BreadcrumbList\",\"@id\":\"https:\\\/\\\/www.davidpurves.com\\\/en\\\/collections\\\/shop-demos\\\/robe-de-mariee-lottie\\\/#breadcrumb\",\"itemListElement\":[{\"@type\":\"ListItem\",\"position\":1,\"name\":\"Accueil\",\"item\":\"https:\\\/\\\/www.davidpurves.com\\\/en\\\/\"},{\"@type\":\"ListItem\",\"position\":2,\"name\":\"Wedding dresses\",\"item\":\"https:\\\/\\\/www.davidpurves.com\\\/en\\\/collections\\\/\"},{\"@type\":\"ListItem\",\"position\":3,\"name\":\"Collection Les Classiques\",\"item\":\"https:\\\/\\\/www.davidpurves.com\\\/en\\\/collections\\\/shop-demos\\\/\"},{\"@type\":\"ListItem\",\"position\":4,\"name\":\"Robe de mari\u00e9e Lottie\"}]},{\"@type\":\"WebSite\",\"@id\":\"https:\\\/\\\/www.davidpurves.com\\\/en\\\/#website\",\"url\":\"https:\\\/\\\/www.davidpurves.com\\\/en\\\/\",\"name\":\"David Purves - Cr\u00e9ateur de robe de mari\u00e9e sur mesure Paris\",\"description\":\"\",\"publisher\":{\"@id\":\"https:\\\/\\\/www.davidpurves.com\\\/en\\\/#organization\"},\"potentialAction\":[{\"@type\":\"SearchAction\",\"target\":{\"@type\":\"EntryPoint\",\"urlTemplate\":\"https:\\\/\\\/www.davidpurves.com\\\/en\\\/?s={search_term_string}\"},\"query-input\":{\"@type\":\"PropertyValueSpecification\",\"valueRequired\":true,\"valueName\":\"search_term_string\"}}],\"inLanguage\":\"en-US\"},{\"@type\":\"Organization\",\"@id\":\"https:\\\/\\\/www.davidpurves.com\\\/en\\\/#organization\",\"name\":\"David Purves - Cr\u00e9ateur de robe de mari\u00e9e sur mesure Paris\",\"url\":\"https:\\\/\\\/www.davidpurves.com\\\/en\\\/\",\"logo\":{\"@type\":\"ImageObject\",\"inLanguage\":\"en-US\",\"@id\":\"https:\\\/\\\/www.davidpurves.com\\\/en\\\/#\\\/schema\\\/logo\\\/image\\\/\",\"url\":\"https:\\\/\\\/i0.wp.com\\\/www.davidpurves.com\\\/wp-content\\\/uploads\\\/2023\\\/06\\\/Header_2.png?fit=480%2C99&ssl=1\",\"contentUrl\":\"https:\\\/\\\/i0.wp.com\\\/www.davidpurves.com\\\/wp-content\\\/uploads\\\/2023\\\/06\\\/Header_2.png?fit=480%2C99&ssl=1\",\"width\":480,\"height\":99,\"caption\":\"David Purves - Cr\u00e9ateur de robe de mari\u00e9e sur mesure Paris\"},\"image\":{\"@id\":\"https:\\\/\\\/www.davidpurves.com\\\/en\\\/#\\\/schema\\\/logo\\\/image\\\/\"},\"sameAs\":[\"https:\\\/\\\/www.facebook.com\\\/david.purves.524\\\/\",\"https:\\\/\\\/www.instagram.com\\\/david_purves\\\/?hl=fr\"]}]}<\/script>\n<!-- \/ Yoast SEO plugin. -->","yoast_head_json":{"title":"Robe de mari\u00e9e bustier courte -Robe de mari\u00e9e Lottie Paris","description":"La robe de mari\u00e9e Lottie est une robe courte devant et plus longue derri\u00e8re, avec un bustier pr\u00e8s du corps et une jupe en tulle anglais","robots":{"index":"index","follow":"follow","max-snippet":"max-snippet:-1","max-image-preview":"max-image-preview:large","max-video-preview":"max-video-preview:-1"},"canonical":"https:\/\/www.davidpurves.com\/en\/collections\/shop-demos\/robe-de-mariee-lottie\/","og_locale":"en_US","og_type":"article","og_title":"Robe de mari\u00e9e bustier courte -Robe de mari\u00e9e Lottie Paris","og_description":"La robe de mari\u00e9e Lottie est une robe courte devant et plus longue derri\u00e8re, avec un bustier pr\u00e8s du corps et une jupe en tulle anglais","og_url":"https:\/\/www.davidpurves.com\/en\/collections\/shop-demos\/robe-de-mariee-lottie\/","og_site_name":"David Purves - Cr\u00e9ateur de robe de mari\u00e9e sur mesure Paris","article_publisher":"https:\/\/www.facebook.com\/david.purves.524\/","article_modified_time":"2025-03-13T11:03:28+00:00","og_image":[{"width":638,"height":800,"url":"https:\/\/www.davidpurves.com\/wp-content\/uploads\/2023\/07\/robe-de-mariee-lottie-1-638x800.png","type":"image\/png"}],"twitter_card":"summary_large_image","twitter_misc":{"Est. reading time":"3 minutes"},"schema":{"@context":"https:\/\/schema.org","@graph":[{"@type":"WebPage","@id":"https:\/\/www.davidpurves.com\/en\/collections\/shop-demos\/robe-de-mariee-lottie\/","url":"https:\/\/www.davidpurves.com\/en\/collections\/shop-demos\/robe-de-mariee-lottie\/","name":"Robe de mari\u00e9e bustier courte -Robe de mari\u00e9e Lottie Paris","isPartOf":{"@id":"https:\/\/www.davidpurves.com\/en\/#website"},"primaryImageOfPage":{"@id":"https:\/\/www.davidpurves.com\/en\/collections\/shop-demos\/robe-de-mariee-lottie\/#primaryimage"},"image":{"@id":"https:\/\/www.davidpurves.com\/en\/collections\/shop-demos\/robe-de-mariee-lottie\/#primaryimage"},"thumbnailUrl":"https:\/\/i0.wp.com\/www.davidpurves.com\/wp-content\/uploads\/2023\/07\/robe-de-mariee-bustier-courte-lottie-1.png?fit=1252%2C1570&ssl=1","datePublished":"2023-07-11T09:18:22+00:00","dateModified":"2025-03-13T11:03:28+00:00","description":"La robe de mari\u00e9e Lottie est une robe courte devant et plus longue derri\u00e8re, avec un bustier pr\u00e8s du corps et une jupe en tulle anglais","breadcrumb":{"@id":"https:\/\/www.davidpurves.com\/en\/collections\/shop-demos\/robe-de-mariee-lottie\/#breadcrumb"},"inLanguage":"en-US","potentialAction":[{"@type":"ReadAction","target":["https:\/\/www.davidpurves.com\/en\/collections\/shop-demos\/robe-de-mariee-lottie\/"]}]},{"@type":"ImageObject","inLanguage":"en-US","@id":"https:\/\/www.davidpurves.com\/en\/collections\/shop-demos\/robe-de-mariee-lottie\/#primaryimage","url":"https:\/\/i0.wp.com\/www.davidpurves.com\/wp-content\/uploads\/2023\/07\/robe-de-mariee-bustier-courte-lottie-1.png?fit=1252%2C1570&ssl=1","contentUrl":"https:\/\/i0.wp.com\/www.davidpurves.com\/wp-content\/uploads\/2023\/07\/robe-de-mariee-bustier-courte-lottie-1.png?fit=1252%2C1570&ssl=1","width":1252,"height":1570,"caption":"Robe de mari\u00e9e bustier courte en tulle et mikado de soie, photographi\u00e9e sur un mannequin stockman de face"},{"@type":"BreadcrumbList","@id":"https:\/\/www.davidpurves.com\/en\/collections\/shop-demos\/robe-de-mariee-lottie\/#breadcrumb","itemListElement":[{"@type":"ListItem","position":1,"name":"Accueil","item":"https:\/\/www.davidpurves.com\/en\/"},{"@type":"ListItem","position":2,"name":"Wedding dresses","item":"https:\/\/www.davidpurves.com\/en\/collections\/"},{"@type":"ListItem","position":3,"name":"Collection Les Classiques","item":"https:\/\/www.davidpurves.com\/en\/collections\/shop-demos\/"},{"@type":"ListItem","position":4,"name":"Robe de mari\u00e9e Lottie"}]},{"@type":"WebSite","@id":"https:\/\/www.davidpurves.com\/en\/#website","url":"https:\/\/www.davidpurves.com\/en\/","name":"David Purves - Cr\u00e9ateur de robe de mari\u00e9e sur mesure Paris","description":"","publisher":{"@id":"https:\/\/www.davidpurves.com\/en\/#organization"},"potentialAction":[{"@type":"SearchAction","target":{"@type":"EntryPoint","urlTemplate":"https:\/\/www.davidpurves.com\/en\/?s={search_term_string}"},"query-input":{"@type":"PropertyValueSpecification","valueRequired":true,"valueName":"search_term_string"}}],"inLanguage":"en-US"},{"@type":"Organization","@id":"https:\/\/www.davidpurves.com\/en\/#organization","name":"David Purves - Cr\u00e9ateur de robe de mari\u00e9e sur mesure Paris","url":"https:\/\/www.davidpurves.com\/en\/","logo":{"@type":"ImageObject","inLanguage":"en-US","@id":"https:\/\/www.davidpurves.com\/en\/#\/schema\/logo\/image\/","url":"https:\/\/i0.wp.com\/www.davidpurves.com\/wp-content\/uploads\/2023\/06\/Header_2.png?fit=480%2C99&ssl=1","contentUrl":"https:\/\/i0.wp.com\/www.davidpurves.com\/wp-content\/uploads\/2023\/06\/Header_2.png?fit=480%2C99&ssl=1","width":480,"height":99,"caption":"David Purves - Cr\u00e9ateur de robe de mari\u00e9e sur mesure Paris"},"image":{"@id":"https:\/\/www.davidpurves.com\/en\/#\/schema\/logo\/image\/"},"sameAs":["https:\/\/www.facebook.com\/david.purves.524\/","https:\/\/www.instagram.com\/david_purves\/?hl=fr"]}]}},"jetpack_sharing_enabled":true,"_links":{"self":[{"href":"https:\/\/www.davidpurves.com\/en\/wp-json\/wp\/v2\/pages\/4481","targetHints":{"allow":["GET"]}}],"collection":[{"href":"https:\/\/www.davidpurves.com\/en\/wp-json\/wp\/v2\/pages"}],"about":[{"href":"https:\/\/www.davidpurves.com\/en\/wp-json\/wp\/v2\/types\/page"}],"author":[{"embeddable":true,"href":"https:\/\/www.davidpurves.com\/en\/wp-json\/wp\/v2\/users\/2"}],"replies":[{"embeddable":true,"href":"https:\/\/www.davidpurves.com\/en\/wp-json\/wp\/v2\/comments?post=4481"}],"version-history":[{"count":11,"href":"https:\/\/www.davidpurves.com\/en\/wp-json\/wp\/v2\/pages\/4481\/revisions"}],"predecessor-version":[{"id":8433,"href":"https:\/\/www.davidpurves.com\/en\/wp-json\/wp\/v2\/pages\/4481\/revisions\/8433"}],"up":[{"embeddable":true,"href":"https:\/\/www.davidpurves.com\/en\/wp-json\/wp\/v2\/pages\/4452"}],"wp:featuredmedia":[{"embeddable":true,"href":"https:\/\/www.davidpurves.com\/en\/wp-json\/wp\/v2\/media\/2031"}],"wp:attachment":[{"href":"https:\/\/www.davidpurves.com\/en\/wp-json\/wp\/v2\/media?parent=4481"}],"curies":[{"name":"wp","href":"https:\/\/api.w.org\/{rel}","templated":true}]}}