{"id":4476,"date":"2023-07-11T16:58:37","date_gmt":"2023-07-11T14:58:37","guid":{"rendered":"https:\/\/www.davidpurves.com\/collections\/shop-demos\/suzon\/"},"modified":"2025-03-13T16:01:57","modified_gmt":"2025-03-13T15:01:57","slug":"robe-de-mariee-suzon","status":"publish","type":"page","link":"https:\/\/www.davidpurves.com\/en\/collections\/shop-demos\/robe-de-mariee-suzon\/","title":{"rendered":"Robe de mari\u00e9e Suzon"},"content":{"rendered":"\n  <div id=\"page-header-854893402\" class=\"page-header-wrapper\">\n  <div class=\"page-title light simple-title\">\n\n    \n    <div class=\"page-title-inner container align-top flex-row medium-flex-wrap row-reverse\" >\n            <div class=\"title-content flex-col flex-left text-left medium-text-center\">\n        <div class=\"title-breadcrumbs pb-half pt-half\"><nav class=\"woocommerce-breadcrumb breadcrumbs \" aria-label=\"Breadcrumb\">Home<\/nav><\/div>      <\/div>\n    <\/div>\n\n     \n<style>\n#page-header-854893402 .page-title-inner {\n  min-height: 0px;\n}\n#page-header-854893402 .title-overlay {\n  background-color: rgb(255, 255, 255);\n}\n<\/style>\n  <\/div>\n    <\/div>\n  \n\n\n  \n    <div class=\"row large-columns-3 medium-columns- small-columns-2 row-xsmall row-full-width slider row-slider slider-nav-circle slider-nav-light slider-nav-push\"  data-flickity-options='{&quot;imagesLoaded&quot;: true, &quot;groupCells&quot;: &quot;100%&quot;, &quot;dragThreshold&quot; : 5, &quot;cellAlign&quot;: &quot;left&quot;,&quot;wrapAround&quot;: true,&quot;prevNextButtons&quot;: true,&quot;percentPosition&quot;: true,&quot;pageDots&quot;: false, &quot;rightToLeft&quot;: false, &quot;autoPlay&quot; : false}' >\n\n  <div class=\"gallery-col col\" >\n          <div class=\"col-inner\">\n            <a class=\"image-lightbox lightbox-gallery\" href=\"https:\/\/i0.wp.com\/www.davidpurves.com\/wp-content\/uploads\/2023\/07\/robe-de-mariee-suzon-1.png?ssl=1\" title=\"\">            <div class=\"box has-hover gallery-box box-normal\">\n              <div class=\"box-image\" >\n                <img data-recalc-dims=\"1\" loading=\"lazy\" decoding=\"async\" width=\"1020\" height=\"1271\" src=\"https:\/\/i0.wp.com\/www.davidpurves.com\/wp-content\/uploads\/2023\/07\/robe-de-mariee-suzon-1.png?resize=1020%2C1271&#038;ssl=1\" class=\"attachment-original size-original\" alt=\"\" ids=\"794,1753,1754\" style=\"normal\" lightbox_image_size=\"original\" type=\"slider\" col_spacing=\"xsmall\" columns=\"3\" slider_nav_style=\"circle\" slider_nav_color=\"light\" image_size=\"original\" srcset=\"https:\/\/i0.wp.com\/www.davidpurves.com\/wp-content\/uploads\/2023\/07\/robe-de-mariee-suzon-1.png?w=1196&amp;ssl=1 1196w, https:\/\/i0.wp.com\/www.davidpurves.com\/wp-content\/uploads\/2023\/07\/robe-de-mariee-suzon-1.png?resize=321%2C400&amp;ssl=1 321w, https:\/\/i0.wp.com\/www.davidpurves.com\/wp-content\/uploads\/2023\/07\/robe-de-mariee-suzon-1.png?resize=642%2C800&amp;ssl=1 642w, https:\/\/i0.wp.com\/www.davidpurves.com\/wp-content\/uploads\/2023\/07\/robe-de-mariee-suzon-1.png?resize=768%2C957&amp;ssl=1 768w, https:\/\/i0.wp.com\/www.davidpurves.com\/wp-content\/uploads\/2023\/07\/robe-de-mariee-suzon-1.png?resize=300%2C374&amp;ssl=1 300w, https:\/\/i0.wp.com\/www.davidpurves.com\/wp-content\/uploads\/2023\/07\/robe-de-mariee-suzon-1.png?resize=600%2C747&amp;ssl=1 600w\" sizes=\"auto, (max-width: 1020px) 100vw, 1020px\" \/>                                                              <\/div>\n              <div class=\"box-text text-left\" >\n                 <p><\/p>\n              <\/div>\n            <\/div>\n            <\/a>          <\/div>\n         <\/div><div class=\"gallery-col col\" >\n          <div class=\"col-inner\">\n            <a class=\"image-lightbox lightbox-gallery\" href=\"https:\/\/i0.wp.com\/www.davidpurves.com\/wp-content\/uploads\/2023\/09\/robe-de-mariee-suzon-3-1-scaled.jpg?ssl=1\" title=\"\">            <div class=\"box has-hover gallery-box box-normal\">\n              <div class=\"box-image\" >\n                <img data-recalc-dims=\"1\" loading=\"lazy\" decoding=\"async\" width=\"1020\" height=\"1274\" src=\"https:\/\/i0.wp.com\/www.davidpurves.com\/wp-content\/uploads\/2023\/09\/robe-de-mariee-suzon-3-1-scaled.jpg?resize=1020%2C1274&#038;ssl=1\" class=\"attachment-original size-original\" alt=\"\" ids=\"794,1753,1754\" style=\"normal\" lightbox_image_size=\"original\" type=\"slider\" col_spacing=\"xsmall\" columns=\"3\" slider_nav_style=\"circle\" slider_nav_color=\"light\" image_size=\"original\" srcset=\"https:\/\/i0.wp.com\/www.davidpurves.com\/wp-content\/uploads\/2023\/09\/robe-de-mariee-suzon-3-1-scaled.jpg?w=2049&amp;ssl=1 2049w, https:\/\/i0.wp.com\/www.davidpurves.com\/wp-content\/uploads\/2023\/09\/robe-de-mariee-suzon-3-1-scaled.jpg?resize=320%2C400&amp;ssl=1 320w, https:\/\/i0.wp.com\/www.davidpurves.com\/wp-content\/uploads\/2023\/09\/robe-de-mariee-suzon-3-1-scaled.jpg?resize=640%2C800&amp;ssl=1 640w, https:\/\/i0.wp.com\/www.davidpurves.com\/wp-content\/uploads\/2023\/09\/robe-de-mariee-suzon-3-1-scaled.jpg?resize=768%2C960&amp;ssl=1 768w, https:\/\/i0.wp.com\/www.davidpurves.com\/wp-content\/uploads\/2023\/09\/robe-de-mariee-suzon-3-1-scaled.jpg?resize=1229%2C1536&amp;ssl=1 1229w, https:\/\/i0.wp.com\/www.davidpurves.com\/wp-content\/uploads\/2023\/09\/robe-de-mariee-suzon-3-1-scaled.jpg?resize=1639%2C2048&amp;ssl=1 1639w, https:\/\/i0.wp.com\/www.davidpurves.com\/wp-content\/uploads\/2023\/09\/robe-de-mariee-suzon-3-1-scaled.jpg?resize=1320%2C1650&amp;ssl=1 1320w, https:\/\/i0.wp.com\/www.davidpurves.com\/wp-content\/uploads\/2023\/09\/robe-de-mariee-suzon-3-1-scaled.jpg?resize=300%2C375&amp;ssl=1 300w, https:\/\/i0.wp.com\/www.davidpurves.com\/wp-content\/uploads\/2023\/09\/robe-de-mariee-suzon-3-1-scaled.jpg?resize=600%2C750&amp;ssl=1 600w\" sizes=\"auto, (max-width: 1020px) 100vw, 1020px\" \/>                                                              <\/div>\n              <div class=\"box-text text-left\" >\n                 <p><\/p>\n              <\/div>\n            <\/div>\n            <\/a>          <\/div>\n         <\/div><div class=\"gallery-col col\" >\n          <div class=\"col-inner\">\n            <a class=\"image-lightbox lightbox-gallery\" href=\"https:\/\/i0.wp.com\/www.davidpurves.com\/wp-content\/uploads\/2023\/09\/robe-de-mariee-suzon-2-scaled.jpg?ssl=1\" title=\"\">            <div class=\"box has-hover gallery-box box-normal\">\n              <div class=\"box-image\" >\n                <img data-recalc-dims=\"1\" loading=\"lazy\" decoding=\"async\" width=\"1020\" height=\"1275\" src=\"https:\/\/i0.wp.com\/www.davidpurves.com\/wp-content\/uploads\/2023\/09\/robe-de-mariee-suzon-2-scaled.jpg?resize=1020%2C1275&#038;ssl=1\" class=\"attachment-original size-original\" alt=\"\" ids=\"794,1753,1754\" style=\"normal\" lightbox_image_size=\"original\" type=\"slider\" col_spacing=\"xsmall\" columns=\"3\" slider_nav_style=\"circle\" slider_nav_color=\"light\" image_size=\"original\" srcset=\"https:\/\/i0.wp.com\/www.davidpurves.com\/wp-content\/uploads\/2023\/09\/robe-de-mariee-suzon-2-scaled.jpg?w=2048&amp;ssl=1 2048w, https:\/\/i0.wp.com\/www.davidpurves.com\/wp-content\/uploads\/2023\/09\/robe-de-mariee-suzon-2-scaled.jpg?resize=320%2C400&amp;ssl=1 320w, https:\/\/i0.wp.com\/www.davidpurves.com\/wp-content\/uploads\/2023\/09\/robe-de-mariee-suzon-2-scaled.jpg?resize=640%2C800&amp;ssl=1 640w, https:\/\/i0.wp.com\/www.davidpurves.com\/wp-content\/uploads\/2023\/09\/robe-de-mariee-suzon-2-scaled.jpg?resize=768%2C960&amp;ssl=1 768w, https:\/\/i0.wp.com\/www.davidpurves.com\/wp-content\/uploads\/2023\/09\/robe-de-mariee-suzon-2-scaled.jpg?resize=1229%2C1536&amp;ssl=1 1229w, https:\/\/i0.wp.com\/www.davidpurves.com\/wp-content\/uploads\/2023\/09\/robe-de-mariee-suzon-2-scaled.jpg?resize=1639%2C2048&amp;ssl=1 1639w, https:\/\/i0.wp.com\/www.davidpurves.com\/wp-content\/uploads\/2023\/09\/robe-de-mariee-suzon-2-scaled.jpg?resize=1320%2C1650&amp;ssl=1 1320w, https:\/\/i0.wp.com\/www.davidpurves.com\/wp-content\/uploads\/2023\/09\/robe-de-mariee-suzon-2-scaled.jpg?resize=300%2C375&amp;ssl=1 300w, https:\/\/i0.wp.com\/www.davidpurves.com\/wp-content\/uploads\/2023\/09\/robe-de-mariee-suzon-2-scaled.jpg?resize=600%2C750&amp;ssl=1 600w\" sizes=\"auto, (max-width: 1020px) 100vw, 1020px\" \/>                                                              <\/div>\n              <div class=\"box-text text-left\" >\n                 <p><\/p>\n              <\/div>\n            <\/div>\n            <\/a>          <\/div>\n         <\/div><\/div>\n\n<div class=\"row\"  id=\"row-914830223\">\n\n\n\t<div id=\"col-1727697080\" class=\"col medium-10 small-12 large-10\"  >\n\t\t\t\t<div class=\"col-inner\"  >\n\t\t\t\n\t\t\t\n\n\t<div id=\"text-2814743046\" class=\"text\">\n\t\t\n\n<h1>Robe de mari\u00e9e Suzon<\/h1>\n\t\t\n<style>\n#text-2814743046 {\n  text-align: center;\n}\n<\/style>\n\t<\/div>\n\t\n\t<div id=\"text-4081699526\" class=\"text\">\n\t\t\n\n<h2 class=\"thin-font\">Robe de mari\u00e9e dentelle guipure<\/h2>\n\t\t\n<style>\n#text-4081699526 {\n  font-size: 0.75rem;\n  text-align: center;\n}\n<\/style>\n\t<\/div>\n\t\n\t<div id=\"gap-537752648\" class=\"gap-element clearfix\" style=\"display:block; height:auto;\">\n\t\t\n<style>\n#gap-537752648 {\n  padding-top: 30px;\n}\n<\/style>\n\t<\/div>\n\t\n\n<p>La robe Suzon est une robe robe de mari\u00e9e dentelle longue, f\u00e9minine et fluide, en dentelle de Calais fleurie d\u00e9licate et cr\u00eape de soie.<\/p>\n<p data-start=\"0\" data-end=\"429\">Cette robe de mari\u00e9e incarne une \u00e9l\u00e9gance intemporelle avec son col bateau d\u00e9licatement rehauss\u00e9 de tulle brod\u00e9 en dentelle de Calais. Son motif raffin\u00e9, m\u00ealant fleurs et feuillage dans un dessin graphique, apporte une touche f\u00e9minine et moderne. Cintr\u00e9e \u00e0 la taille par une ceinture drap\u00e9e, elle sublime la silhouette. Elle se prolonge ensuite en une jupe l\u00e9g\u00e8rement \u00e9vas\u00e9e, dont le tomb\u00e9 en soie offre un mouvement fluide et naturel. Enfin, dans le dos, une \u00e9l\u00e9gante rang\u00e9e de boutons souligne le raffinement de la coupe.<\/p>\n<p data-start=\"0\" data-end=\"429\">Gr\u00e2ce au sur-mesure, chaque d\u00e9tail peut \u00e9voluer selon vos envies : le motif de la dentelle peut \u00eatre choisi parmi une vaste s\u00e9lection de splendides dentelles fran\u00e7aises, le dos peut se d\u00e9voiler avec une coupe \u00e9chancr\u00e9e, et des manches longues ou trois-quarts peuvent venir compl\u00e9ter la silhouette. Chaque cr\u00e9ation devient ainsi une pi\u00e8ce unique, pens\u00e9e pour r\u00e9v\u00e9ler votre style avec subtilit\u00e9 et gr\u00e2ce.<\/p>\n<p><em>Tous nos mod\u00e8les sont confectionn\u00e9s individuellement et sur commande dans notre atelier parisien.<\/em><\/p>\n<p>D\u00e9couvrez en davantage sur notre univers, notre <a href=\"https:\/\/www.davidpurves.com\/en\/robes-de-mariee-uniques-sur-mesure\/\">savoir-faire<\/a> et nos robes de mari\u00e9e sur notre compte <a href=\"https:\/\/www.instagram.com\/david_purves\/\">Instagram.<\/a><\/p>\n\n\t\t<\/div>\n\t\t\t\t\t<\/div>\n\n\t\n\n\t<div id=\"col-1811278160\" class=\"col medium-2 small-12 large-2\"  >\n\t\t\t\t<div class=\"col-inner\"  >\n\t\t\t\n\t\t\t\n\n<div class=\"social-icons share-icons share-row relative full-width text-center\" style=\"font-size:64%\"><a href=\"whatsapp:\/\/send?text=Robe%20de%20mari%C3%A9e%20Suzon - https:\/\/www.davidpurves.com\/en\/collections\/shop-demos\/robe-de-mariee-suzon\/\" data-action=\"share\/whatsapp\/share\" class=\"icon button circle is-outline tooltip whatsapp show-for-medium\" title=\"Share on WhatsApp\" aria-label=\"Share on WhatsApp\"><i class=\"icon-whatsapp\" aria-hidden=\"true\"><\/i><\/a><a href=\"https:\/\/www.facebook.com\/sharer.php?u=https:\/\/www.davidpurves.com\/en\/collections\/shop-demos\/robe-de-mariee-suzon\/\" data-label=\"Facebook\" onclick=\"window.open(this.href,this.title,'width=500,height=500,top=300px,left=300px'); return false;\" target=\"_blank\" class=\"icon button circle is-outline tooltip facebook\" title=\"Share on Facebook\" aria-label=\"Share on Facebook\" rel=\"noopener nofollow\"><i class=\"icon-facebook\" aria-hidden=\"true\"><\/i><\/a><a href=\"mailto:?subject=Robe%20de%20mari%C3%A9e%20Suzon&body=Check%20this%20out%3A%20https%3A%2F%2Fwww.davidpurves.com%2Fen%2Fcollections%2Fshop-demos%2Frobe-de-mariee-suzon%2F\" class=\"icon button circle is-outline tooltip email\" title=\"Email to a Friend\" aria-label=\"Email to a Friend\" rel=\"nofollow\"><i class=\"icon-envelop\" aria-hidden=\"true\"><\/i><\/a><a href=\"https:\/\/pinterest.com\/pin\/create\/button?url=https:\/\/www.davidpurves.com\/en\/collections\/shop-demos\/robe-de-mariee-suzon\/&media=https:\/\/i0.wp.com\/www.davidpurves.com\/wp-content\/uploads\/2023\/07\/robe-de-mariee-suzon-1.png?fit=642%2C800&ssl=1&description=Robe%20de%20mari%C3%A9e%20Suzon\" onclick=\"window.open(this.href,this.title,'width=500,height=500,top=300px,left=300px'); return false;\" target=\"_blank\" class=\"icon button circle is-outline tooltip pinterest\" title=\"Pin on Pinterest\" aria-label=\"Pin on Pinterest\" rel=\"noopener nofollow\"><i class=\"icon-pinterest\" aria-hidden=\"true\"><\/i><\/a><\/div>\n\n\n\t\t<\/div>\n\t\t\t\t\t<\/div>\n\n\t\n\n<\/div>\n\t<div id=\"gap-1559844971\" class=\"gap-element clearfix\" style=\"display:block; height:auto;\">\n\t\t\n<style>\n#gap-1559844971 {\n  padding-top: 30px;\n}\n<\/style>\n\t<\/div>\n\t\n\n\n","protected":false},"excerpt":{"rendered":"","protected":false},"author":2,"featured_media":2067,"parent":4452,"menu_order":30,"comment_status":"closed","ping_status":"closed","template":"page-blank.php","meta":{"footnotes":""},"class_list":["post-4476","page","type-page","status-publish","has-post-thumbnail","hentry"],"yoast_head":"<!-- This site is optimized with the Yoast SEO plugin v27.5 - https:\/\/yoast.com\/product\/yoast-seo-wordpress\/ -->\n<title>Robe de mari\u00e9e dentelle guipure - robe Suzon fabriqu\u00e9e \u00e0 Paris<\/title>\n<meta name=\"description\" content=\"La robe de mari\u00e9e Suzon est une robe longue, f\u00e9minine et fluide, en dentelle de Calais fleurie et cr\u00eape de soie\" \/>\n<meta name=\"robots\" content=\"index, follow, max-snippet:-1, max-image-preview:large, max-video-preview:-1\" \/>\n<link rel=\"canonical\" href=\"https:\/\/www.davidpurves.com\/en\/collections\/shop-demos\/robe-de-mariee-suzon\/\" \/>\n<meta property=\"og:locale\" content=\"en_US\" \/>\n<meta property=\"og:type\" content=\"article\" \/>\n<meta property=\"og:title\" content=\"Robe de mari\u00e9e dentelle guipure - robe Suzon fabriqu\u00e9e \u00e0 Paris\" \/>\n<meta property=\"og:description\" content=\"La robe de mari\u00e9e Suzon est une robe longue, f\u00e9minine et fluide, en dentelle de Calais fleurie et cr\u00eape de soie\" \/>\n<meta property=\"og:url\" content=\"https:\/\/www.davidpurves.com\/en\/collections\/shop-demos\/robe-de-mariee-suzon\/\" \/>\n<meta property=\"og:site_name\" content=\"David Purves - Cr\u00e9ateur de robe de mari\u00e9e sur mesure Paris\" \/>\n<meta property=\"article:publisher\" content=\"https:\/\/www.facebook.com\/david.purves.524\/\" \/>\n<meta property=\"article:modified_time\" content=\"2025-03-13T15:01:57+00:00\" \/>\n<meta property=\"og:image\" content=\"https:\/\/www.davidpurves.com\/wp-content\/uploads\/2023\/07\/robe-de-mariee-suzon-1-642x800.png\" \/>\n\t<meta property=\"og:image:width\" content=\"642\" \/>\n\t<meta property=\"og:image:height\" content=\"800\" \/>\n\t<meta property=\"og:image:type\" content=\"image\/png\" \/>\n<meta name=\"twitter:card\" content=\"summary_large_image\" \/>\n<meta name=\"twitter:label1\" content=\"Est. reading time\" \/>\n\t<meta name=\"twitter:data1\" content=\"1 minute\" \/>\n<script type=\"application\/ld+json\" class=\"yoast-schema-graph\">{\"@context\":\"https:\\\/\\\/schema.org\",\"@graph\":[{\"@type\":\"WebPage\",\"@id\":\"https:\\\/\\\/www.davidpurves.com\\\/en\\\/collections\\\/shop-demos\\\/robe-de-mariee-suzon\\\/\",\"url\":\"https:\\\/\\\/www.davidpurves.com\\\/en\\\/collections\\\/shop-demos\\\/robe-de-mariee-suzon\\\/\",\"name\":\"Robe de mari\u00e9e dentelle guipure - robe Suzon fabriqu\u00e9e \u00e0 Paris\",\"isPartOf\":{\"@id\":\"https:\\\/\\\/www.davidpurves.com\\\/en\\\/#website\"},\"primaryImageOfPage\":{\"@id\":\"https:\\\/\\\/www.davidpurves.com\\\/en\\\/collections\\\/shop-demos\\\/robe-de-mariee-suzon\\\/#primaryimage\"},\"image\":{\"@id\":\"https:\\\/\\\/www.davidpurves.com\\\/en\\\/collections\\\/shop-demos\\\/robe-de-mariee-suzon\\\/#primaryimage\"},\"thumbnailUrl\":\"https:\\\/\\\/i0.wp.com\\\/www.davidpurves.com\\\/wp-content\\\/uploads\\\/2023\\\/07\\\/robe-de-mariee-suzon-1.png?fit=1196%2C1490&ssl=1\",\"datePublished\":\"2023-07-11T14:58:37+00:00\",\"dateModified\":\"2025-03-13T15:01:57+00:00\",\"description\":\"La robe de mari\u00e9e Suzon est une robe longue, f\u00e9minine et fluide, en dentelle de Calais fleurie et cr\u00eape de soie\",\"breadcrumb\":{\"@id\":\"https:\\\/\\\/www.davidpurves.com\\\/en\\\/collections\\\/shop-demos\\\/robe-de-mariee-suzon\\\/#breadcrumb\"},\"inLanguage\":\"en-US\",\"potentialAction\":[{\"@type\":\"ReadAction\",\"target\":[\"https:\\\/\\\/www.davidpurves.com\\\/en\\\/collections\\\/shop-demos\\\/robe-de-mariee-suzon\\\/\"]}]},{\"@type\":\"ImageObject\",\"inLanguage\":\"en-US\",\"@id\":\"https:\\\/\\\/www.davidpurves.com\\\/en\\\/collections\\\/shop-demos\\\/robe-de-mariee-suzon\\\/#primaryimage\",\"url\":\"https:\\\/\\\/i0.wp.com\\\/www.davidpurves.com\\\/wp-content\\\/uploads\\\/2023\\\/07\\\/robe-de-mariee-suzon-1.png?fit=1196%2C1490&ssl=1\",\"contentUrl\":\"https:\\\/\\\/i0.wp.com\\\/www.davidpurves.com\\\/wp-content\\\/uploads\\\/2023\\\/07\\\/robe-de-mariee-suzon-1.png?fit=1196%2C1490&ssl=1\",\"width\":1196,\"height\":1490},{\"@type\":\"BreadcrumbList\",\"@id\":\"https:\\\/\\\/www.davidpurves.com\\\/en\\\/collections\\\/shop-demos\\\/robe-de-mariee-suzon\\\/#breadcrumb\",\"itemListElement\":[{\"@type\":\"ListItem\",\"position\":1,\"name\":\"Accueil\",\"item\":\"https:\\\/\\\/www.davidpurves.com\\\/en\\\/\"},{\"@type\":\"ListItem\",\"position\":2,\"name\":\"Wedding dresses\",\"item\":\"https:\\\/\\\/www.davidpurves.com\\\/en\\\/collections\\\/\"},{\"@type\":\"ListItem\",\"position\":3,\"name\":\"Collection Les Classiques\",\"item\":\"https:\\\/\\\/www.davidpurves.com\\\/en\\\/collections\\\/shop-demos\\\/\"},{\"@type\":\"ListItem\",\"position\":4,\"name\":\"Robe de mari\u00e9e Suzon\"}]},{\"@type\":\"WebSite\",\"@id\":\"https:\\\/\\\/www.davidpurves.com\\\/en\\\/#website\",\"url\":\"https:\\\/\\\/www.davidpurves.com\\\/en\\\/\",\"name\":\"David Purves - Cr\u00e9ateur de robe de mari\u00e9e sur mesure Paris\",\"description\":\"\",\"publisher\":{\"@id\":\"https:\\\/\\\/www.davidpurves.com\\\/en\\\/#organization\"},\"potentialAction\":[{\"@type\":\"SearchAction\",\"target\":{\"@type\":\"EntryPoint\",\"urlTemplate\":\"https:\\\/\\\/www.davidpurves.com\\\/en\\\/?s={search_term_string}\"},\"query-input\":{\"@type\":\"PropertyValueSpecification\",\"valueRequired\":true,\"valueName\":\"search_term_string\"}}],\"inLanguage\":\"en-US\"},{\"@type\":\"Organization\",\"@id\":\"https:\\\/\\\/www.davidpurves.com\\\/en\\\/#organization\",\"name\":\"David Purves - Cr\u00e9ateur de robe de mari\u00e9e sur mesure Paris\",\"url\":\"https:\\\/\\\/www.davidpurves.com\\\/en\\\/\",\"logo\":{\"@type\":\"ImageObject\",\"inLanguage\":\"en-US\",\"@id\":\"https:\\\/\\\/www.davidpurves.com\\\/en\\\/#\\\/schema\\\/logo\\\/image\\\/\",\"url\":\"https:\\\/\\\/i0.wp.com\\\/www.davidpurves.com\\\/wp-content\\\/uploads\\\/2023\\\/06\\\/Header_2.png?fit=480%2C99&ssl=1\",\"contentUrl\":\"https:\\\/\\\/i0.wp.com\\\/www.davidpurves.com\\\/wp-content\\\/uploads\\\/2023\\\/06\\\/Header_2.png?fit=480%2C99&ssl=1\",\"width\":480,\"height\":99,\"caption\":\"David Purves - Cr\u00e9ateur de robe de mari\u00e9e sur mesure Paris\"},\"image\":{\"@id\":\"https:\\\/\\\/www.davidpurves.com\\\/en\\\/#\\\/schema\\\/logo\\\/image\\\/\"},\"sameAs\":[\"https:\\\/\\\/www.facebook.com\\\/david.purves.524\\\/\",\"https:\\\/\\\/www.instagram.com\\\/david_purves\\\/?hl=fr\"]}]}<\/script>\n<!-- \/ Yoast SEO plugin. -->","yoast_head_json":{"title":"Robe de mari\u00e9e dentelle guipure - robe Suzon fabriqu\u00e9e \u00e0 Paris","description":"La robe de mari\u00e9e Suzon est une robe longue, f\u00e9minine et fluide, en dentelle de Calais fleurie et cr\u00eape de soie","robots":{"index":"index","follow":"follow","max-snippet":"max-snippet:-1","max-image-preview":"max-image-preview:large","max-video-preview":"max-video-preview:-1"},"canonical":"https:\/\/www.davidpurves.com\/en\/collections\/shop-demos\/robe-de-mariee-suzon\/","og_locale":"en_US","og_type":"article","og_title":"Robe de mari\u00e9e dentelle guipure - robe Suzon fabriqu\u00e9e \u00e0 Paris","og_description":"La robe de mari\u00e9e Suzon est une robe longue, f\u00e9minine et fluide, en dentelle de Calais fleurie et cr\u00eape de soie","og_url":"https:\/\/www.davidpurves.com\/en\/collections\/shop-demos\/robe-de-mariee-suzon\/","og_site_name":"David Purves - Cr\u00e9ateur de robe de mari\u00e9e sur mesure Paris","article_publisher":"https:\/\/www.facebook.com\/david.purves.524\/","article_modified_time":"2025-03-13T15:01:57+00:00","og_image":[{"width":642,"height":800,"url":"https:\/\/www.davidpurves.com\/wp-content\/uploads\/2023\/07\/robe-de-mariee-suzon-1-642x800.png","type":"image\/png"}],"twitter_card":"summary_large_image","twitter_misc":{"Est. reading time":"1 minute"},"schema":{"@context":"https:\/\/schema.org","@graph":[{"@type":"WebPage","@id":"https:\/\/www.davidpurves.com\/en\/collections\/shop-demos\/robe-de-mariee-suzon\/","url":"https:\/\/www.davidpurves.com\/en\/collections\/shop-demos\/robe-de-mariee-suzon\/","name":"Robe de mari\u00e9e dentelle guipure - robe Suzon fabriqu\u00e9e \u00e0 Paris","isPartOf":{"@id":"https:\/\/www.davidpurves.com\/en\/#website"},"primaryImageOfPage":{"@id":"https:\/\/www.davidpurves.com\/en\/collections\/shop-demos\/robe-de-mariee-suzon\/#primaryimage"},"image":{"@id":"https:\/\/www.davidpurves.com\/en\/collections\/shop-demos\/robe-de-mariee-suzon\/#primaryimage"},"thumbnailUrl":"https:\/\/i0.wp.com\/www.davidpurves.com\/wp-content\/uploads\/2023\/07\/robe-de-mariee-suzon-1.png?fit=1196%2C1490&ssl=1","datePublished":"2023-07-11T14:58:37+00:00","dateModified":"2025-03-13T15:01:57+00:00","description":"La robe de mari\u00e9e Suzon est une robe longue, f\u00e9minine et fluide, en dentelle de Calais fleurie et cr\u00eape de soie","breadcrumb":{"@id":"https:\/\/www.davidpurves.com\/en\/collections\/shop-demos\/robe-de-mariee-suzon\/#breadcrumb"},"inLanguage":"en-US","potentialAction":[{"@type":"ReadAction","target":["https:\/\/www.davidpurves.com\/en\/collections\/shop-demos\/robe-de-mariee-suzon\/"]}]},{"@type":"ImageObject","inLanguage":"en-US","@id":"https:\/\/www.davidpurves.com\/en\/collections\/shop-demos\/robe-de-mariee-suzon\/#primaryimage","url":"https:\/\/i0.wp.com\/www.davidpurves.com\/wp-content\/uploads\/2023\/07\/robe-de-mariee-suzon-1.png?fit=1196%2C1490&ssl=1","contentUrl":"https:\/\/i0.wp.com\/www.davidpurves.com\/wp-content\/uploads\/2023\/07\/robe-de-mariee-suzon-1.png?fit=1196%2C1490&ssl=1","width":1196,"height":1490},{"@type":"BreadcrumbList","@id":"https:\/\/www.davidpurves.com\/en\/collections\/shop-demos\/robe-de-mariee-suzon\/#breadcrumb","itemListElement":[{"@type":"ListItem","position":1,"name":"Accueil","item":"https:\/\/www.davidpurves.com\/en\/"},{"@type":"ListItem","position":2,"name":"Wedding dresses","item":"https:\/\/www.davidpurves.com\/en\/collections\/"},{"@type":"ListItem","position":3,"name":"Collection Les Classiques","item":"https:\/\/www.davidpurves.com\/en\/collections\/shop-demos\/"},{"@type":"ListItem","position":4,"name":"Robe de mari\u00e9e Suzon"}]},{"@type":"WebSite","@id":"https:\/\/www.davidpurves.com\/en\/#website","url":"https:\/\/www.davidpurves.com\/en\/","name":"David Purves - Cr\u00e9ateur de robe de mari\u00e9e sur mesure Paris","description":"","publisher":{"@id":"https:\/\/www.davidpurves.com\/en\/#organization"},"potentialAction":[{"@type":"SearchAction","target":{"@type":"EntryPoint","urlTemplate":"https:\/\/www.davidpurves.com\/en\/?s={search_term_string}"},"query-input":{"@type":"PropertyValueSpecification","valueRequired":true,"valueName":"search_term_string"}}],"inLanguage":"en-US"},{"@type":"Organization","@id":"https:\/\/www.davidpurves.com\/en\/#organization","name":"David Purves - Cr\u00e9ateur de robe de mari\u00e9e sur mesure Paris","url":"https:\/\/www.davidpurves.com\/en\/","logo":{"@type":"ImageObject","inLanguage":"en-US","@id":"https:\/\/www.davidpurves.com\/en\/#\/schema\/logo\/image\/","url":"https:\/\/i0.wp.com\/www.davidpurves.com\/wp-content\/uploads\/2023\/06\/Header_2.png?fit=480%2C99&ssl=1","contentUrl":"https:\/\/i0.wp.com\/www.davidpurves.com\/wp-content\/uploads\/2023\/06\/Header_2.png?fit=480%2C99&ssl=1","width":480,"height":99,"caption":"David Purves - Cr\u00e9ateur de robe de mari\u00e9e sur mesure Paris"},"image":{"@id":"https:\/\/www.davidpurves.com\/en\/#\/schema\/logo\/image\/"},"sameAs":["https:\/\/www.facebook.com\/david.purves.524\/","https:\/\/www.instagram.com\/david_purves\/?hl=fr"]}]}},"jetpack_sharing_enabled":true,"_links":{"self":[{"href":"https:\/\/www.davidpurves.com\/en\/wp-json\/wp\/v2\/pages\/4476","targetHints":{"allow":["GET"]}}],"collection":[{"href":"https:\/\/www.davidpurves.com\/en\/wp-json\/wp\/v2\/pages"}],"about":[{"href":"https:\/\/www.davidpurves.com\/en\/wp-json\/wp\/v2\/types\/page"}],"author":[{"embeddable":true,"href":"https:\/\/www.davidpurves.com\/en\/wp-json\/wp\/v2\/users\/2"}],"replies":[{"embeddable":true,"href":"https:\/\/www.davidpurves.com\/en\/wp-json\/wp\/v2\/comments?post=4476"}],"version-history":[{"count":5,"href":"https:\/\/www.davidpurves.com\/en\/wp-json\/wp\/v2\/pages\/4476\/revisions"}],"predecessor-version":[{"id":8457,"href":"https:\/\/www.davidpurves.com\/en\/wp-json\/wp\/v2\/pages\/4476\/revisions\/8457"}],"up":[{"embeddable":true,"href":"https:\/\/www.davidpurves.com\/en\/wp-json\/wp\/v2\/pages\/4452"}],"wp:featuredmedia":[{"embeddable":true,"href":"https:\/\/www.davidpurves.com\/en\/wp-json\/wp\/v2\/media\/2067"}],"wp:attachment":[{"href":"https:\/\/www.davidpurves.com\/en\/wp-json\/wp\/v2\/media?parent=4476"}],"curies":[{"name":"wp","href":"https:\/\/api.w.org\/{rel}","templated":true}]}}