{"id":4469,"date":"2023-07-11T13:08:40","date_gmt":"2023-07-11T11:08:40","guid":{"rendered":"https:\/\/www.davidpurves.com\/collections\/shop-demos\/rosalie\/"},"modified":"2025-09-16T13:04:47","modified_gmt":"2025-09-16T11:04:47","slug":"robe-de-mariee-rosalie","status":"publish","type":"page","link":"https:\/\/www.davidpurves.com\/en\/collections\/shop-demos\/robe-de-mariee-rosalie\/","title":{"rendered":"Robe de mari\u00e9e Rosalie"},"content":{"rendered":"\n  <div id=\"page-header-968429167\" class=\"page-header-wrapper\">\n  <div class=\"page-title light simple-title\">\n\n    \n    <div class=\"page-title-inner container align-top flex-row medium-flex-wrap row-reverse\" >\n            <div class=\"title-content flex-col flex-left text-left medium-text-center\">\n        <div class=\"title-breadcrumbs pb-half pt-half\"><nav class=\"woocommerce-breadcrumb breadcrumbs \" aria-label=\"Breadcrumb\">Home<\/nav><\/div>      <\/div>\n    <\/div>\n\n     \n<style>\n#page-header-968429167 .page-title-inner {\n  min-height: 0px;\n}\n#page-header-968429167 .title-overlay {\n  background-color: rgb(255, 255, 255);\n}\n<\/style>\n  <\/div>\n    <\/div>\n  \n\n\n  \n    <div class=\"row large-columns-2 medium-columns- small-columns- row-xsmall row-full-width slider row-slider slider-nav-circle slider-nav-light slider-nav-push\"  data-flickity-options='{&quot;imagesLoaded&quot;: true, &quot;groupCells&quot;: &quot;100%&quot;, &quot;dragThreshold&quot; : 5, &quot;cellAlign&quot;: &quot;left&quot;,&quot;wrapAround&quot;: true,&quot;prevNextButtons&quot;: true,&quot;percentPosition&quot;: true,&quot;pageDots&quot;: false, &quot;rightToLeft&quot;: false, &quot;autoPlay&quot; : false}' >\n\n  <div class=\"gallery-col col\" >\n          <div class=\"col-inner\">\n            <a class=\"image-lightbox lightbox-gallery\" href=\"https:\/\/i0.wp.com\/www.davidpurves.com\/wp-content\/uploads\/2023\/07\/robe-de-mariee-sur-mesure-fluide-decollete-v-rosalie-1.png?ssl=1\" title=\"\">            <div class=\"box has-hover gallery-box box-normal\">\n              <div class=\"box-image\" >\n                <img data-recalc-dims=\"1\" loading=\"lazy\" decoding=\"async\" width=\"1020\" height=\"1283\" src=\"https:\/\/i0.wp.com\/www.davidpurves.com\/wp-content\/uploads\/2023\/07\/robe-de-mariee-sur-mesure-fluide-decollete-v-rosalie-1.png?resize=1020%2C1283&#038;ssl=1\" class=\"attachment-original size-original\" alt=\"Robe de mari\u00e9e fluide longue en cr\u00eape de soie, d\u00e9collet\u00e9 en V, photographi\u00e9e sur un mannequin stockman de face\" ids=\"776,777\" style=\"normal\" lightbox_image_size=\"original\" type=\"slider\" col_spacing=\"xsmall\" columns=\"2\" slider_nav_style=\"circle\" slider_nav_color=\"light\" image_size=\"original\" \/>                                                              <\/div>\n              <div class=\"box-text text-left\" >\n                 <p><\/p>\n              <\/div>\n            <\/div>\n            <\/a>          <\/div>\n         <\/div><div class=\"gallery-col col\" >\n          <div class=\"col-inner\">\n            <a class=\"image-lightbox lightbox-gallery\" href=\"https:\/\/i0.wp.com\/www.davidpurves.com\/wp-content\/uploads\/2023\/07\/robe-de-mariee-fluide-decollete-v-fluide-rosalie-2.png?ssl=1\" title=\"\">            <div class=\"box has-hover gallery-box box-normal\">\n              <div class=\"box-image\" >\n                <img data-recalc-dims=\"1\" loading=\"lazy\" decoding=\"async\" width=\"1020\" height=\"1277\" src=\"https:\/\/i0.wp.com\/www.davidpurves.com\/wp-content\/uploads\/2023\/07\/robe-de-mariee-fluide-decollete-v-fluide-rosalie-2.png?resize=1020%2C1277&#038;ssl=1\" class=\"attachment-original size-original\" alt=\"Robe de mari\u00e9e fluide longue en cr\u00eape de soie, d\u00e9collet\u00e9 en V, photographi\u00e9e sur un mannequin stockman de profil\" ids=\"776,777\" style=\"normal\" lightbox_image_size=\"original\" type=\"slider\" col_spacing=\"xsmall\" columns=\"2\" slider_nav_style=\"circle\" slider_nav_color=\"light\" image_size=\"original\" \/>                                                              <\/div>\n              <div class=\"box-text text-left\" >\n                 <p><\/p>\n              <\/div>\n            <\/div>\n            <\/a>          <\/div>\n         <\/div><\/div>\n\n<div class=\"row\"  id=\"row-728960075\">\n\n\n\t<div id=\"col-501054025\" class=\"col medium-10 small-12 large-10\"  >\n\t\t\t\t<div class=\"col-inner\"  >\n\t\t\t\n\t\t\t\n\n\t<div id=\"text-242699741\" class=\"text\">\n\t\t\n\n<h1>Robe de mari\u00e9e Rosalie<\/h1>\n\t\t\n<style>\n#text-242699741 {\n  text-align: center;\n}\n<\/style>\n\t<\/div>\n\t\n\t<div id=\"text-2639981008\" class=\"text\">\n\t\t\n\n<h2 class=\"thin-font\">Robe de mari\u00e9e fluide et d\u00e9collet\u00e9e en cr\u00eape de soie<\/h2>\n\t\t\n<style>\n#text-2639981008 {\n  font-size: 0.75rem;\n  text-align: center;\n}\n<\/style>\n\t<\/div>\n\t\n\t<div id=\"gap-1985209369\" class=\"gap-element clearfix\" style=\"display:block; height:auto;\">\n\t\t\n<style>\n#gap-1985209369 {\n  padding-top: 30px;\n}\n<\/style>\n\t<\/div>\n\t\n\n<p class=\"p1\">La robe Rosalie est une robe de mari\u00e9e fluide. Sa silhouette \u00e9pur\u00e9e et f\u00e9minine, int\u00e9gralement confectionn\u00e9e en cr\u00eape de soie, arbore un d\u00e9collet\u00e9 renversant. Son d\u00e9collet\u00e9 en V, \u00e9tudi\u00e9 avec pr\u00e9cision offre \u00e0 la silhouette modernit\u00e9 et f\u00e9minit\u00e9. Son dos nu peut \u00eatre confectionn\u00e9 en V ou en U.<\/p>\n<p>Sa coupe graphique avec ses bretelles fines marque la taille puis s&#8217;\u00e9vase gracieusement. La robe de mari\u00e9e Rosalie a un tomb\u00e9 tout \u00e0 fait unique gr\u00e2ce \u00e0 son cr\u00eape de soie l\u00e9g\u00e8re mais opaque.\u00a0<\/p>\n<p>Enfin, pour compl\u00e9ter votre silhouette, nous vous proposons plusieurs options : ceintures drap\u00e9es ou pliss\u00e9es, nos blouses en dentelle ou en transparence et nos voiles pour accessoiriser cette robe.<\/p>\n<p>Notre atelier vous offre la possibilit\u00e9 de personnaliser cette robe selon vos envies les plus pr\u00e9cises. Gr\u00e2ce au sur-mesure, vous avez la libert\u00e9 d\u2019ajuster le d\u00e9collet\u00e9 \u00e0 votre go\u00fbt, qu\u2019il soit plus ou moins plongeant, ou encore plus ferm\u00e9. Vous pouvez choisir les mati\u00e8res pour correspondre \u00e0 vos pr\u00e9f\u00e9rences, que ce soit du satin de soie, de la dentelle, ou d\u2019autres tissus nobles. Chaque cr\u00e9ation devient ainsi un mod\u00e8le unique, con\u00e7u pour sublimer votre silhouette tout en refl\u00e9tant parfaitement votre style personnel.<\/p>\n<p><em>Tous nos mod\u00e8les de robes sont confectionn\u00e9s individuellement et sur commande dans notre atelier parisien.<\/em><\/p>\n<p>D\u00e9couvrez en davantage sur notre univers, notre <a href=\"https:\/\/www.davidpurves.com\/en\/robes-de-mariee-uniques-sur-mesure\/\">savoir-faire<\/a> et nos robes de mari\u00e9e sur notre compte <a href=\"https:\/\/www.instagram.com\/david_purves\/\">Instagram.<\/a><\/p>\n\n\t\t<\/div>\n\t\t\t\t\t<\/div>\n\n\t\n\n\t<div id=\"col-1374936516\" class=\"col medium-2 small-12 large-2\"  >\n\t\t\t\t<div class=\"col-inner\"  >\n\t\t\t\n\t\t\t\n\n<div class=\"social-icons share-icons share-row relative full-width text-center\" style=\"font-size:64%\"><a href=\"whatsapp:\/\/send?text=Robe%20de%20mari%C3%A9e%20Rosalie - https:\/\/www.davidpurves.com\/en\/collections\/shop-demos\/robe-de-mariee-rosalie\/\" data-action=\"share\/whatsapp\/share\" class=\"icon button circle is-outline tooltip whatsapp show-for-medium\" title=\"Share on WhatsApp\" aria-label=\"Share on WhatsApp\"><i class=\"icon-whatsapp\" aria-hidden=\"true\"><\/i><\/a><a href=\"https:\/\/www.facebook.com\/sharer.php?u=https:\/\/www.davidpurves.com\/en\/collections\/shop-demos\/robe-de-mariee-rosalie\/\" data-label=\"Facebook\" onclick=\"window.open(this.href,this.title,'width=500,height=500,top=300px,left=300px'); return false;\" target=\"_blank\" class=\"icon button circle is-outline tooltip facebook\" title=\"Share on Facebook\" aria-label=\"Share on Facebook\" rel=\"noopener nofollow\"><i class=\"icon-facebook\" aria-hidden=\"true\"><\/i><\/a><a href=\"mailto:?subject=Robe%20de%20mari%C3%A9e%20Rosalie&body=Check%20this%20out%3A%20https%3A%2F%2Fwww.davidpurves.com%2Fen%2Fcollections%2Fshop-demos%2Frobe-de-mariee-rosalie%2F\" class=\"icon button circle is-outline tooltip email\" title=\"Email to a Friend\" aria-label=\"Email to a Friend\" rel=\"nofollow\"><i class=\"icon-envelop\" aria-hidden=\"true\"><\/i><\/a><a href=\"https:\/\/pinterest.com\/pin\/create\/button?url=https:\/\/www.davidpurves.com\/en\/collections\/shop-demos\/robe-de-mariee-rosalie\/&media=https:\/\/i0.wp.com\/www.davidpurves.com\/wp-content\/uploads\/2023\/07\/robe-de-mariee-sur-mesure-fluide-decollete-v-rosalie-1.png?fit=636%2C800&ssl=1&description=Robe%20de%20mari%C3%A9e%20Rosalie\" onclick=\"window.open(this.href,this.title,'width=500,height=500,top=300px,left=300px'); return false;\" target=\"_blank\" class=\"icon button circle is-outline tooltip pinterest\" title=\"Pin on Pinterest\" aria-label=\"Pin on Pinterest\" rel=\"noopener nofollow\"><i class=\"icon-pinterest\" aria-hidden=\"true\"><\/i><\/a><\/div>\n\n\n\t\t<\/div>\n\t\t\t\t\t<\/div>\n\n\t\n\n<\/div>\n\t<div id=\"gap-1949613778\" class=\"gap-element clearfix\" style=\"display:block; height:auto;\">\n\t\t\n<style>\n#gap-1949613778 {\n  padding-top: 30px;\n}\n<\/style>\n\t<\/div>\n\t\n\n\n","protected":false},"excerpt":{"rendered":"","protected":false},"author":2,"featured_media":2059,"parent":4452,"menu_order":20,"comment_status":"closed","ping_status":"closed","template":"page-blank.php","meta":{"footnotes":""},"class_list":["post-4469","page","type-page","status-publish","has-post-thumbnail","hentry"],"yoast_head":"<!-- This site is optimized with the Yoast SEO plugin v27.4 - https:\/\/yoast.com\/product\/yoast-seo-wordpress\/ -->\n<title>Robe de mari\u00e9e fluide - Robe Rosalie d\u00e9collet\u00e9 en V et dos nu<\/title>\n<meta name=\"description\" content=\"La robe de mari\u00e9e fluide Rosalie : une silhouette \u00e9pur\u00e9e et f\u00e9minine, confectionn\u00e9e en cr\u00eape de soie, avec un d\u00e9collet\u00e9 renversant\" \/>\n<meta name=\"robots\" content=\"index, follow, max-snippet:-1, max-image-preview:large, max-video-preview:-1\" \/>\n<link rel=\"canonical\" href=\"https:\/\/www.davidpurves.com\/en\/collections\/shop-demos\/robe-de-mariee-rosalie\/\" \/>\n<meta property=\"og:locale\" content=\"en_US\" \/>\n<meta property=\"og:type\" content=\"article\" \/>\n<meta property=\"og:title\" content=\"Robe de mari\u00e9e fluide - Robe Rosalie d\u00e9collet\u00e9 en V et dos nu\" \/>\n<meta property=\"og:description\" content=\"La robe de mari\u00e9e fluide Rosalie : une silhouette \u00e9pur\u00e9e et f\u00e9minine, confectionn\u00e9e en cr\u00eape de soie, avec un d\u00e9collet\u00e9 renversant\" \/>\n<meta property=\"og:url\" content=\"https:\/\/www.davidpurves.com\/en\/collections\/shop-demos\/robe-de-mariee-rosalie\/\" \/>\n<meta property=\"og:site_name\" content=\"David Purves - Cr\u00e9ateur de robe de mari\u00e9e sur mesure Paris\" \/>\n<meta property=\"article:publisher\" content=\"https:\/\/www.facebook.com\/david.purves.524\/\" \/>\n<meta property=\"article:modified_time\" content=\"2025-09-16T11:04:47+00:00\" \/>\n<meta property=\"og:image\" content=\"https:\/\/www.davidpurves.com\/wp-content\/uploads\/2023\/07\/robe-de-mariee-rosalie-1-636x800.png\" \/>\n\t<meta property=\"og:image:width\" content=\"636\" \/>\n\t<meta property=\"og:image:height\" content=\"800\" \/>\n\t<meta property=\"og:image:type\" content=\"image\/png\" \/>\n<meta name=\"twitter:card\" content=\"summary_large_image\" \/>\n<meta name=\"twitter:label1\" content=\"Est. reading time\" \/>\n\t<meta name=\"twitter:data1\" content=\"2 minutes\" \/>\n<script type=\"application\/ld+json\" class=\"yoast-schema-graph\">{\"@context\":\"https:\\\/\\\/schema.org\",\"@graph\":[{\"@type\":\"WebPage\",\"@id\":\"https:\\\/\\\/www.davidpurves.com\\\/en\\\/collections\\\/shop-demos\\\/robe-de-mariee-rosalie\\\/\",\"url\":\"https:\\\/\\\/www.davidpurves.com\\\/en\\\/collections\\\/shop-demos\\\/robe-de-mariee-rosalie\\\/\",\"name\":\"Robe de mari\u00e9e fluide - Robe Rosalie d\u00e9collet\u00e9 en V et dos nu\",\"isPartOf\":{\"@id\":\"https:\\\/\\\/www.davidpurves.com\\\/en\\\/#website\"},\"primaryImageOfPage\":{\"@id\":\"https:\\\/\\\/www.davidpurves.com\\\/en\\\/collections\\\/shop-demos\\\/robe-de-mariee-rosalie\\\/#primaryimage\"},\"image\":{\"@id\":\"https:\\\/\\\/www.davidpurves.com\\\/en\\\/collections\\\/shop-demos\\\/robe-de-mariee-rosalie\\\/#primaryimage\"},\"thumbnailUrl\":\"https:\\\/\\\/i0.wp.com\\\/www.davidpurves.com\\\/wp-content\\\/uploads\\\/2023\\\/07\\\/robe-de-mariee-sur-mesure-fluide-decollete-v-rosalie-1.png?fit=1080%2C1358&ssl=1\",\"datePublished\":\"2023-07-11T11:08:40+00:00\",\"dateModified\":\"2025-09-16T11:04:47+00:00\",\"description\":\"La robe de mari\u00e9e fluide Rosalie : une silhouette \u00e9pur\u00e9e et f\u00e9minine, confectionn\u00e9e en cr\u00eape de soie, avec un d\u00e9collet\u00e9 renversant\",\"breadcrumb\":{\"@id\":\"https:\\\/\\\/www.davidpurves.com\\\/en\\\/collections\\\/shop-demos\\\/robe-de-mariee-rosalie\\\/#breadcrumb\"},\"inLanguage\":\"en-US\",\"potentialAction\":[{\"@type\":\"ReadAction\",\"target\":[\"https:\\\/\\\/www.davidpurves.com\\\/en\\\/collections\\\/shop-demos\\\/robe-de-mariee-rosalie\\\/\"]}]},{\"@type\":\"ImageObject\",\"inLanguage\":\"en-US\",\"@id\":\"https:\\\/\\\/www.davidpurves.com\\\/en\\\/collections\\\/shop-demos\\\/robe-de-mariee-rosalie\\\/#primaryimage\",\"url\":\"https:\\\/\\\/i0.wp.com\\\/www.davidpurves.com\\\/wp-content\\\/uploads\\\/2023\\\/07\\\/robe-de-mariee-sur-mesure-fluide-decollete-v-rosalie-1.png?fit=1080%2C1358&ssl=1\",\"contentUrl\":\"https:\\\/\\\/i0.wp.com\\\/www.davidpurves.com\\\/wp-content\\\/uploads\\\/2023\\\/07\\\/robe-de-mariee-sur-mesure-fluide-decollete-v-rosalie-1.png?fit=1080%2C1358&ssl=1\",\"width\":1080,\"height\":1358,\"caption\":\"Robe de mari\u00e9e fluide longue en cr\u00eape de soie, d\u00e9collet\u00e9 en V, photographi\u00e9e sur un mannequin stockman de face\"},{\"@type\":\"BreadcrumbList\",\"@id\":\"https:\\\/\\\/www.davidpurves.com\\\/en\\\/collections\\\/shop-demos\\\/robe-de-mariee-rosalie\\\/#breadcrumb\",\"itemListElement\":[{\"@type\":\"ListItem\",\"position\":1,\"name\":\"Accueil\",\"item\":\"https:\\\/\\\/www.davidpurves.com\\\/en\\\/\"},{\"@type\":\"ListItem\",\"position\":2,\"name\":\"Wedding dresses\",\"item\":\"https:\\\/\\\/www.davidpurves.com\\\/en\\\/collections\\\/\"},{\"@type\":\"ListItem\",\"position\":3,\"name\":\"Collection Les Classiques\",\"item\":\"https:\\\/\\\/www.davidpurves.com\\\/en\\\/collections\\\/shop-demos\\\/\"},{\"@type\":\"ListItem\",\"position\":4,\"name\":\"Robe de mari\u00e9e Rosalie\"}]},{\"@type\":\"WebSite\",\"@id\":\"https:\\\/\\\/www.davidpurves.com\\\/en\\\/#website\",\"url\":\"https:\\\/\\\/www.davidpurves.com\\\/en\\\/\",\"name\":\"David Purves - Cr\u00e9ateur de robe de mari\u00e9e sur mesure Paris\",\"description\":\"\",\"publisher\":{\"@id\":\"https:\\\/\\\/www.davidpurves.com\\\/en\\\/#organization\"},\"potentialAction\":[{\"@type\":\"SearchAction\",\"target\":{\"@type\":\"EntryPoint\",\"urlTemplate\":\"https:\\\/\\\/www.davidpurves.com\\\/en\\\/?s={search_term_string}\"},\"query-input\":{\"@type\":\"PropertyValueSpecification\",\"valueRequired\":true,\"valueName\":\"search_term_string\"}}],\"inLanguage\":\"en-US\"},{\"@type\":\"Organization\",\"@id\":\"https:\\\/\\\/www.davidpurves.com\\\/en\\\/#organization\",\"name\":\"David Purves - Cr\u00e9ateur de robe de mari\u00e9e sur mesure Paris\",\"url\":\"https:\\\/\\\/www.davidpurves.com\\\/en\\\/\",\"logo\":{\"@type\":\"ImageObject\",\"inLanguage\":\"en-US\",\"@id\":\"https:\\\/\\\/www.davidpurves.com\\\/en\\\/#\\\/schema\\\/logo\\\/image\\\/\",\"url\":\"https:\\\/\\\/i0.wp.com\\\/www.davidpurves.com\\\/wp-content\\\/uploads\\\/2023\\\/06\\\/Header_2.png?fit=480%2C99&ssl=1\",\"contentUrl\":\"https:\\\/\\\/i0.wp.com\\\/www.davidpurves.com\\\/wp-content\\\/uploads\\\/2023\\\/06\\\/Header_2.png?fit=480%2C99&ssl=1\",\"width\":480,\"height\":99,\"caption\":\"David Purves - Cr\u00e9ateur de robe de mari\u00e9e sur mesure Paris\"},\"image\":{\"@id\":\"https:\\\/\\\/www.davidpurves.com\\\/en\\\/#\\\/schema\\\/logo\\\/image\\\/\"},\"sameAs\":[\"https:\\\/\\\/www.facebook.com\\\/david.purves.524\\\/\",\"https:\\\/\\\/www.instagram.com\\\/david_purves\\\/?hl=fr\"]}]}<\/script>\n<!-- \/ Yoast SEO plugin. -->","yoast_head_json":{"title":"Robe de mari\u00e9e fluide - Robe Rosalie d\u00e9collet\u00e9 en V et dos nu","description":"La robe de mari\u00e9e fluide Rosalie : une silhouette \u00e9pur\u00e9e et f\u00e9minine, confectionn\u00e9e en cr\u00eape de soie, avec un d\u00e9collet\u00e9 renversant","robots":{"index":"index","follow":"follow","max-snippet":"max-snippet:-1","max-image-preview":"max-image-preview:large","max-video-preview":"max-video-preview:-1"},"canonical":"https:\/\/www.davidpurves.com\/en\/collections\/shop-demos\/robe-de-mariee-rosalie\/","og_locale":"en_US","og_type":"article","og_title":"Robe de mari\u00e9e fluide - Robe Rosalie d\u00e9collet\u00e9 en V et dos nu","og_description":"La robe de mari\u00e9e fluide Rosalie : une silhouette \u00e9pur\u00e9e et f\u00e9minine, confectionn\u00e9e en cr\u00eape de soie, avec un d\u00e9collet\u00e9 renversant","og_url":"https:\/\/www.davidpurves.com\/en\/collections\/shop-demos\/robe-de-mariee-rosalie\/","og_site_name":"David Purves - Cr\u00e9ateur de robe de mari\u00e9e sur mesure Paris","article_publisher":"https:\/\/www.facebook.com\/david.purves.524\/","article_modified_time":"2025-09-16T11:04:47+00:00","og_image":[{"width":636,"height":800,"url":"https:\/\/www.davidpurves.com\/wp-content\/uploads\/2023\/07\/robe-de-mariee-rosalie-1-636x800.png","type":"image\/png"}],"twitter_card":"summary_large_image","twitter_misc":{"Est. reading time":"2 minutes"},"schema":{"@context":"https:\/\/schema.org","@graph":[{"@type":"WebPage","@id":"https:\/\/www.davidpurves.com\/en\/collections\/shop-demos\/robe-de-mariee-rosalie\/","url":"https:\/\/www.davidpurves.com\/en\/collections\/shop-demos\/robe-de-mariee-rosalie\/","name":"Robe de mari\u00e9e fluide - Robe Rosalie d\u00e9collet\u00e9 en V et dos nu","isPartOf":{"@id":"https:\/\/www.davidpurves.com\/en\/#website"},"primaryImageOfPage":{"@id":"https:\/\/www.davidpurves.com\/en\/collections\/shop-demos\/robe-de-mariee-rosalie\/#primaryimage"},"image":{"@id":"https:\/\/www.davidpurves.com\/en\/collections\/shop-demos\/robe-de-mariee-rosalie\/#primaryimage"},"thumbnailUrl":"https:\/\/i0.wp.com\/www.davidpurves.com\/wp-content\/uploads\/2023\/07\/robe-de-mariee-sur-mesure-fluide-decollete-v-rosalie-1.png?fit=1080%2C1358&ssl=1","datePublished":"2023-07-11T11:08:40+00:00","dateModified":"2025-09-16T11:04:47+00:00","description":"La robe de mari\u00e9e fluide Rosalie : une silhouette \u00e9pur\u00e9e et f\u00e9minine, confectionn\u00e9e en cr\u00eape de soie, avec un d\u00e9collet\u00e9 renversant","breadcrumb":{"@id":"https:\/\/www.davidpurves.com\/en\/collections\/shop-demos\/robe-de-mariee-rosalie\/#breadcrumb"},"inLanguage":"en-US","potentialAction":[{"@type":"ReadAction","target":["https:\/\/www.davidpurves.com\/en\/collections\/shop-demos\/robe-de-mariee-rosalie\/"]}]},{"@type":"ImageObject","inLanguage":"en-US","@id":"https:\/\/www.davidpurves.com\/en\/collections\/shop-demos\/robe-de-mariee-rosalie\/#primaryimage","url":"https:\/\/i0.wp.com\/www.davidpurves.com\/wp-content\/uploads\/2023\/07\/robe-de-mariee-sur-mesure-fluide-decollete-v-rosalie-1.png?fit=1080%2C1358&ssl=1","contentUrl":"https:\/\/i0.wp.com\/www.davidpurves.com\/wp-content\/uploads\/2023\/07\/robe-de-mariee-sur-mesure-fluide-decollete-v-rosalie-1.png?fit=1080%2C1358&ssl=1","width":1080,"height":1358,"caption":"Robe de mari\u00e9e fluide longue en cr\u00eape de soie, d\u00e9collet\u00e9 en V, photographi\u00e9e sur un mannequin stockman de face"},{"@type":"BreadcrumbList","@id":"https:\/\/www.davidpurves.com\/en\/collections\/shop-demos\/robe-de-mariee-rosalie\/#breadcrumb","itemListElement":[{"@type":"ListItem","position":1,"name":"Accueil","item":"https:\/\/www.davidpurves.com\/en\/"},{"@type":"ListItem","position":2,"name":"Wedding dresses","item":"https:\/\/www.davidpurves.com\/en\/collections\/"},{"@type":"ListItem","position":3,"name":"Collection Les Classiques","item":"https:\/\/www.davidpurves.com\/en\/collections\/shop-demos\/"},{"@type":"ListItem","position":4,"name":"Robe de mari\u00e9e Rosalie"}]},{"@type":"WebSite","@id":"https:\/\/www.davidpurves.com\/en\/#website","url":"https:\/\/www.davidpurves.com\/en\/","name":"David Purves - Cr\u00e9ateur de robe de mari\u00e9e sur mesure Paris","description":"","publisher":{"@id":"https:\/\/www.davidpurves.com\/en\/#organization"},"potentialAction":[{"@type":"SearchAction","target":{"@type":"EntryPoint","urlTemplate":"https:\/\/www.davidpurves.com\/en\/?s={search_term_string}"},"query-input":{"@type":"PropertyValueSpecification","valueRequired":true,"valueName":"search_term_string"}}],"inLanguage":"en-US"},{"@type":"Organization","@id":"https:\/\/www.davidpurves.com\/en\/#organization","name":"David Purves - Cr\u00e9ateur de robe de mari\u00e9e sur mesure Paris","url":"https:\/\/www.davidpurves.com\/en\/","logo":{"@type":"ImageObject","inLanguage":"en-US","@id":"https:\/\/www.davidpurves.com\/en\/#\/schema\/logo\/image\/","url":"https:\/\/i0.wp.com\/www.davidpurves.com\/wp-content\/uploads\/2023\/06\/Header_2.png?fit=480%2C99&ssl=1","contentUrl":"https:\/\/i0.wp.com\/www.davidpurves.com\/wp-content\/uploads\/2023\/06\/Header_2.png?fit=480%2C99&ssl=1","width":480,"height":99,"caption":"David Purves - Cr\u00e9ateur de robe de mari\u00e9e sur mesure Paris"},"image":{"@id":"https:\/\/www.davidpurves.com\/en\/#\/schema\/logo\/image\/"},"sameAs":["https:\/\/www.facebook.com\/david.purves.524\/","https:\/\/www.instagram.com\/david_purves\/?hl=fr"]}]}},"jetpack_sharing_enabled":true,"_links":{"self":[{"href":"https:\/\/www.davidpurves.com\/en\/wp-json\/wp\/v2\/pages\/4469","targetHints":{"allow":["GET"]}}],"collection":[{"href":"https:\/\/www.davidpurves.com\/en\/wp-json\/wp\/v2\/pages"}],"about":[{"href":"https:\/\/www.davidpurves.com\/en\/wp-json\/wp\/v2\/types\/page"}],"author":[{"embeddable":true,"href":"https:\/\/www.davidpurves.com\/en\/wp-json\/wp\/v2\/users\/2"}],"replies":[{"embeddable":true,"href":"https:\/\/www.davidpurves.com\/en\/wp-json\/wp\/v2\/comments?post=4469"}],"version-history":[{"count":6,"href":"https:\/\/www.davidpurves.com\/en\/wp-json\/wp\/v2\/pages\/4469\/revisions"}],"predecessor-version":[{"id":8453,"href":"https:\/\/www.davidpurves.com\/en\/wp-json\/wp\/v2\/pages\/4469\/revisions\/8453"}],"up":[{"embeddable":true,"href":"https:\/\/www.davidpurves.com\/en\/wp-json\/wp\/v2\/pages\/4452"}],"wp:featuredmedia":[{"embeddable":true,"href":"https:\/\/www.davidpurves.com\/en\/wp-json\/wp\/v2\/media\/2059"}],"wp:attachment":[{"href":"https:\/\/www.davidpurves.com\/en\/wp-json\/wp\/v2\/media?parent=4469"}],"curies":[{"name":"wp","href":"https:\/\/api.w.org\/{rel}","templated":true}]}}