{"id":4450,"date":"2015-11-17T20:15:56","date_gmt":"2015-11-17T19:15:56","guid":{"rendered":"https:\/\/www.davidpurves.com\/collections\/"},"modified":"2025-10-24T12:00:43","modified_gmt":"2025-10-24T10:00:43","slug":"collections","status":"publish","type":"page","link":"https:\/\/www.davidpurves.com\/en\/collections\/","title":{"rendered":"Wedding dresses"},"content":{"rendered":"\n\t<div id=\"gap-1282368903\" class=\"gap-element clearfix\" style=\"display:block; height:auto;\">\n\t\t\n<style>\n#gap-1282368903 {\n  padding-top: 30px;\n}\n<\/style>\n\t<\/div>\n\t\n\n<div class=\"container section-title-container\" ><h1 class=\"section-title section-title-center\"><b aria-hidden=\"true\"><\/b><span class=\"section-title-main\" >Wedding dress collections<\/span><b aria-hidden=\"true\"><\/b><\/h1><\/div>\n\n<div class=\"row\"  id=\"row-1211631322\">\n\n\n\t<div id=\"col-277555417\" class=\"col medium-6 small-6 large-6\"  >\n\t\t\t\t<div class=\"col-inner\"  >\n\t\t\t\n\t\t\t\n\n\t<div class=\"img has-hover x md-x lg-x y md-y lg-y\" id=\"image_149648778\">\n\t\t<a class=\"\" href=\"https:\/\/www.davidpurves.com\/en\/collections\/shop-demos\/\" >\t\t\t\t\t\t<div class=\"img-inner dark\" >\n\t\t\t<img loading=\"lazy\" decoding=\"async\" width=\"600\" height=\"800\" src=\"https:\/\/i0.wp.com\/www.davidpurves.com\/wp-content\/uploads\/2023\/09\/robe-de-mariee-sur-mesure-paris-rosalie-1.jpeg?fit=600%2C800&amp;ssl=1\" class=\"attachment-large size-large\" alt=\"Robe de mari\u00e9e sur mesure fluide longue en cr\u00eape de soie, d\u00e9collet\u00e9 en V, photographi\u00e9e sur un mannequin stockman de face\" \/>\t\t\t\t\t\t\n\t\t\t\t\t<\/div>\n\t\t\t\t\t\t<\/a>\t\t\n<style>\n#image_149648778 {\n  width: 100%;\n}\n<\/style>\n\t<\/div>\n\t\n\n<a href=\"https:\/\/www.davidpurves.com\/en\/collections\/shop-demos\/\" class=\"button primary is-link\" >\n\t\t<span>The Classics<\/span>\n\t<\/a>\n\n\n\n\t\t<\/div>\n\t\t\t\t\t<\/div>\n\n\t\n\n\t<div id=\"col-658894584\" class=\"col medium-6 small-6 large-6\"  >\n\t\t\t\t<div class=\"col-inner\"  >\n\t\t\t\n\t\t\t\n\n\t<div class=\"img has-hover x md-x lg-x y md-y lg-y\" id=\"image_1724316633\">\n\t\t<a class=\"\" href=\"https:\/\/www.davidpurves.com\/en\/collections\/collection-bliss\/\" >\t\t\t\t\t\t<div class=\"img-inner dark\" >\n\t\t\t<img loading=\"lazy\" decoding=\"async\" width=\"600\" height=\"800\" src=\"https:\/\/i0.wp.com\/www.davidpurves.com\/wp-content\/uploads\/2023\/09\/robe-de-mariee-paris-albertine-1-scaled.jpg?fit=600%2C800&amp;ssl=1\" class=\"attachment-large size-large\" alt=\"\" srcset=\"https:\/\/i0.wp.com\/www.davidpurves.com\/wp-content\/uploads\/2023\/09\/robe-de-mariee-paris-albertine-1-scaled.jpg?w=1920&amp;ssl=1 1920w, https:\/\/i0.wp.com\/www.davidpurves.com\/wp-content\/uploads\/2023\/09\/robe-de-mariee-paris-albertine-1-scaled.jpg?resize=300%2C400&amp;ssl=1 300w, https:\/\/i0.wp.com\/www.davidpurves.com\/wp-content\/uploads\/2023\/09\/robe-de-mariee-paris-albertine-1-scaled.jpg?resize=600%2C800&amp;ssl=1 600w, https:\/\/i0.wp.com\/www.davidpurves.com\/wp-content\/uploads\/2023\/09\/robe-de-mariee-paris-albertine-1-scaled.jpg?resize=768%2C1024&amp;ssl=1 768w, https:\/\/i0.wp.com\/www.davidpurves.com\/wp-content\/uploads\/2023\/09\/robe-de-mariee-paris-albertine-1-scaled.jpg?resize=1152%2C1536&amp;ssl=1 1152w, https:\/\/i0.wp.com\/www.davidpurves.com\/wp-content\/uploads\/2023\/09\/robe-de-mariee-paris-albertine-1-scaled.jpg?resize=1536%2C2048&amp;ssl=1 1536w\" sizes=\"auto, (max-width: 600px) 100vw, 600px\" \/>\t\t\t\t\t\t\n\t\t\t\t\t<\/div>\n\t\t\t\t\t\t<\/a>\t\t\n<style>\n#image_1724316633 {\n  width: 100%;\n}\n<\/style>\n\t<\/div>\n\t\n\n<a href=\"https:\/\/www.davidpurves.com\/en\/collections\/collection-bliss\/\" class=\"button primary is-link\" >\n\t\t<span>Collection Bliss<\/span>\n\t<\/a>\n\n\n\n\t\t<\/div>\n\t\t\t\t\t<\/div>\n\n\t\n\n<\/div>\n<div class=\"row\"  id=\"row-1504678335\">\n\n\n\t<div id=\"col-1014444960\" class=\"col medium-6 small-6 large-6\"  >\n\t\t\t\t<div class=\"col-inner\"  >\n\t\t\t\n\t\t\t\n\n\t<div class=\"img has-hover x md-x lg-x y md-y lg-y\" id=\"image_2042498841\">\n\t\t<a class=\"\" href=\"https:\/\/www.davidpurves.com\/en\/collection-tournelle\/\" >\t\t\t\t\t\t<div class=\"img-inner dark\" >\n\t\t\t<img loading=\"lazy\" decoding=\"async\" width=\"600\" height=\"800\" src=\"https:\/\/i0.wp.com\/www.davidpurves.com\/wp-content\/uploads\/2023\/09\/robe-de-mariee-paris-marianne-2-scaled.jpg?fit=600%2C800&amp;ssl=1\" class=\"attachment-large size-large\" alt=\"\" srcset=\"https:\/\/i0.wp.com\/www.davidpurves.com\/wp-content\/uploads\/2023\/09\/robe-de-mariee-paris-marianne-2-scaled.jpg?w=1920&amp;ssl=1 1920w, https:\/\/i0.wp.com\/www.davidpurves.com\/wp-content\/uploads\/2023\/09\/robe-de-mariee-paris-marianne-2-scaled.jpg?resize=300%2C400&amp;ssl=1 300w, https:\/\/i0.wp.com\/www.davidpurves.com\/wp-content\/uploads\/2023\/09\/robe-de-mariee-paris-marianne-2-scaled.jpg?resize=600%2C800&amp;ssl=1 600w, https:\/\/i0.wp.com\/www.davidpurves.com\/wp-content\/uploads\/2023\/09\/robe-de-mariee-paris-marianne-2-scaled.jpg?resize=768%2C1024&amp;ssl=1 768w, https:\/\/i0.wp.com\/www.davidpurves.com\/wp-content\/uploads\/2023\/09\/robe-de-mariee-paris-marianne-2-scaled.jpg?resize=1152%2C1536&amp;ssl=1 1152w, https:\/\/i0.wp.com\/www.davidpurves.com\/wp-content\/uploads\/2023\/09\/robe-de-mariee-paris-marianne-2-scaled.jpg?resize=1536%2C2048&amp;ssl=1 1536w\" sizes=\"auto, (max-width: 600px) 100vw, 600px\" \/>\t\t\t\t\t\t\n\t\t\t\t\t<\/div>\n\t\t\t\t\t\t<\/a>\t\t\n<style>\n#image_2042498841 {\n  width: 100%;\n}\n<\/style>\n\t<\/div>\n\t\n\n<a href=\"https:\/\/www.davidpurves.com\/en\/collection-tournelle\/\" class=\"button primary is-link\" >\n\t\t<span>Collection Tournelle<\/span>\n\t<\/a>\n\n\n\n\t\t<\/div>\n\t\t\t\t\t<\/div>\n\n\t\n\n\t<div id=\"col-1952470096\" class=\"col medium-6 small-6 large-6\"  >\n\t\t\t\t<div class=\"col-inner\"  >\n\t\t\t\n\t\t\t\n\n\t<div class=\"img has-hover x md-x lg-x y md-y lg-y\" id=\"image_1409081973\">\n\t\t<a class=\"\" href=\"https:\/\/www.davidpurves.com\/en\/collection-goldie\/\" >\t\t\t\t\t\t<div class=\"img-inner dark\" >\n\t\t\t<img loading=\"lazy\" decoding=\"async\" width=\"600\" height=\"800\" src=\"https:\/\/i0.wp.com\/www.davidpurves.com\/wp-content\/uploads\/2023\/09\/robe-de-mariee-col-bateau-proust-1-scaled.jpg?fit=600%2C800&amp;ssl=1\" class=\"attachment-large size-large\" alt=\"\" \/>\t\t\t\t\t\t\n\t\t\t\t\t<\/div>\n\t\t\t\t\t\t<\/a>\t\t\n<style>\n#image_1409081973 {\n  width: 100%;\n}\n<\/style>\n\t<\/div>\n\t\n\n<a href=\"https:\/\/www.davidpurves.com\/en\/collection-goldie\/\" class=\"button primary is-link\" >\n\t\t<span>Collection Goldie<\/span>\n\t<\/a>\n\n\n\n\t\t<\/div>\n\t\t\t\t\t<\/div>\n\n\t\n\n<\/div>\n<div class=\"row\"  id=\"row-1831690689\">\n\n\n\t<div id=\"col-746805841\" class=\"col medium-6 small-6 large-6\"  >\n\t\t\t\t<div class=\"col-inner\"  >\n\t\t\t\n\t\t\t\n\n\t<div class=\"img has-hover x md-x lg-x y md-y lg-y\" id=\"image_690628730\">\n\t\t<a class=\"\" href=\"https:\/\/www.davidpurves.com\/en\/collection-family\/\" >\t\t\t\t\t\t<div class=\"img-inner dark\" >\n\t\t\t<img loading=\"lazy\" decoding=\"async\" width=\"600\" height=\"800\" src=\"https:\/\/i0.wp.com\/www.davidpurves.com\/wp-content\/uploads\/2023\/09\/robe-de-mariee-col-bateau-paris-joan-1-scaled.jpg?fit=600%2C800&amp;ssl=1\" class=\"attachment-large size-large\" alt=\"\" \/>\t\t\t\t\t\t\n\t\t\t\t\t<\/div>\n\t\t\t\t\t\t<\/a>\t\t\n<style>\n#image_690628730 {\n  width: 100%;\n}\n<\/style>\n\t<\/div>\n\t\n\n<a href=\"https:\/\/www.davidpurves.com\/en\/collection-family\/\" class=\"button primary is-link\" >\n\t\t<span>Collection Family<\/span>\n\t<\/a>\n\n\n\n\t\t<\/div>\n\t\t\t\t\t<\/div>\n\n\t\n\n\t<div id=\"col-280439086\" class=\"col medium-6 small-6 large-6\"  >\n\t\t\t\t<div class=\"col-inner\"  >\n\t\t\t\n\t\t\t\n\n\t<div class=\"img has-hover x md-x lg-x y md-y lg-y\" id=\"image_14535606\">\n\t\t<a class=\"\" href=\"https:\/\/www.davidpurves.com\/en\/collection-time-machine\/\" >\t\t\t\t\t\t<div class=\"img-inner dark\" >\n\t\t\t<img loading=\"lazy\" decoding=\"async\" width=\"533\" height=\"711\" src=\"https:\/\/i0.wp.com\/www.davidpurves.com\/wp-content\/uploads\/2023\/09\/robe-de-mariee-dentelle-paris-raspail-3.jpg?fit=533%2C711&amp;ssl=1\" class=\"attachment-large size-large\" alt=\"\" \/>\t\t\t\t\t\t\n\t\t\t\t\t<\/div>\n\t\t\t\t\t\t<\/a>\t\t\n<style>\n#image_14535606 {\n  width: 100%;\n}\n<\/style>\n\t<\/div>\n\t\n\n<a href=\"https:\/\/www.davidpurves.com\/en\/collection-time-machine\/\" class=\"button primary is-link\" >\n\t\t<span>Collection Time Machine<\/span>\n\t<\/a>\n\n\n\n\t\t<\/div>\n\t\t\t\t\t<\/div>\n\n\t\n\n<\/div>\n<div class=\"row\"  id=\"row-186587461\">\n\n\n\t<div id=\"col-2138163277\" class=\"col small-12 large-12\"  >\n\t\t\t\t<div class=\"col-inner\"  >\n\t\t\t\n\t\t\t\n\n<p data-pm-slice=\"1 1 &#091;&#093;\">The David Purves fashion house showcases the excellence of French craftsmanship and tailoring expertise. Awarded the Entreprise du Patrimoine Vivant (Living Heritage Company) label, our house designs and creates each wedding dress in our Parisian workshop under the expert guidance of David Purves. From the initial sketch to the hand-stitched finishing touches, each step is carefully considered to guarantee exceptional quality.  <\/p>\n<h2>Bespoke wedding dresses<\/h2>\n<p>Each bespoke wedding dress is designed especially for the bride-to-be, in line with her wishes and personality. We carefully select exceptional fabrics to create a unique and refined outfit. Our dresses can be fully customised: the cut, style, length, materials and embellishments are adjusted according to the bride&#8217;s preferences. When you choose a bespoke David Purves dress, you benefit from a personalised service worthy of haute couture.   <\/p>\n<h2>Made in France and exceptional craftsmanship<\/h2>\n<p>Choosing a David Purves wedding dress means choosing French craftsmanship that combines authenticity and ethical commitment. All our dresses are designed and made in our Parisian workshop using carefully selected raw materials, most of which are sourced in France. Each creation reflects the dynamism and expertise of the local textile industry, while supporting French craftsmanship and traditional techniques.  <\/p>\n<h2>Luxurious fabrics for an exceptional dress<\/h2>\n<p>Our wedding dresses are made from fine fabrics, guaranteeing elegance and comfort:<\/p>\n<ul data-spread=\"false\">\n<li>\n<p><strong>Silk<\/strong>: softness and fluidity for an airy look.<\/p>\n<\/li>\n<li>\n<p><strong>Satin<\/strong>: refined sheen and silky feel.<\/p>\n<\/li>\n<li>\n<p><strong>Mousseline<\/strong>: lightness and transparency for delicate effects.<\/p>\n<\/li>\n<li>\n<p><strong>Lace<\/strong>: timeless romance and sophistication.<\/p>\n<\/li>\n<li>\n<p><strong>Tulle<\/strong>: delicacy and volume for a magical silhouette.<\/p>\n<\/li>\n<li>\n<p><strong>Crepe<\/strong>: fluid and elegant texture for a structured dress.<\/p>\n<\/li>\n<\/ul>\n<p>In addition, our designs can be embellished with embroidery, pearls and other hand-sewn details, enhancing the uniqueness of each dress. The precision of the cut and finish ensures an exceptional fit for your big day. <\/p>\n<h2>Bespoke wedding accessories<\/h2>\n<p>Our artisans also handcraft wedding accessories to enhance every outfit. Tulle veils, gold earrings, felt headpieces and other retro-chic pieces are made in our Parisian workshop. For shoes and knitwear, we collaborate with trusted partners who share our high standards of quality and aesthetics.  <\/p>\n<h2>Discover our styles of wedding dresses<\/h2>\n<p>Our salon offers a variety of styles to suit every bride:<\/p>\n<ul data-spread=\"false\">\n<li>\n<p>A <strong>boho<\/strong>, vintage, simple or flowing wedding dress for a natural look.<\/p>\n<\/li>\n<li>\n<p><strong>Strapless, sheath or empire wedding dress<\/strong> for an elegant and structured silhouette.<\/p>\n<\/li>\n<li>\n<p><strong>Long-sleeved wedding dress in lace or satin<\/strong> for a touch of sophistication.<\/p>\n<\/li>\n<li>\n<p><strong>Short, asymmetrical or backless wedding dresses<\/strong> for a modern and daring look.<\/p>\n<\/li>\n<\/ul>\n<p>Each David Purves wedding dress is designed to flatter the figure and accompany every woman through one of the most precious moments of her life. Discover our collections and find the perfect wedding dress for your big day. <\/p>\n\n\t\t<\/div>\n\t\t\t\t\t<\/div>\n\n\t\n\n<\/div>\n\n","protected":false},"excerpt":{"rendered":"","protected":false},"author":1,"featured_media":0,"parent":0,"menu_order":0,"comment_status":"closed","ping_status":"closed","template":"page-blank.php","meta":{"footnotes":""},"class_list":["post-4450","page","type-page","status-publish","hentry"],"yoast_head":"<!-- This site is optimized with the Yoast SEO plugin v27.5 - https:\/\/yoast.com\/product\/yoast-seo-wordpress\/ -->\n<title>Wedding dresses Paris<\/title>\n<meta name=\"description\" content=\"Discover our collections of wedding dresses, made in Paris from the finest fabrics by the David Purves fashion house.\" \/>\n<meta name=\"robots\" content=\"index, follow, max-snippet:-1, max-image-preview:large, max-video-preview:-1\" \/>\n<link rel=\"canonical\" href=\"https:\/\/www.davidpurves.com\/en\/collections\/\" \/>\n<meta property=\"og:locale\" content=\"en_US\" \/>\n<meta property=\"og:type\" content=\"article\" \/>\n<meta property=\"og:title\" content=\"Wedding dresses Paris\" \/>\n<meta property=\"og:description\" content=\"Discover our collections of wedding dresses, made in Paris from the finest fabrics by the David Purves fashion house.\" \/>\n<meta property=\"og:url\" content=\"https:\/\/www.davidpurves.com\/en\/collections\/\" \/>\n<meta property=\"og:site_name\" content=\"David Purves - Cr\u00e9ateur de robe de mari\u00e9e sur mesure Paris\" \/>\n<meta property=\"article:publisher\" content=\"https:\/\/www.facebook.com\/david.purves.524\/\" \/>\n<meta property=\"article:modified_time\" content=\"2025-10-24T10:00:43+00:00\" \/>\n<meta name=\"twitter:card\" content=\"summary_large_image\" \/>\n<meta name=\"twitter:label1\" content=\"Est. reading time\" \/>\n\t<meta name=\"twitter:data1\" content=\"3 minutes\" \/>\n<script type=\"application\/ld+json\" class=\"yoast-schema-graph\">{\"@context\":\"https:\\\/\\\/schema.org\",\"@graph\":[{\"@type\":\"WebPage\",\"@id\":\"https:\\\/\\\/www.davidpurves.com\\\/en\\\/collections\\\/\",\"url\":\"https:\\\/\\\/www.davidpurves.com\\\/en\\\/collections\\\/\",\"name\":\"Wedding dresses Paris\",\"isPartOf\":{\"@id\":\"https:\\\/\\\/www.davidpurves.com\\\/en\\\/#website\"},\"datePublished\":\"2015-11-17T19:15:56+00:00\",\"dateModified\":\"2025-10-24T10:00:43+00:00\",\"description\":\"Discover our collections of wedding dresses, made in Paris from the finest fabrics by the David Purves fashion house.\",\"breadcrumb\":{\"@id\":\"https:\\\/\\\/www.davidpurves.com\\\/en\\\/collections\\\/#breadcrumb\"},\"inLanguage\":\"en-US\",\"potentialAction\":[{\"@type\":\"ReadAction\",\"target\":[\"https:\\\/\\\/www.davidpurves.com\\\/en\\\/collections\\\/\"]}]},{\"@type\":\"BreadcrumbList\",\"@id\":\"https:\\\/\\\/www.davidpurves.com\\\/en\\\/collections\\\/#breadcrumb\",\"itemListElement\":[{\"@type\":\"ListItem\",\"position\":1,\"name\":\"Accueil\",\"item\":\"https:\\\/\\\/www.davidpurves.com\\\/en\\\/\"},{\"@type\":\"ListItem\",\"position\":2,\"name\":\"Wedding dresses\"}]},{\"@type\":\"WebSite\",\"@id\":\"https:\\\/\\\/www.davidpurves.com\\\/en\\\/#website\",\"url\":\"https:\\\/\\\/www.davidpurves.com\\\/en\\\/\",\"name\":\"David Purves - Cr\u00e9ateur de robe de mari\u00e9e sur mesure Paris\",\"description\":\"\",\"publisher\":{\"@id\":\"https:\\\/\\\/www.davidpurves.com\\\/en\\\/#organization\"},\"potentialAction\":[{\"@type\":\"SearchAction\",\"target\":{\"@type\":\"EntryPoint\",\"urlTemplate\":\"https:\\\/\\\/www.davidpurves.com\\\/en\\\/?s={search_term_string}\"},\"query-input\":{\"@type\":\"PropertyValueSpecification\",\"valueRequired\":true,\"valueName\":\"search_term_string\"}}],\"inLanguage\":\"en-US\"},{\"@type\":\"Organization\",\"@id\":\"https:\\\/\\\/www.davidpurves.com\\\/en\\\/#organization\",\"name\":\"David Purves - Cr\u00e9ateur de robe de mari\u00e9e sur mesure Paris\",\"url\":\"https:\\\/\\\/www.davidpurves.com\\\/en\\\/\",\"logo\":{\"@type\":\"ImageObject\",\"inLanguage\":\"en-US\",\"@id\":\"https:\\\/\\\/www.davidpurves.com\\\/en\\\/#\\\/schema\\\/logo\\\/image\\\/\",\"url\":\"https:\\\/\\\/i0.wp.com\\\/www.davidpurves.com\\\/wp-content\\\/uploads\\\/2023\\\/06\\\/Header_2.png?fit=480%2C99&ssl=1\",\"contentUrl\":\"https:\\\/\\\/i0.wp.com\\\/www.davidpurves.com\\\/wp-content\\\/uploads\\\/2023\\\/06\\\/Header_2.png?fit=480%2C99&ssl=1\",\"width\":480,\"height\":99,\"caption\":\"David Purves - Cr\u00e9ateur de robe de mari\u00e9e sur mesure Paris\"},\"image\":{\"@id\":\"https:\\\/\\\/www.davidpurves.com\\\/en\\\/#\\\/schema\\\/logo\\\/image\\\/\"},\"sameAs\":[\"https:\\\/\\\/www.facebook.com\\\/david.purves.524\\\/\",\"https:\\\/\\\/www.instagram.com\\\/david_purves\\\/?hl=fr\"]}]}<\/script>\n<!-- \/ Yoast SEO plugin. -->","yoast_head_json":{"title":"Wedding dresses Paris","description":"Discover our collections of wedding dresses, made in Paris from the finest fabrics by the David Purves fashion house.","robots":{"index":"index","follow":"follow","max-snippet":"max-snippet:-1","max-image-preview":"max-image-preview:large","max-video-preview":"max-video-preview:-1"},"canonical":"https:\/\/www.davidpurves.com\/en\/collections\/","og_locale":"en_US","og_type":"article","og_title":"Wedding dresses Paris","og_description":"Discover our collections of wedding dresses, made in Paris from the finest fabrics by the David Purves fashion house.","og_url":"https:\/\/www.davidpurves.com\/en\/collections\/","og_site_name":"David Purves - Cr\u00e9ateur de robe de mari\u00e9e sur mesure Paris","article_publisher":"https:\/\/www.facebook.com\/david.purves.524\/","article_modified_time":"2025-10-24T10:00:43+00:00","twitter_card":"summary_large_image","twitter_misc":{"Est. reading time":"3 minutes"},"schema":{"@context":"https:\/\/schema.org","@graph":[{"@type":"WebPage","@id":"https:\/\/www.davidpurves.com\/en\/collections\/","url":"https:\/\/www.davidpurves.com\/en\/collections\/","name":"Wedding dresses Paris","isPartOf":{"@id":"https:\/\/www.davidpurves.com\/en\/#website"},"datePublished":"2015-11-17T19:15:56+00:00","dateModified":"2025-10-24T10:00:43+00:00","description":"Discover our collections of wedding dresses, made in Paris from the finest fabrics by the David Purves fashion house.","breadcrumb":{"@id":"https:\/\/www.davidpurves.com\/en\/collections\/#breadcrumb"},"inLanguage":"en-US","potentialAction":[{"@type":"ReadAction","target":["https:\/\/www.davidpurves.com\/en\/collections\/"]}]},{"@type":"BreadcrumbList","@id":"https:\/\/www.davidpurves.com\/en\/collections\/#breadcrumb","itemListElement":[{"@type":"ListItem","position":1,"name":"Accueil","item":"https:\/\/www.davidpurves.com\/en\/"},{"@type":"ListItem","position":2,"name":"Wedding dresses"}]},{"@type":"WebSite","@id":"https:\/\/www.davidpurves.com\/en\/#website","url":"https:\/\/www.davidpurves.com\/en\/","name":"David Purves - Cr\u00e9ateur de robe de mari\u00e9e sur mesure Paris","description":"","publisher":{"@id":"https:\/\/www.davidpurves.com\/en\/#organization"},"potentialAction":[{"@type":"SearchAction","target":{"@type":"EntryPoint","urlTemplate":"https:\/\/www.davidpurves.com\/en\/?s={search_term_string}"},"query-input":{"@type":"PropertyValueSpecification","valueRequired":true,"valueName":"search_term_string"}}],"inLanguage":"en-US"},{"@type":"Organization","@id":"https:\/\/www.davidpurves.com\/en\/#organization","name":"David Purves - Cr\u00e9ateur de robe de mari\u00e9e sur mesure Paris","url":"https:\/\/www.davidpurves.com\/en\/","logo":{"@type":"ImageObject","inLanguage":"en-US","@id":"https:\/\/www.davidpurves.com\/en\/#\/schema\/logo\/image\/","url":"https:\/\/i0.wp.com\/www.davidpurves.com\/wp-content\/uploads\/2023\/06\/Header_2.png?fit=480%2C99&ssl=1","contentUrl":"https:\/\/i0.wp.com\/www.davidpurves.com\/wp-content\/uploads\/2023\/06\/Header_2.png?fit=480%2C99&ssl=1","width":480,"height":99,"caption":"David Purves - Cr\u00e9ateur de robe de mari\u00e9e sur mesure Paris"},"image":{"@id":"https:\/\/www.davidpurves.com\/en\/#\/schema\/logo\/image\/"},"sameAs":["https:\/\/www.facebook.com\/david.purves.524\/","https:\/\/www.instagram.com\/david_purves\/?hl=fr"]}]}},"jetpack_sharing_enabled":true,"_links":{"self":[{"href":"https:\/\/www.davidpurves.com\/en\/wp-json\/wp\/v2\/pages\/4450","targetHints":{"allow":["GET"]}}],"collection":[{"href":"https:\/\/www.davidpurves.com\/en\/wp-json\/wp\/v2\/pages"}],"about":[{"href":"https:\/\/www.davidpurves.com\/en\/wp-json\/wp\/v2\/types\/page"}],"author":[{"embeddable":true,"href":"https:\/\/www.davidpurves.com\/en\/wp-json\/wp\/v2\/users\/1"}],"replies":[{"embeddable":true,"href":"https:\/\/www.davidpurves.com\/en\/wp-json\/wp\/v2\/comments?post=4450"}],"version-history":[{"count":19,"href":"https:\/\/www.davidpurves.com\/en\/wp-json\/wp\/v2\/pages\/4450\/revisions"}],"predecessor-version":[{"id":11635,"href":"https:\/\/www.davidpurves.com\/en\/wp-json\/wp\/v2\/pages\/4450\/revisions\/11635"}],"wp:attachment":[{"href":"https:\/\/www.davidpurves.com\/en\/wp-json\/wp\/v2\/media?parent=4450"}],"curies":[{"name":"wp","href":"https:\/\/api.w.org\/{rel}","templated":true}]}}